{"id":30137,"date":"2025-02-20T22:30:42","date_gmt":"2025-02-20T22:30:42","guid":{"rendered":"http:\/\/olemosaic.com\/producto\/bol-de-coco-marron-salamandra-tenerife\/"},"modified":"2025-07-25T19:19:45","modified_gmt":"2025-07-25T17:19:45","slug":"taca-de-coco-castanha-salamandra-tenerife","status":"publish","type":"product","link":"https:\/\/olemosaic.com\/pt-pt\/produto\/taca-de-coco-castanha-salamandra-tenerife\/","title":{"rendered":"Ta\u00e7a de coco castanha. Salamandra. Tenerife."},"content":{"rendered":"<p>Esta ta\u00e7a de coco castanha \u00e9 uma recorda\u00e7\u00e3o elegante e distintiva de Tenerife que encapsula a ess\u00eancia da fauna can\u00e1ria. Elaborada com aut\u00eantica casca de coco, apresenta um acabamento brilhante em tons dourados que refletem o calor e o esplendor da ilha. O seu design intrincado, com um padr\u00e3o texturizado, n\u00e3o \u00e9 apenas visualmente atraente, mas tamb\u00e9m evoca o ambiente natural de Tenerife. No centro da ta\u00e7a, destaca-se a palavra &#8220;TENERIFE&#8221;, impressa de forma clara, acrescentando um toque pessoal e aut\u00eantico a esta pe\u00e7a \u00fanica.<\/p>\n<p>A ilustra\u00e7\u00e3o da salamandra, um s\u00edmbolo representativo da fauna local, real\u00e7a a rica biodiversidade do arquip\u00e9lago can\u00e1rio e liga esta recorda\u00e7\u00e3o \u00e0 cultura e ao patrim\u00f3nio natural da regi\u00e3o. Esta ta\u00e7a n\u00e3o \u00e9 apenas perfeita para decora\u00e7\u00e3o, mas tamb\u00e9m como pe\u00e7a de cole\u00e7\u00e3o, ideal para aqueles que procuram levar um peda\u00e7o de Tenerife para casa.<\/p>\n<p>Na Ol\u00e9 Mosaic, somos distribuidores de souvenirs por grosso e esta ta\u00e7a de coco castanha \u00e9 uma excelente op\u00e7\u00e3o para lojas de presentes tur\u00edsticos que procuram produtos aut\u00eanticos e significativos. O seu design exclusivo e a sua relev\u00e2ncia cultural tornam-na uma recorda\u00e7\u00e3o perfeita para os visitantes da ilha que desejam recordar a sua experi\u00eancia em Tenerife.<\/p>\n","protected":false},"excerpt":{"rendered":"<p>Ta\u00e7a de coco castanha, decorada com um elegante design de salamandra que representa a fauna de Tenerife. Esta distintiva ta\u00e7a, elaborada com casca de coco, apresenta um acabamento brilhante em tons dourados e um intrincado padr\u00e3o de textura que reflete o calor da ilha. A palavra &#8220;TENERIFE&#8221; destaca-se no centro, acrescentando um toque pessoal que a torna uma recorda\u00e7\u00e3o ideal. Perfeita para decora\u00e7\u00e3o ou como pe\u00e7a de cole\u00e7\u00e3o.<\/p>\n","protected":false},"featured_media":10126,"template":"","meta":{"_acf_changed":false},"product_brand":[],"product_cat":[513],"product_tag":[516],"class_list":{"0":"post-30137","1":"product","2":"type-product","3":"status-publish","4":"has-post-thumbnail","6":"product_cat-bols","7":"product_tag-animais","8":"pa_ciudad-tenerife","9":"pa_motivo-salamandras","10":"pa_pais-espana","12":"first","13":"instock","14":"shipping-taxable","15":"product-type-simple"},"acf":[],"_links":{"self":[{"href":"https:\/\/olemosaic.com\/pt-pt\/wp-json\/wp\/v2\/product\/30137","targetHints":{"allow":["GET"]}}],"collection":[{"href":"https:\/\/olemosaic.com\/pt-pt\/wp-json\/wp\/v2\/product"}],"about":[{"href":"https:\/\/olemosaic.com\/pt-pt\/wp-json\/wp\/v2\/types\/product"}],"wp:featuredmedia":[{"embeddable":true,"href":"https:\/\/olemosaic.com\/pt-pt\/wp-json\/wp\/v2\/media\/10126"}],"wp:attachment":[{"href":"https:\/\/olemosaic.com\/pt-pt\/wp-json\/wp\/v2\/media?parent=30137"}],"wp:term":[{"taxonomy":"product_brand","embeddable":true,"href":"https:\/\/olemosaic.com\/pt-pt\/wp-json\/wp\/v2\/product_brand?post=30137"},{"taxonomy":"product_cat","embeddable":true,"href":"https:\/\/olemosaic.com\/pt-pt\/wp-json\/wp\/v2\/product_cat?post=30137"},{"taxonomy":"product_tag","embeddable":true,"href":"https:\/\/olemosaic.com\/pt-pt\/wp-json\/wp\/v2\/product_tag?post=30137"}],"curies":[{"name":"wp","href":"https:\/\/api.w.org\/{rel}","templated":true}]}}