{"id":30136,"date":"2025-02-20T23:30:42","date_gmt":"2025-02-20T22:30:42","guid":{"rendered":"http:\/\/olemosaic.com\/producto\/bol-de-coco-marron-caballito-de-mar-barcelona-2\/"},"modified":"2025-07-25T19:21:46","modified_gmt":"2025-07-25T17:21:46","slug":"taca-de-coco-castanha-cavalo-marinho-barcelona-2","status":"publish","type":"product","link":"https:\/\/olemosaic.com\/pt-pt\/produto\/taca-de-coco-castanha-cavalo-marinho-barcelona-2\/","title":{"rendered":"Ta\u00e7a de coco castanha. Cavalo-marinho. Barcelona. Estilo r\u00fastico."},"content":{"rendered":"<p>Esta ta\u00e7a de coco castanha \u00e9 uma recorda\u00e7\u00e3o emblem\u00e1tica de Barcelona que funde a artesania tradicional com um toque moderno e art\u00edstico. O seu design encantador mostra um cavalo-marinho, s\u00edmbolo da beleza marinha que banha a Cidade Condal. O acabamento elegante da ta\u00e7a, com uma textura que imita as formas naturais do coco, confere uma sensa\u00e7\u00e3o org\u00e2nica e aut\u00eantica a esta pe\u00e7a decorativa. A grava\u00e7\u00e3o dourada do nome &#8220;Barcelona&#8221; cria um contraste visual impactante sobre o fundo castanho, real\u00e7ando a sofistica\u00e7\u00e3o e o cuidado nos detalhes. Esta ta\u00e7a n\u00e3o \u00e9 apenas um objeto decorativo, mas tamb\u00e9m uma preciosa recorda\u00e7\u00e3o da rica cultura mediterr\u00e2nea. A liga\u00e7\u00e3o com Barcelona manifesta-se n\u00e3o s\u00f3 no seu design, mas tamb\u00e9m na simbiose entre a arte e a natureza que define a cidade. Os turistas que procuram recorda\u00e7\u00f5es aut\u00eanticas encontrar\u00e3o nesta ta\u00e7a de coco uma excelente op\u00e7\u00e3o para levar um peda\u00e7o da ess\u00eancia de Barcelona. Na Ol\u00e9 Mosaic, como distribuidores de recorda\u00e7\u00f5es por grosso, oferecemos produtos que representam a diversidade cultural e o estilo \u00fanico de cada regi\u00e3o de Espanha, tornando esta ta\u00e7a uma op\u00e7\u00e3o ideal para lojas de presentes tur\u00edsticos que desejem oferecer artigos de qualidade e relev\u00e2ncia.<\/p>\n","protected":false},"excerpt":{"rendered":"<p>Ta\u00e7a de coco castanha com um design encantador de cavalo-marinho, inspirado na ess\u00eancia de Barcelona. Este atraente souvenir apresenta um acabamento elegante com motivos decorativos que imitam texturas naturais. A pe\u00e7a destaca-se pela sua grava\u00e7\u00e3o dourada que real\u00e7a o nome &#8220;Barcelona&#8221;, criando um contraste visual impactante sobre o fundo castanho do coco. Ideal para adicionar um toque art\u00edstico e cultural a qualquer espa\u00e7o.<\/p>\n","protected":false},"featured_media":10142,"template":"","meta":{"_acf_changed":false},"product_brand":[],"product_cat":[513],"product_tag":[516],"class_list":{"0":"post-30136","1":"product","2":"type-product","3":"status-publish","4":"has-post-thumbnail","6":"product_cat-bols","7":"product_tag-animais","8":"pa_ciudad-barcelona","9":"pa_motivo-cavalos-marinhos","10":"pa_pais-espana","12":"first","13":"instock","14":"shipping-taxable","15":"product-type-simple"},"acf":[],"_links":{"self":[{"href":"https:\/\/olemosaic.com\/pt-pt\/wp-json\/wp\/v2\/product\/30136","targetHints":{"allow":["GET"]}}],"collection":[{"href":"https:\/\/olemosaic.com\/pt-pt\/wp-json\/wp\/v2\/product"}],"about":[{"href":"https:\/\/olemosaic.com\/pt-pt\/wp-json\/wp\/v2\/types\/product"}],"wp:featuredmedia":[{"embeddable":true,"href":"https:\/\/olemosaic.com\/pt-pt\/wp-json\/wp\/v2\/media\/10142"}],"wp:attachment":[{"href":"https:\/\/olemosaic.com\/pt-pt\/wp-json\/wp\/v2\/media?parent=30136"}],"wp:term":[{"taxonomy":"product_brand","embeddable":true,"href":"https:\/\/olemosaic.com\/pt-pt\/wp-json\/wp\/v2\/product_brand?post=30136"},{"taxonomy":"product_cat","embeddable":true,"href":"https:\/\/olemosaic.com\/pt-pt\/wp-json\/wp\/v2\/product_cat?post=30136"},{"taxonomy":"product_tag","embeddable":true,"href":"https:\/\/olemosaic.com\/pt-pt\/wp-json\/wp\/v2\/product_tag?post=30136"}],"curies":[{"name":"wp","href":"https:\/\/api.w.org\/{rel}","templated":true}]}}