{"id":30118,"date":"2025-02-20T22:30:42","date_gmt":"2025-02-20T22:30:42","guid":{"rendered":"http:\/\/olemosaic.com\/producto\/bol-de-coco-marron-sagrada-familia-barcelona\/"},"modified":"2025-07-25T18:52:16","modified_gmt":"2025-07-25T16:52:16","slug":"taca-de-coco-castanha-sagrada-familia-barcelona","status":"publish","type":"product","link":"https:\/\/olemosaic.com\/pt-pt\/produto\/taca-de-coco-castanha-sagrada-familia-barcelona\/","title":{"rendered":"Ta\u00e7a de coco castanha. Sagrada Fam\u00edlia. Barcelona."},"content":{"rendered":"<p>Esta ta\u00e7a de coco castanha \u00e9 um acess\u00f3rio decorativo que funde a eleg\u00e2ncia artesanal com a ic\u00f3nica arquitetura da Sagrada Fam\u00edlia de Barcelona. Fabricada \u00e0 m\u00e3o, o seu exterior robusto contrasta na perfei\u00e7\u00e3o com o luxuoso interior dourado, que apresenta uma textura \u00fanica, capaz de refletir a luz de forma espetacular. O design cuidadosamente elaborado da ta\u00e7a inclui no centro uma grava\u00e7\u00e3o da majestosa bas\u00edlica, acompanhada pelo nome &#8220;Barcelona&#8221;, o que a torna uma aut\u00eantica recorda\u00e7\u00e3o que capta a ess\u00eancia desta vibrante cidade.<\/p>\n<p>A ta\u00e7a n\u00e3o \u00e9 apenas funcional, mas tamb\u00e9m serve como uma pe\u00e7a decorativa que acrescenta um toque chic a qualquer ambiente, seja em casa, numa loja ou num hotel. A Sagrada Fam\u00edlia, obra-prima do arquiteto Antoni Gaud\u00ed, simboliza a rica heran\u00e7a cultural de Barcelona, e esta ta\u00e7a \u00e9 um lembrete tang\u00edvel da sua magia e singularidade. Ideal como presente ou recorda\u00e7\u00e3o, esta recorda\u00e7\u00e3o transcende o mero objeto decorativo, tornando-se um v\u00ednculo com a cultura catal\u00e3.<\/p>\n<p>Na Ol\u00e9 Mosaic, especializamo-nos na distribui\u00e7\u00e3o por grosso de recorda\u00e7\u00f5es aut\u00eanticas e representativas. Esta ta\u00e7a de coco n\u00e3o s\u00f3 se destaca pelo seu design atraente, como tamb\u00e9m \u00e9 uma excelente op\u00e7\u00e3o para lojas de presentes tur\u00edsticos que procuram oferecer aos seus clientes produtos de qualidade que reflitam a ess\u00eancia de Barcelona. Como grossistas de recorda\u00e7\u00f5es, garantimos a autenticidade e a tradi\u00e7\u00e3o em cada pe\u00e7a.<\/p>\n","protected":false},"excerpt":{"rendered":"<p>Ta\u00e7a de coco castanha com um design elegante inspirado na Sagrada Fam\u00edlia de Barcelona. Este acess\u00f3rio decorativo, elaborado artesanalmente, destaca-se pelo seu interior dourado com uma textura \u00fanica que reflete a luz. No centro, uma grava\u00e7\u00e3o da ic\u00f3nica bas\u00edlica \u00e9 acompanhada pelo nome &#8220;Barcelona&#8221;. Uma bela recorda\u00e7\u00e3o que capta a ess\u00eancia da cidade e acrescenta um toque chic a qualquer espa\u00e7o.<\/p>\n","protected":false},"featured_media":13412,"template":"","meta":{"_acf_changed":false},"product_brand":[],"product_cat":[513],"product_tag":[],"class_list":{"0":"post-30118","1":"product","2":"type-product","3":"status-publish","4":"has-post-thumbnail","6":"product_cat-bols","7":"pa_ciudad-barcelona","8":"pa_motivo-sagrada-familia","9":"pa_pais-espana","11":"first","12":"instock","13":"shipping-taxable","14":"product-type-simple"},"acf":[],"_links":{"self":[{"href":"https:\/\/olemosaic.com\/pt-pt\/wp-json\/wp\/v2\/product\/30118","targetHints":{"allow":["GET"]}}],"collection":[{"href":"https:\/\/olemosaic.com\/pt-pt\/wp-json\/wp\/v2\/product"}],"about":[{"href":"https:\/\/olemosaic.com\/pt-pt\/wp-json\/wp\/v2\/types\/product"}],"wp:featuredmedia":[{"embeddable":true,"href":"https:\/\/olemosaic.com\/pt-pt\/wp-json\/wp\/v2\/media\/13412"}],"wp:attachment":[{"href":"https:\/\/olemosaic.com\/pt-pt\/wp-json\/wp\/v2\/media?parent=30118"}],"wp:term":[{"taxonomy":"product_brand","embeddable":true,"href":"https:\/\/olemosaic.com\/pt-pt\/wp-json\/wp\/v2\/product_brand?post=30118"},{"taxonomy":"product_cat","embeddable":true,"href":"https:\/\/olemosaic.com\/pt-pt\/wp-json\/wp\/v2\/product_cat?post=30118"},{"taxonomy":"product_tag","embeddable":true,"href":"https:\/\/olemosaic.com\/pt-pt\/wp-json\/wp\/v2\/product_tag?post=30118"}],"curies":[{"name":"wp","href":"https:\/\/api.w.org\/{rel}","templated":true}]}}