{"id":30117,"date":"2025-02-20T23:30:42","date_gmt":"2025-02-20T22:30:42","guid":{"rendered":"http:\/\/olemosaic.com\/producto\/bol-de-coco-marron-caballito-de-mar-2\/"},"modified":"2025-07-25T20:11:06","modified_gmt":"2025-07-25T18:11:06","slug":"taca-de-coco-castanha-cavalo-marinho-2","status":"publish","type":"product","link":"https:\/\/olemosaic.com\/pt-pt\/produto\/taca-de-coco-castanha-cavalo-marinho-2\/","title":{"rendered":"Ta\u00e7a de coco castanha. Cavalo-marinho. Estilo r\u00fastico."},"content":{"rendered":"<p>Esta ta\u00e7a de coco castanha decorada \u00e9 uma pe\u00e7a \u00fanica que capta a ess\u00eancia do ambiente marinho, ideal para quem procura uma recorda\u00e7\u00e3o aut\u00eantica e representativa da cultura costeira. O seu design destaca-se por um delicado mosaico em tons bege e castanho que imita as suaves ondas do oceano, criando um efeito visual que evoca a tranquilidade da praia. No centro da ta\u00e7a, encontra-se esculpido um encantador cavalo-marinho, s\u00edmbolo da vida marinha, que confere um toque distintivo e artesanal a esta pe\u00e7a decorativa. O contraste entre a textura natural do coco e os acabamentos do mosaico real\u00e7a a sua est\u00e9tica, tornando-o um artigo tanto funcional como decorativo. Perfeito para servir aperitivos ou como elemento decorativo em qualquer casa, esta ta\u00e7a destaca a rica tradi\u00e7\u00e3o artesanal da regi\u00e3o costeira espanhola. Na Ol\u00e9 Mosaic, especializamo-nos na distribui\u00e7\u00e3o de recorda\u00e7\u00f5es por grosso, e esta ta\u00e7a de coco \u00e9 uma excelente op\u00e7\u00e3o para lojas de presentes tur\u00edsticos que procuram produtos aut\u00eanticos e de qualidade. Esta recorda\u00e7\u00e3o n\u00e3o s\u00f3 adorna qualquer espa\u00e7o, como tamb\u00e9m conta uma hist\u00f3ria rica em cultura e tradi\u00e7\u00e3o, sendo o presente perfeito para quem aprecia o aut\u00eantico.<\/p>\n","protected":false},"excerpt":{"rendered":"<p>Ta\u00e7a de coco castanha decorada com um delicado mosaico em tons bege e castanho, que evoca a beleza do ambiente marinho. No centro, destaca-se um cavalo-marinho esculpido, um detalhe distintivo neste artigo. Perfeito como elemento decorativo ou para servir aperitivos, esta ta\u00e7a combina a riqueza natural do coco com um design artesanal. Ideal para quem procura uma pe\u00e7a \u00fanica e representativa da cultura costeira.<\/p>\n","protected":false},"featured_media":10286,"template":"","meta":{"_acf_changed":false},"product_brand":[],"product_cat":[513],"product_tag":[516],"class_list":{"0":"post-30117","1":"product","2":"type-product","3":"status-publish","4":"has-post-thumbnail","6":"product_cat-bols","7":"product_tag-animais","8":"pa_motivo-cavalos-marinhos","10":"first","11":"instock","12":"shipping-taxable","13":"product-type-simple"},"acf":[],"_links":{"self":[{"href":"https:\/\/olemosaic.com\/pt-pt\/wp-json\/wp\/v2\/product\/30117","targetHints":{"allow":["GET"]}}],"collection":[{"href":"https:\/\/olemosaic.com\/pt-pt\/wp-json\/wp\/v2\/product"}],"about":[{"href":"https:\/\/olemosaic.com\/pt-pt\/wp-json\/wp\/v2\/types\/product"}],"wp:featuredmedia":[{"embeddable":true,"href":"https:\/\/olemosaic.com\/pt-pt\/wp-json\/wp\/v2\/media\/10286"}],"wp:attachment":[{"href":"https:\/\/olemosaic.com\/pt-pt\/wp-json\/wp\/v2\/media?parent=30117"}],"wp:term":[{"taxonomy":"product_brand","embeddable":true,"href":"https:\/\/olemosaic.com\/pt-pt\/wp-json\/wp\/v2\/product_brand?post=30117"},{"taxonomy":"product_cat","embeddable":true,"href":"https:\/\/olemosaic.com\/pt-pt\/wp-json\/wp\/v2\/product_cat?post=30117"},{"taxonomy":"product_tag","embeddable":true,"href":"https:\/\/olemosaic.com\/pt-pt\/wp-json\/wp\/v2\/product_tag?post=30117"}],"curies":[{"name":"wp","href":"https:\/\/api.w.org\/{rel}","templated":true}]}}