{"id":30077,"date":"2025-02-20T23:30:41","date_gmt":"2025-02-20T22:30:41","guid":{"rendered":"http:\/\/olemosaic.com\/producto\/bol-de-coco-marron-tortuga-gran-canaria-2\/"},"modified":"2025-07-25T19:42:05","modified_gmt":"2025-07-25T17:42:05","slug":"taca-de-coco-castanha-tartaruga-gran-canaria-2","status":"publish","type":"product","link":"https:\/\/olemosaic.com\/pt-pt\/produto\/taca-de-coco-castanha-tartaruga-gran-canaria-2\/","title":{"rendered":"Ta\u00e7a de coco castanha. Tartaruga. Gran Canaria. Estilo r\u00fastico."},"content":{"rendered":"<p>Esta ta\u00e7a de coco castanha decorada com uma tartaruga \u00e9 uma requintada amostra da arte artesanal de Gran Canaria, que capta a ess\u00eancia da rica cultura can\u00e1ria. O seu design intrincado, com tons castanhos profundos e detalhes dourados, simula com delicadeza a carapa\u00e7a de uma tartaruga, um s\u00edmbolo significativo na tradi\u00e7\u00e3o da ilha que evoca a liga\u00e7\u00e3o com a natureza e a vida marinha.<\/p>\n<p>No centro da ta\u00e7a destaca-se a inscri\u00e7\u00e3o &#8220;Gran Canaria&#8221;, um selo distintivo que refor\u00e7a a sua autenticidade como recorda\u00e7\u00e3o representativa da ilha. A superf\u00edcie da ta\u00e7a apresenta um padr\u00e3o elegante, criando uma textura visualmente atraente que convida \u00e0 admira\u00e7\u00e3o. Gra\u00e7as \u00e0 sua versatilidade, esta ta\u00e7a n\u00e3o \u00e9 apenas ideal como objeto decorativo, mas tamb\u00e9m pode ser utilizada funcionalmente, acrescentando um toque \u00fanico a qualquer casa.<\/p>\n<p>Esta recorda\u00e7\u00e3o \u00e9 uma excelente op\u00e7\u00e3o para os turistas que desejam levar um peda\u00e7o da cultura can\u00e1ria, refletindo a beleza natural e a riqueza artesanal de Gran Canaria. Na Ol\u00e9 Mosaic, somos distribuidores de souvenirs por grosso, oferecendo produtos aut\u00eanticos que celebram as tradi\u00e7\u00f5es locais. Esta ta\u00e7a de coco castanha \u00e9 uma escolha perfeita para lojas de presentes tur\u00edsticos que procuram oferecer recorda\u00e7\u00f5es aut\u00eanticas e de qualidade das Ilhas Can\u00e1rias.<\/p>\n","protected":false},"excerpt":{"rendered":"<p>Ta\u00e7a de coco castanha decorada com uma tartaruga, um exemplo do estilo artesanal de Gran Canaria. Esta elegante ta\u00e7a apresenta um design intrincado com cores castanhas e detalhes dourados que simulam a carapa\u00e7a da tartaruga. No centro, a inscri\u00e7\u00e3o &#8220;Gran Canaria&#8221; acrescenta um toque distintivo e representativo da ilha. Ideal tanto para decora\u00e7\u00e3o como para uso funcional, \u00e9 uma recorda\u00e7\u00e3o perfeita que reflete a beleza cultural das Ilhas Can\u00e1rias.<\/p>\n","protected":false},"featured_media":10162,"template":"","meta":{"_acf_changed":false},"product_brand":[],"product_cat":[513],"product_tag":[516],"class_list":{"0":"post-30077","1":"product","2":"type-product","3":"status-publish","4":"has-post-thumbnail","6":"product_cat-bols","7":"product_tag-animais","8":"pa_ciudad-gran-canaria","9":"pa_motivo-tartarugas","10":"pa_pais-espana","12":"first","13":"instock","14":"shipping-taxable","15":"product-type-simple"},"acf":[],"_links":{"self":[{"href":"https:\/\/olemosaic.com\/pt-pt\/wp-json\/wp\/v2\/product\/30077","targetHints":{"allow":["GET"]}}],"collection":[{"href":"https:\/\/olemosaic.com\/pt-pt\/wp-json\/wp\/v2\/product"}],"about":[{"href":"https:\/\/olemosaic.com\/pt-pt\/wp-json\/wp\/v2\/types\/product"}],"wp:featuredmedia":[{"embeddable":true,"href":"https:\/\/olemosaic.com\/pt-pt\/wp-json\/wp\/v2\/media\/10162"}],"wp:attachment":[{"href":"https:\/\/olemosaic.com\/pt-pt\/wp-json\/wp\/v2\/media?parent=30077"}],"wp:term":[{"taxonomy":"product_brand","embeddable":true,"href":"https:\/\/olemosaic.com\/pt-pt\/wp-json\/wp\/v2\/product_brand?post=30077"},{"taxonomy":"product_cat","embeddable":true,"href":"https:\/\/olemosaic.com\/pt-pt\/wp-json\/wp\/v2\/product_cat?post=30077"},{"taxonomy":"product_tag","embeddable":true,"href":"https:\/\/olemosaic.com\/pt-pt\/wp-json\/wp\/v2\/product_tag?post=30077"}],"curies":[{"name":"wp","href":"https:\/\/api.w.org\/{rel}","templated":true}]}}