{"id":30074,"date":"2025-02-20T23:30:40","date_gmt":"2025-02-20T22:30:40","guid":{"rendered":"http:\/\/olemosaic.com\/producto\/bol-de-coco-marron-caballito-de-mar-gran-canaria\/"},"modified":"2025-07-25T20:22:21","modified_gmt":"2025-07-25T18:22:21","slug":"taca-de-coco-castanha-cavalo-marinho-gran-canaria","status":"publish","type":"product","link":"https:\/\/olemosaic.com\/pt-pt\/produto\/taca-de-coco-castanha-cavalo-marinho-gran-canaria\/","title":{"rendered":"Ta\u00e7a de coco castanha. Cavalo-marinho. Gran Canaria."},"content":{"rendered":"<p>Esta ta\u00e7a de coco castanha, decorada com um mosaico requintado que ilustra dois cavalos-marinhos, representa a riqueza cultural de Gran Canaria. De design artesanal, este aut\u00eantico souvenir captura a ess\u00eancia do oceano que rodeia as ilhas, mostrando uma simbiose perfeita entre a natureza e o artesanato local. Os cavalos-marinhos, que simbolizam a ternura e a beleza, s\u00e3o meticulosamente desenhados com tons dourados e castanhos que brilham suavemente sob a luz, enquanto o mosaico, com as suas iridisc\u00eancias naturais, acrescenta uma dimens\u00e3o art\u00edstica cativante.<\/p>\n<p>O interior da ta\u00e7a \u00e9 adornado com fragmentos que evocam a diversidade da flora marinha can\u00e1ria, gerando um efeito visual que resulta tanto decorativo como evocativo. Ideal como pe\u00e7a de decora\u00e7\u00e3o em qualquer casa, esta ta\u00e7a n\u00e3o \u00e9 apenas funcional, mas tamb\u00e9m atua como uma recorda\u00e7\u00e3o tang\u00edvel da cultura e da paisagem can\u00e1ria. Na Ol\u00e9 Mosaic, especializamo-nos na distribui\u00e7\u00e3o de souvenirs por grosso. Este elegante souvenir de Gran Canaria \u00e9 uma excelente op\u00e7\u00e3o para lojas de presentes tur\u00edsticos que procurem produtos aut\u00eanticos e com significado cultural. Ao incorporar esta ta\u00e7a de coco no seu cat\u00e1logo, oferecer\u00e3o aos seus clientes uma liga\u00e7\u00e3o direta com a beleza das Ilhas Can\u00e1rias, tornando cada compra uma experi\u00eancia memor\u00e1vel.<\/p>\n","protected":false},"excerpt":{"rendered":"<p>Ta\u00e7a de coco castanha decorada com um mosaico que representa dois cavalos-marinhos, um motivo caracter\u00edstico de Gran Canaria. Esta recorda\u00e7\u00e3o original enaltece a cultura can\u00e1ria atrav\u00e9s do seu design elaborado, onde se combinam tons castanhos e dourados num acabamento brilhante. A t\u00e9cnica do mosaico confere-lhe um toque distintivo e artesanal, tornando-a uma pe\u00e7a decorativa ideal para qualquer casa ou como um presente simb\u00f3lico das Ilhas Can\u00e1rias.<\/p>\n","protected":false},"featured_media":10350,"template":"","meta":{"_acf_changed":false},"product_brand":[],"product_cat":[513],"product_tag":[516],"class_list":{"0":"post-30074","1":"product","2":"type-product","3":"status-publish","4":"has-post-thumbnail","6":"product_cat-bols","7":"product_tag-animais","8":"pa_ciudad-gran-canaria","9":"pa_motivo-cavalos-marinhos","10":"pa_pais-espana","12":"first","13":"instock","14":"shipping-taxable","15":"product-type-simple"},"acf":[],"_links":{"self":[{"href":"https:\/\/olemosaic.com\/pt-pt\/wp-json\/wp\/v2\/product\/30074","targetHints":{"allow":["GET"]}}],"collection":[{"href":"https:\/\/olemosaic.com\/pt-pt\/wp-json\/wp\/v2\/product"}],"about":[{"href":"https:\/\/olemosaic.com\/pt-pt\/wp-json\/wp\/v2\/types\/product"}],"wp:featuredmedia":[{"embeddable":true,"href":"https:\/\/olemosaic.com\/pt-pt\/wp-json\/wp\/v2\/media\/10350"}],"wp:attachment":[{"href":"https:\/\/olemosaic.com\/pt-pt\/wp-json\/wp\/v2\/media?parent=30074"}],"wp:term":[{"taxonomy":"product_brand","embeddable":true,"href":"https:\/\/olemosaic.com\/pt-pt\/wp-json\/wp\/v2\/product_brand?post=30074"},{"taxonomy":"product_cat","embeddable":true,"href":"https:\/\/olemosaic.com\/pt-pt\/wp-json\/wp\/v2\/product_cat?post=30074"},{"taxonomy":"product_tag","embeddable":true,"href":"https:\/\/olemosaic.com\/pt-pt\/wp-json\/wp\/v2\/product_tag?post=30074"}],"curies":[{"name":"wp","href":"https:\/\/api.w.org\/{rel}","templated":true}]}}