{"id":30072,"date":"2025-02-20T22:30:40","date_gmt":"2025-02-20T22:30:40","guid":{"rendered":"http:\/\/olemosaic.com\/producto\/bol-de-coco-marron-salamandra-mallorca\/"},"modified":"2025-07-25T20:37:28","modified_gmt":"2025-07-25T18:37:28","slug":"taca-de-coco-castanha-salamandra-maiorca","status":"publish","type":"product","link":"https:\/\/olemosaic.com\/pt-pt\/produto\/taca-de-coco-castanha-salamandra-maiorca\/","title":{"rendered":"Ta\u00e7a de coco castanha. Salamandra. Maiorca."},"content":{"rendered":"<p>Esta ta\u00e7a de coco castanha, decorada com um design elegante de salamandra, \u00e9 um aut\u00eantico s\u00edmbolo da fauna mediterr\u00e2nica de Maiorca. Elaborada com meticulosidade, a sua superf\u00edcie est\u00e1 adornada com conchas em tons suaves de bege e rosa que formam um belo mosaico, no qual a figura da salamandra se destaca no centro, acompanhada pela palavra &#8220;MAIORCA&#8221;, real\u00e7ada com um acabamento claro. Esta ta\u00e7a n\u00e3o \u00e9 apenas visualmente atraente, mas tamb\u00e9m possui uma textura suave e um brilho subtil, o que a torna uma pe\u00e7a \u00fanica, tanto para servir aperitivos como para decorar qualquer casa.<\/p>\n<p>A salamandra, que se encontra comummente no ambiente natural das Ilhas Baleares, simboliza a liga\u00e7\u00e3o com a rica biodiversidade da regi\u00e3o, tornando esta ta\u00e7a uma recorda\u00e7\u00e3o perfeita para quem deseja levar um peda\u00e7o de Maiorca consigo. O seu design reflete a ess\u00eancia da ilha, fundindo o artesanato local com elementos culturais. Esta ta\u00e7a de coco \u00e9 uma excelente op\u00e7\u00e3o para as lojas de presentes tur\u00edsticos que procuram oferecer souvenirs de qualidade, aut\u00eanticos e representativos da cultura maiorquina. Na Ol\u00e9 Mosaic, especializamo-nos na distribui\u00e7\u00e3o de souvenirs por grosso, e esta ta\u00e7a \u00e9 um exemplo claro de artesanato que celebra a beleza e a singularidade das Baleares.<\/p>\n","protected":false},"excerpt":{"rendered":"<p>Ta\u00e7a de coco castanha decorada com um design de salamandra, um elemento representativo da fauna mediterr\u00e2nica de Maiorca. Esta preciosa ta\u00e7a \u00e9 elaborada com conchas de tons suaves que criam um efeito de mosaico, real\u00e7ando a figura da salamandra no centro e a palavra &#8220;MAIORCA&#8221; logo abaixo. O seu acabamento brilhante e os tons quentes das conchas conferem-lhe um toque distintivo e relaxante, ideal para servir aperitivos ou como elemento decorativo em qualquer casa.<\/p>\n","protected":false},"featured_media":10330,"template":"","meta":{"_acf_changed":false},"product_brand":[],"product_cat":[513],"product_tag":[516],"class_list":{"0":"post-30072","1":"product","2":"type-product","3":"status-publish","4":"has-post-thumbnail","6":"product_cat-bols","7":"product_tag-animais","8":"pa_ciudad-mallorca","9":"pa_motivo-salamandras","10":"pa_pais-espana","12":"first","13":"instock","14":"shipping-taxable","15":"product-type-simple"},"acf":[],"_links":{"self":[{"href":"https:\/\/olemosaic.com\/pt-pt\/wp-json\/wp\/v2\/product\/30072","targetHints":{"allow":["GET"]}}],"collection":[{"href":"https:\/\/olemosaic.com\/pt-pt\/wp-json\/wp\/v2\/product"}],"about":[{"href":"https:\/\/olemosaic.com\/pt-pt\/wp-json\/wp\/v2\/types\/product"}],"wp:featuredmedia":[{"embeddable":true,"href":"https:\/\/olemosaic.com\/pt-pt\/wp-json\/wp\/v2\/media\/10330"}],"wp:attachment":[{"href":"https:\/\/olemosaic.com\/pt-pt\/wp-json\/wp\/v2\/media?parent=30072"}],"wp:term":[{"taxonomy":"product_brand","embeddable":true,"href":"https:\/\/olemosaic.com\/pt-pt\/wp-json\/wp\/v2\/product_brand?post=30072"},{"taxonomy":"product_cat","embeddable":true,"href":"https:\/\/olemosaic.com\/pt-pt\/wp-json\/wp\/v2\/product_cat?post=30072"},{"taxonomy":"product_tag","embeddable":true,"href":"https:\/\/olemosaic.com\/pt-pt\/wp-json\/wp\/v2\/product_tag?post=30072"}],"curies":[{"name":"wp","href":"https:\/\/api.w.org\/{rel}","templated":true}]}}