{"id":30066,"date":"2025-02-20T23:30:39","date_gmt":"2025-02-20T22:30:39","guid":{"rendered":"http:\/\/olemosaic.com\/producto\/bol-de-coco-marron-tortuga-barcelona\/"},"modified":"2025-07-25T20:33:10","modified_gmt":"2025-07-25T18:33:10","slug":"taca-de-coco-castanha-tartaruga-barcelona","status":"publish","type":"product","link":"https:\/\/olemosaic.com\/pt-pt\/produto\/taca-de-coco-castanha-tartaruga-barcelona\/","title":{"rendered":"Ta\u00e7a de coco castanha. Tartaruga. Barcelona."},"content":{"rendered":"<p>Esta ta\u00e7a de coco castanha, decorada com um design atraente de tartaruga, \u00e9 uma recorda\u00e7\u00e3o \u00fanica que capta a ess\u00eancia de Barcelona. Fabricada artesanalmente com casca de coco, esta ta\u00e7a combina uma elegante paleta de cores douradas e tons castanhos que criam um efeito visual distintivo. O interior apresenta um padr\u00e3o vibrante pintado \u00e0 m\u00e3o, que acrescenta um toque cultural subtil, evocando a rica biodiversidade e o simbolismo associado \u00e0s tartarugas, que representam a longevidade e a resist\u00eancia.<\/p>\n<p>O design de tartaruga n\u00e3o s\u00f3 acrescenta um elemento decorativo, como tamb\u00e9m real\u00e7a a liga\u00e7\u00e3o de Barcelona com o mar e a natureza. Esta ta\u00e7a \u00e9 perfeita para servir aperitivos ou como pe\u00e7a decorativa em qualquer casa, fundindo o artesanato tradicional com um estilo contempor\u00e2neo que encantar\u00e1 os visitantes da cidade.<\/p>\n<p>Como especialistas na distribui\u00e7\u00e3o de souvenirs por grosso, na Ol\u00e9 Mosaic oferecemos produtos aut\u00eanticos que celebram a cultura local. Esta ta\u00e7a de coco \u00e9 uma excelente op\u00e7\u00e3o para lojas de presentes tur\u00edsticos que procuram souvenirs representativos de Barcelona, destacando-se pela sua qualidade e pelo valor cultural que aporta a qualquer cole\u00e7\u00e3o. Lembre-se que, ao escolher esta ta\u00e7a, est\u00e1 a oferecer aos seus clientes um peda\u00e7o da tradi\u00e7\u00e3o e do encanto catal\u00e3o.<\/p>\n","protected":false},"excerpt":{"rendered":"<p>Ta\u00e7a de coco castanha decorada com um design atraente de tartaruga, que evoca a ess\u00eancia de Barcelona. Fabricada com casca de coco, esta ta\u00e7a apresenta uma combina\u00e7\u00e3o elegante de cores douradas e castanhas, criando um efeito visual distintivo. O interior tem um design artesanal, pintado \u00e0 m\u00e3o, com um padr\u00e3o de cores brilhantes, mostrando um toque cultural subtil. Ideal para servir aperitivos ou como elemento decorativo, esta ta\u00e7a combina o artesanato tradicional com um estilo contempor\u00e2neo.<\/p>\n","protected":false},"featured_media":10166,"template":"","meta":{"_acf_changed":false},"product_brand":[],"product_cat":[513],"product_tag":[516],"class_list":{"0":"post-30066","1":"product","2":"type-product","3":"status-publish","4":"has-post-thumbnail","6":"product_cat-bols","7":"product_tag-animais","8":"pa_ciudad-barcelona","9":"pa_motivo-tartarugas","10":"pa_pais-espana","12":"first","13":"instock","14":"shipping-taxable","15":"product-type-simple"},"acf":[],"_links":{"self":[{"href":"https:\/\/olemosaic.com\/pt-pt\/wp-json\/wp\/v2\/product\/30066","targetHints":{"allow":["GET"]}}],"collection":[{"href":"https:\/\/olemosaic.com\/pt-pt\/wp-json\/wp\/v2\/product"}],"about":[{"href":"https:\/\/olemosaic.com\/pt-pt\/wp-json\/wp\/v2\/types\/product"}],"wp:featuredmedia":[{"embeddable":true,"href":"https:\/\/olemosaic.com\/pt-pt\/wp-json\/wp\/v2\/media\/10166"}],"wp:attachment":[{"href":"https:\/\/olemosaic.com\/pt-pt\/wp-json\/wp\/v2\/media?parent=30066"}],"wp:term":[{"taxonomy":"product_brand","embeddable":true,"href":"https:\/\/olemosaic.com\/pt-pt\/wp-json\/wp\/v2\/product_brand?post=30066"},{"taxonomy":"product_cat","embeddable":true,"href":"https:\/\/olemosaic.com\/pt-pt\/wp-json\/wp\/v2\/product_cat?post=30066"},{"taxonomy":"product_tag","embeddable":true,"href":"https:\/\/olemosaic.com\/pt-pt\/wp-json\/wp\/v2\/product_tag?post=30066"}],"curies":[{"name":"wp","href":"https:\/\/api.w.org\/{rel}","templated":true}]}}