{"id":30065,"date":"2025-02-20T23:30:39","date_gmt":"2025-02-20T22:30:39","guid":{"rendered":"http:\/\/olemosaic.com\/producto\/bol-de-coco-marron-salamandra-barcelona\/"},"modified":"2025-07-25T20:13:12","modified_gmt":"2025-07-25T18:13:12","slug":"taca-de-coco-castanha-salamandra-barcelona","status":"publish","type":"product","link":"https:\/\/olemosaic.com\/pt-pt\/produto\/taca-de-coco-castanha-salamandra-barcelona\/","title":{"rendered":"Ta\u00e7a de coco castanha. Salamandra. Barcelona."},"content":{"rendered":"<p>Esta ta\u00e7a de coco castanha, decorada com salamandras, \u00e9 uma recorda\u00e7\u00e3o elegante que destila a ess\u00eancia de Barcelona. Elaborada artesanalmente, o que lhe confere um car\u00e1cter \u00fanico, apresenta um design de mosaico em tons castanhos e beges que contrasta com o fundo claro. Os seus detalhes gravados mostram tr\u00eas salamandras, um s\u00edmbolo da cultura desta vibrante cidade, e acrescenta um toque distintivo com o texto &#8220;Barcelona&#8221; no centro. A salamandra, um elemento recorrente na arquitetura da cidade, especialmente na obra de Antoni Gaud\u00ed, real\u00e7a a liga\u00e7\u00e3o cultural e art\u00edstica do produto, tornando-o uma recorda\u00e7\u00e3o representativa do legado modernista catal\u00e3o. Ideal para decorar ou como centro de mesa, esta ta\u00e7a combina tradi\u00e7\u00e3o e est\u00e9tica moderna, sendo perfeita para qualquer casa que procure um toque barcelon\u00eas. Na Ol\u00e9 Mosaic, especializamo-nos na distribui\u00e7\u00e3o de recorda\u00e7\u00f5es por grosso, e esta ta\u00e7a de coco castanha \u00e9 uma excelente op\u00e7\u00e3o para lojas de presentes tur\u00edsticos que valorizam a autenticidade e o design cultural. Destaca-se como um souvenir de Barcelona para turistas que desejam levar um peda\u00e7o do seu encanto.<\/p>\n","protected":false},"excerpt":{"rendered":"<p>Ta\u00e7a de coco castanha decorada com motivos de salamandra, que evoca a ess\u00eancia de Barcelona. Esta elegante ta\u00e7a apresenta um design de mosaico em tons castanhos e beges, criando um contraste atraente com o fundo claro. A t\u00e9cnica artesanal utilizada inclui detalhes gravados que ilustram tr\u00eas salamandras, juntamente com o texto &#8220;Barcelona&#8221;, acrescentando um toque cultural distintivo. Ideal para decora\u00e7\u00e3o ou como centro de mesa, esta ta\u00e7a funde tradi\u00e7\u00e3o e est\u00e9tica moderna.<\/p>\n","protected":false},"featured_media":10342,"template":"","meta":{"_acf_changed":false},"product_brand":[],"product_cat":[513],"product_tag":[516],"class_list":{"0":"post-30065","1":"product","2":"type-product","3":"status-publish","4":"has-post-thumbnail","6":"product_cat-bols","7":"product_tag-animais","8":"pa_ciudad-barcelona","9":"pa_motivo-salamandras","10":"pa_pais-espana","12":"first","13":"instock","14":"shipping-taxable","15":"product-type-simple"},"acf":[],"_links":{"self":[{"href":"https:\/\/olemosaic.com\/pt-pt\/wp-json\/wp\/v2\/product\/30065","targetHints":{"allow":["GET"]}}],"collection":[{"href":"https:\/\/olemosaic.com\/pt-pt\/wp-json\/wp\/v2\/product"}],"about":[{"href":"https:\/\/olemosaic.com\/pt-pt\/wp-json\/wp\/v2\/types\/product"}],"wp:featuredmedia":[{"embeddable":true,"href":"https:\/\/olemosaic.com\/pt-pt\/wp-json\/wp\/v2\/media\/10342"}],"wp:attachment":[{"href":"https:\/\/olemosaic.com\/pt-pt\/wp-json\/wp\/v2\/media?parent=30065"}],"wp:term":[{"taxonomy":"product_brand","embeddable":true,"href":"https:\/\/olemosaic.com\/pt-pt\/wp-json\/wp\/v2\/product_brand?post=30065"},{"taxonomy":"product_cat","embeddable":true,"href":"https:\/\/olemosaic.com\/pt-pt\/wp-json\/wp\/v2\/product_cat?post=30065"},{"taxonomy":"product_tag","embeddable":true,"href":"https:\/\/olemosaic.com\/pt-pt\/wp-json\/wp\/v2\/product_tag?post=30065"}],"curies":[{"name":"wp","href":"https:\/\/api.w.org\/{rel}","templated":true}]}}