{"id":30043,"date":"2025-02-20T22:30:39","date_gmt":"2025-02-20T22:30:39","guid":{"rendered":"http:\/\/olemosaic.com\/producto\/bol-de-coco-marron-caballito-de-mar\/"},"modified":"2025-07-25T20:14:43","modified_gmt":"2025-07-25T18:14:43","slug":"taca-de-coco-castanha-cavalo-marinho","status":"publish","type":"product","link":"https:\/\/olemosaic.com\/pt-pt\/produto\/taca-de-coco-castanha-cavalo-marinho\/","title":{"rendered":"Ta\u00e7a de coco castanha. Cavalo-marinho."},"content":{"rendered":"<p>Esta ta\u00e7a de coco castanha, com um requintado design de cavalo-marinho, \u00e9 uma pe\u00e7a artesanal que encarna a beleza e a riqueza do folclore mar\u00edtimo. Fabricada cuidadosamente a partir de uma casca de coco, o seu interior apresenta um belo padr\u00e3o em tons castanhos e dourados que cria um atraente efeito visual, ideal para quem procura uma recorda\u00e7\u00e3o aut\u00eantica e significativa da sua visita \u00e0 costa. No centro da ta\u00e7a, destaca-se um cavalo-marinho pintado com grande detalhe, s\u00edmbolo da vida marinha e da prote\u00e7\u00e3o em muitas culturas mediterr\u00e2nicas. Este elegante motivo est\u00e1 rodeado por um fundo com padr\u00f5es org\u00e2nicos que evocam as ondas e a flora do litoral, acrescentando um toque art\u00edstico e natural \u00e0 pe\u00e7a.<\/p>\n<p>Esta ta\u00e7a n\u00e3o \u00e9 apenas ideal para servir aperitivos, mas tamb\u00e9m pode ser utilizada como elemento decorativo, acrescentando um ar r\u00fastico e chique a qualquer espa\u00e7o. O seu design \u00fanico torna-a o souvenir perfeito para turistas que desejam levar um peda\u00e7o aut\u00eantico do patrim\u00f3nio costeiro espanhol. Na Ol\u00e9 Mosaic, como distribuidores de souvenirs por grosso, oferecemos produtos que celebram a cultura e as tradi\u00e7\u00f5es locais. Esta ta\u00e7a de coco representa uma excelente op\u00e7\u00e3o para lojas de presentes tur\u00edsticos que procuram artigos aut\u00eanticos e memor\u00e1veis que realcem a liga\u00e7\u00e3o entre os visitantes e a sua experi\u00eancia na costa.<\/p>\n","protected":false},"excerpt":{"rendered":"<p>Ta\u00e7a de coco castanha com um delicado design de cavalo-marinho. Esta elegante ta\u00e7a apresenta uma superf\u00edcie em tons castanhos e dourados, criando um efeito visual atraente. O cavalo-marinho, pintado com detalhe, destaca-se no centro, rodeado por um fundo com padr\u00f5es org\u00e2nicos. Fabricada em coco, \u00e9 uma pe\u00e7a perfeita tanto para decora\u00e7\u00e3o como para servir aperitivos, evocando a beleza do litoral e o folclore mar\u00edtimo.<\/p>\n","protected":false},"featured_media":10075,"template":"","meta":{"_acf_changed":false},"product_brand":[],"product_cat":[513],"product_tag":[516],"class_list":{"0":"post-30043","1":"product","2":"type-product","3":"status-publish","4":"has-post-thumbnail","6":"product_cat-bols","7":"product_tag-animais","8":"pa_motivo-cavalos-marinhos","10":"first","11":"instock","12":"shipping-taxable","13":"product-type-simple"},"acf":[],"_links":{"self":[{"href":"https:\/\/olemosaic.com\/pt-pt\/wp-json\/wp\/v2\/product\/30043","targetHints":{"allow":["GET"]}}],"collection":[{"href":"https:\/\/olemosaic.com\/pt-pt\/wp-json\/wp\/v2\/product"}],"about":[{"href":"https:\/\/olemosaic.com\/pt-pt\/wp-json\/wp\/v2\/types\/product"}],"wp:featuredmedia":[{"embeddable":true,"href":"https:\/\/olemosaic.com\/pt-pt\/wp-json\/wp\/v2\/media\/10075"}],"wp:attachment":[{"href":"https:\/\/olemosaic.com\/pt-pt\/wp-json\/wp\/v2\/media?parent=30043"}],"wp:term":[{"taxonomy":"product_brand","embeddable":true,"href":"https:\/\/olemosaic.com\/pt-pt\/wp-json\/wp\/v2\/product_brand?post=30043"},{"taxonomy":"product_cat","embeddable":true,"href":"https:\/\/olemosaic.com\/pt-pt\/wp-json\/wp\/v2\/product_cat?post=30043"},{"taxonomy":"product_tag","embeddable":true,"href":"https:\/\/olemosaic.com\/pt-pt\/wp-json\/wp\/v2\/product_tag?post=30043"}],"curies":[{"name":"wp","href":"https:\/\/api.w.org\/{rel}","templated":true}]}}