{"id":30042,"date":"2025-02-20T23:30:39","date_gmt":"2025-02-20T22:30:39","guid":{"rendered":"http:\/\/olemosaic.com\/producto\/bol-de-coco-marron-caballito-de-mar-barcelona\/"},"modified":"2025-07-25T19:20:34","modified_gmt":"2025-07-25T17:20:34","slug":"taca-de-coco-castanha-cavalo-marinho-barcelona","status":"publish","type":"product","link":"https:\/\/olemosaic.com\/pt-pt\/produto\/taca-de-coco-castanha-cavalo-marinho-barcelona\/","title":{"rendered":"Ta\u00e7a de coco castanha. Cavalo-marinho. Barcelona."},"content":{"rendered":"<p>Esta ta\u00e7a de coco castanha com um elegante design de cavalo-marinho \u00e9 uma pe\u00e7a artesanal que captura a ess\u00eancia mar\u00edtima de Barcelona e apresenta-se como a recorda\u00e7\u00e3o perfeita da sua vibrante costa. Elaborada com cuidado e aten\u00e7\u00e3o ao detalhe, esta ta\u00e7a destaca-se pela sua decora\u00e7\u00e3o de mosaico em tons castanhos e creme, unindo contemporaneidade e tradi\u00e7\u00e3o. No centro, a figura do cavalo-marinho, s\u00edmbolo da vida marinha e da beleza do Mediterr\u00e2neo, \u00e9 real\u00e7ada com eleg\u00e2ncia, acompanhada pela inscri\u00e7\u00e3o &#8220;Barcelona&#8221;, o que a torna um artigo \u00fanico e representativo.<\/p>\n<p>Com um acabamento suave e polido, a ta\u00e7a n\u00e3o \u00e9 apenas esteticamente atraente, mas tamb\u00e9m funcional, ideal para decorar qualquer canto da sua casa ou como um presente significativo. O seu design \u00fanico torna-a excelente como souvenir, proporcionando um peda\u00e7o da cultura barcelonesa a quem a adquirir. Na Ol\u00e9 Mosaic, especializamo-nos na distribui\u00e7\u00e3o de souvenirs por grosso, e esta ta\u00e7a artesanal \u00e9 uma magn\u00edfica op\u00e7\u00e3o para lojas de presentes tur\u00edsticos que procuram oferecer produtos culturais aut\u00eanticos. A combina\u00e7\u00e3o de artesanato, design muito especial e liga\u00e7\u00e3o cultural com Barcelona garantem que esta ta\u00e7a de coco ser\u00e1 uma apreciada recorda\u00e7\u00e3o da sua viagem.<\/p>\n","protected":false},"excerpt":{"rendered":"<p>Ta\u00e7a de coco castanha com um elegante design de cavalo-marinho, que evoca a ess\u00eancia mar\u00edtima de Barcelona. Elaborada artesanalmente, apresenta uma decora\u00e7\u00e3o de mosaico em tons castanhos e creme, com a figura do cavalo-marinho real\u00e7ada no centro e a inscri\u00e7\u00e3o &#8220;Barcelona&#8221;. Esta ta\u00e7a, que combina est\u00e9tica e funcionalidade, acrescenta um toque distintivo e cultural a qualquer espa\u00e7o, ideal como recorda\u00e7\u00e3o ou pe\u00e7a decorativa.<\/p>\n","protected":false},"featured_media":10354,"template":"","meta":{"_acf_changed":false},"product_brand":[],"product_cat":[513],"product_tag":[516],"class_list":{"0":"post-30042","1":"product","2":"type-product","3":"status-publish","4":"has-post-thumbnail","6":"product_cat-bols","7":"product_tag-animais","8":"pa_ciudad-barcelona","9":"pa_motivo-cavalos-marinhos","10":"pa_pais-espana","12":"first","13":"instock","14":"shipping-taxable","15":"product-type-simple"},"acf":[],"_links":{"self":[{"href":"https:\/\/olemosaic.com\/pt-pt\/wp-json\/wp\/v2\/product\/30042","targetHints":{"allow":["GET"]}}],"collection":[{"href":"https:\/\/olemosaic.com\/pt-pt\/wp-json\/wp\/v2\/product"}],"about":[{"href":"https:\/\/olemosaic.com\/pt-pt\/wp-json\/wp\/v2\/types\/product"}],"wp:featuredmedia":[{"embeddable":true,"href":"https:\/\/olemosaic.com\/pt-pt\/wp-json\/wp\/v2\/media\/10354"}],"wp:attachment":[{"href":"https:\/\/olemosaic.com\/pt-pt\/wp-json\/wp\/v2\/media?parent=30042"}],"wp:term":[{"taxonomy":"product_brand","embeddable":true,"href":"https:\/\/olemosaic.com\/pt-pt\/wp-json\/wp\/v2\/product_brand?post=30042"},{"taxonomy":"product_cat","embeddable":true,"href":"https:\/\/olemosaic.com\/pt-pt\/wp-json\/wp\/v2\/product_cat?post=30042"},{"taxonomy":"product_tag","embeddable":true,"href":"https:\/\/olemosaic.com\/pt-pt\/wp-json\/wp\/v2\/product_tag?post=30042"}],"curies":[{"name":"wp","href":"https:\/\/api.w.org\/{rel}","templated":true}]}}