{"id":30041,"date":"2025-02-20T22:30:38","date_gmt":"2025-02-20T22:30:38","guid":{"rendered":"http:\/\/olemosaic.com\/producto\/bol-de-coco-marron-tortuga-gran-canaria\/"},"modified":"2025-07-25T19:34:47","modified_gmt":"2025-07-25T17:34:47","slug":"taca-de-coco-castanha-tartaruga-gran-canaria","status":"publish","type":"product","link":"https:\/\/olemosaic.com\/pt-pt\/produto\/taca-de-coco-castanha-tartaruga-gran-canaria\/","title":{"rendered":"Ta\u00e7a de coco castanha. Tartaruga. Gran Canaria."},"content":{"rendered":"<p>Esta ta\u00e7a de coco castanha com forma de tartaruga \u00e9 uma aut\u00eantica obra-prima artesanal que captura a ess\u00eancia tropical de Gran Canaria. Com um design intrincado que representa uma tartaruga no centro, esta ta\u00e7a est\u00e1 decorada com pe\u00e7as de concha em tons quentes de bege, castanho e dourado, criando um estilo de mosaico que evoca as profundas \u00e1guas cristalinas e a rica vida marinha que rodeia a ilha. O detalhe do texto &#8220;Gran Canaria&#8221; est\u00e1 elegantemente esculpido na base, sublinhando a sua origem e import\u00e2ncia cultural.<\/p>\n<p>Ideal tanto para decorar como para utilizar na apresenta\u00e7\u00e3o de pequenos aperitivos, esta ta\u00e7a funde funcionalidade e arte, tornando-a um artigo vers\u00e1til para qualquer casa. O seu acabamento polido real\u00e7a a beleza natural do coco, enquanto o design da tartaruga, s\u00edmbolo de longevidade e paz em muitas culturas, acrescenta um toque significativo da heran\u00e7a can\u00e1ria. Esta ta\u00e7a n\u00e3o \u00e9 apenas uma pe\u00e7a decorativa \u00fanica, mas tamb\u00e9m uma recorda\u00e7\u00e3o tang\u00edvel que liga os turistas \u00e0 rica biodiversidade e ao patrim\u00f3nio de Gran Canaria.<\/p>\n<p>Na Ol\u00e9 Mosaic, orgulhamo-nos de ser distribuidores de souvenirs aut\u00eanticos que refletem a cultura local, e esta ta\u00e7a \u00e9 uma excelente op\u00e7\u00e3o para lojas de presentes tur\u00edsticos que procuram produtos de qualidade e com um contexto cultural. Perfeita para quem deseja levar consigo um peda\u00e7o da bela Gran Canaria, esta ta\u00e7a \u00e9 muito mais do que uma recorda\u00e7\u00e3o: \u00e9 uma celebra\u00e7\u00e3o da heran\u00e7a can\u00e1ria e um elemento decorativo requintado.<\/p>\n","protected":false},"excerpt":{"rendered":"<p>Ta\u00e7a de coco castanha com design de tartaruga, inspirada na beleza de Gran Canaria. Esta pe\u00e7a artesanal apresenta um design intrincado com pe\u00e7as de concha em tons quentes, formando um mosaico que real\u00e7a a figura de uma tartaruga no centro. Na base, est\u00e1 esculpido o texto &#8220;Gran Canaria&#8221;, destacando a sua origem. Perfeita como elemento decorativo ou para servir pequenos aperitivos, esta ta\u00e7a combina funcionalidade e arte tradicional can\u00e1ria.<\/p>\n","protected":false},"featured_media":10374,"template":"","meta":{"_acf_changed":false},"product_brand":[],"product_cat":[513],"product_tag":[516],"class_list":{"0":"post-30041","1":"product","2":"type-product","3":"status-publish","4":"has-post-thumbnail","6":"product_cat-bols","7":"product_tag-animais","8":"pa_ciudad-gran-canaria","9":"pa_motivo-tartarugas","10":"pa_pais-espana","12":"first","13":"instock","14":"shipping-taxable","15":"product-type-simple"},"acf":[],"_links":{"self":[{"href":"https:\/\/olemosaic.com\/pt-pt\/wp-json\/wp\/v2\/product\/30041","targetHints":{"allow":["GET"]}}],"collection":[{"href":"https:\/\/olemosaic.com\/pt-pt\/wp-json\/wp\/v2\/product"}],"about":[{"href":"https:\/\/olemosaic.com\/pt-pt\/wp-json\/wp\/v2\/types\/product"}],"wp:featuredmedia":[{"embeddable":true,"href":"https:\/\/olemosaic.com\/pt-pt\/wp-json\/wp\/v2\/media\/10374"}],"wp:attachment":[{"href":"https:\/\/olemosaic.com\/pt-pt\/wp-json\/wp\/v2\/media?parent=30041"}],"wp:term":[{"taxonomy":"product_brand","embeddable":true,"href":"https:\/\/olemosaic.com\/pt-pt\/wp-json\/wp\/v2\/product_brand?post=30041"},{"taxonomy":"product_cat","embeddable":true,"href":"https:\/\/olemosaic.com\/pt-pt\/wp-json\/wp\/v2\/product_cat?post=30041"},{"taxonomy":"product_tag","embeddable":true,"href":"https:\/\/olemosaic.com\/pt-pt\/wp-json\/wp\/v2\/product_tag?post=30041"}],"curies":[{"name":"wp","href":"https:\/\/api.w.org\/{rel}","templated":true}]}}