{"id":30040,"date":"2025-02-20T23:30:38","date_gmt":"2025-02-20T22:30:38","guid":{"rendered":"http:\/\/olemosaic.com\/producto\/bol-de-coco-marron-sardina-lisboa-2\/"},"modified":"2025-07-25T18:42:18","modified_gmt":"2025-07-25T16:42:18","slug":"taca-de-coco-castanha-sardinha-lisboa-2","status":"publish","type":"product","link":"https:\/\/olemosaic.com\/pt-pt\/produto\/taca-de-coco-castanha-sardinha-lisboa-2\/","title":{"rendered":"Ta\u00e7a de coco castanha. Sardinha. Mosaico Lisboa."},"content":{"rendered":"<p>Esta ta\u00e7a castanha de coco com design de sardinha \u00e9 uma aut\u00eantica obra-prima que captura a ess\u00eancia da arte popular lisboeta. De design artesanal, esta preciosa ta\u00e7a apresenta um acabamento de coco castanho nos bordos, o que lhe confere um car\u00e1cter r\u00fastico e acolhedor. O seu interior est\u00e1 adornado com um intrincado mosaico em tons creme e dourado, destacando a figura central de uma sardinha, s\u00edmbolo emblem\u00e1tico da rica tradi\u00e7\u00e3o piscat\u00f3ria da regi\u00e3o. Este design \u00fanico e artesanal \u00e9 conseguido gra\u00e7as \u00e0 t\u00e9cnica de pintura \u00e0 m\u00e3o, garantindo que cada pe\u00e7a seja irrepet\u00edvel e reflita a dedica\u00e7\u00e3o dos artes\u00e3os que a elaboram.<\/p>\n<p>Ideal tanto como pe\u00e7a decorativa como para servir aperitivos, esta ta\u00e7a evoca a vibrante cultura costeira de Lisboa, onde a sardinha \u00e9 mais do que um simples alimento; \u00e9 um \u00edcone de festas e celebra\u00e7\u00f5es locais. O seu apelo visual e a sua funcionalidade tornam-na o souvenir perfeito para turistas que procuram levar um peda\u00e7o da tradi\u00e7\u00e3o portuguesa. Na Ol\u00e9 Mosaic, especializamo-nos na distribui\u00e7\u00e3o de souvenirs de alta qualidade, como esta ta\u00e7a de sardinha, que celebra a autenticidade e o patrim\u00f3nio cultural de Lisboa. Como grossistas de souvenirs, oferecemos pe\u00e7as \u00fanicas que enriquecer\u00e3o a oferta de qualquer loja de presentes tur\u00edsticos.<\/p>\n","protected":false},"excerpt":{"rendered":"<p>Ta\u00e7a de coco castanha com design de sardinha. Esta preciosa ta\u00e7a, origin\u00e1ria de Lisboa, \u00e9 elaborada com um acabamento de coco castanho e apresenta um intrincado mosaico de elementos em tons creme e dourado, que real\u00e7am a figura de uma sardinha no centro. A t\u00e9cnica utilizada \u00e9 a pintura \u00e0 m\u00e3o, o que assegura um design \u00fanico e artesanal. Perfeita como pe\u00e7a decorativa ou para servir aperitivos, evoca a rica tradi\u00e7\u00e3o piscat\u00f3ria da regi\u00e3o.<\/p>\n","protected":false},"featured_media":10290,"template":"","meta":{"_acf_changed":false},"product_brand":[],"product_cat":[513],"product_tag":[516],"class_list":{"0":"post-30040","1":"product","2":"type-product","3":"status-publish","4":"has-post-thumbnail","6":"product_cat-bols","7":"product_tag-animais","8":"pa_ciudad-lisboa","9":"pa_motivo-sardinhas","10":"pa_pais-portugal","12":"first","13":"instock","14":"shipping-taxable","15":"product-type-simple"},"acf":[],"_links":{"self":[{"href":"https:\/\/olemosaic.com\/pt-pt\/wp-json\/wp\/v2\/product\/30040","targetHints":{"allow":["GET"]}}],"collection":[{"href":"https:\/\/olemosaic.com\/pt-pt\/wp-json\/wp\/v2\/product"}],"about":[{"href":"https:\/\/olemosaic.com\/pt-pt\/wp-json\/wp\/v2\/types\/product"}],"wp:featuredmedia":[{"embeddable":true,"href":"https:\/\/olemosaic.com\/pt-pt\/wp-json\/wp\/v2\/media\/10290"}],"wp:attachment":[{"href":"https:\/\/olemosaic.com\/pt-pt\/wp-json\/wp\/v2\/media?parent=30040"}],"wp:term":[{"taxonomy":"product_brand","embeddable":true,"href":"https:\/\/olemosaic.com\/pt-pt\/wp-json\/wp\/v2\/product_brand?post=30040"},{"taxonomy":"product_cat","embeddable":true,"href":"https:\/\/olemosaic.com\/pt-pt\/wp-json\/wp\/v2\/product_cat?post=30040"},{"taxonomy":"product_tag","embeddable":true,"href":"https:\/\/olemosaic.com\/pt-pt\/wp-json\/wp\/v2\/product_tag?post=30040"}],"curies":[{"name":"wp","href":"https:\/\/api.w.org\/{rel}","templated":true}]}}