{"id":30009,"date":"2025-02-20T23:30:38","date_gmt":"2025-02-20T22:30:38","guid":{"rendered":"http:\/\/olemosaic.com\/producto\/bol-de-coco-fucsia-tortuga-menorca\/"},"modified":"2025-07-25T19:55:51","modified_gmt":"2025-07-25T17:55:51","slug":"taca-de-coco-fucsia-tartaruga-menorca","status":"publish","type":"product","link":"https:\/\/olemosaic.com\/pt-pt\/produto\/taca-de-coco-fucsia-tartaruga-menorca\/","title":{"rendered":"Ta\u00e7a de coco f\u00facsia. Tartaruga. Menorca."},"content":{"rendered":"<p>Esta ta\u00e7a de coco f\u00facsia, inspirada na fauna marinha de Menorca, \u00e9 uma pe\u00e7a decorativa \u00fanica que evoca a ess\u00eancia do Mediterr\u00e2neo. Com um vibrante design de mosaico em tons f\u00facsias e delicados detalhes em branco, a ta\u00e7a apresenta no seu centro uma elegante tartaruga, s\u00edmbolo da rica biodiversidade das \u00e1guas que rodeiam a ilha. Cada ta\u00e7a \u00e9 elaborada de forma artesanal, o que garante que cada pe\u00e7a seja \u00fanica e se destaque pela sua t\u00e9cnica de pintura \u00e0 m\u00e3o, conferindo-lhe um encanto singular.<\/p>\n<p>O design da tartaruga, cuidadosamente pintado, reflete a liga\u00e7\u00e3o de Menorca com o seu ambiente marinho, celebrando a vida e a beleza que habita nas suas costas. Esta ta\u00e7a n\u00e3o \u00e9 apenas um elemento decorativo atraente, mas tamb\u00e9m tem um uso pr\u00e1tico, sendo ideal para servir aperitivos ou como recipiente \u00fatil na cozinha.<\/p>\n<p>Como souvenir representativo de Menorca, esta ta\u00e7a serve como uma recorda\u00e7\u00e3o aut\u00eantica que evoca o calor e a cor do Mediterr\u00e2neo. Na Ol\u00e9 Mosaic, especializamo-nos na distribui\u00e7\u00e3o de souvenirs por grosso, proporcionando uma excelente op\u00e7\u00e3o para lojas de presentes tur\u00edsticos que procuram produtos aut\u00eanticos como esta ta\u00e7a de coco f\u00facsia. O seu colorido atraente e a sua liga\u00e7\u00e3o cultural fazem desta ta\u00e7a uma escolha ideal para quem procura um peda\u00e7o de Menorca para levar para casa.<\/p>\n","protected":false},"excerpt":{"rendered":"<p>Ta\u00e7a de coco f\u00facsia inspirada na fauna marinha de Menorca, ideal para decora\u00e7\u00e3o ou como recipiente. Esta original ta\u00e7a apresenta um design de mosaico com tons f\u00facsias e detalhes em branco, representando uma tartaruga no centro. Elaborada de forma artesanal, a ta\u00e7a destaca-se pela sua t\u00e9cnica de design artesanal, pintada \u00e0 m\u00e3o, o que lhe confere um encanto \u00fanico e colorido, refletindo a beleza das \u00e1guas mediterr\u00e2nicas.<\/p>\n","protected":false},"featured_media":11916,"template":"","meta":{"_acf_changed":false},"product_brand":[],"product_cat":[513],"product_tag":[516],"class_list":{"0":"post-30009","1":"product","2":"type-product","3":"status-publish","4":"has-post-thumbnail","6":"product_cat-bols","7":"product_tag-animais","8":"pa_ciudad-menorca","9":"pa_motivo-tartarugas","10":"pa_pais-espana","12":"first","13":"instock","14":"shipping-taxable","15":"product-type-simple"},"acf":[],"_links":{"self":[{"href":"https:\/\/olemosaic.com\/pt-pt\/wp-json\/wp\/v2\/product\/30009","targetHints":{"allow":["GET"]}}],"collection":[{"href":"https:\/\/olemosaic.com\/pt-pt\/wp-json\/wp\/v2\/product"}],"about":[{"href":"https:\/\/olemosaic.com\/pt-pt\/wp-json\/wp\/v2\/types\/product"}],"wp:featuredmedia":[{"embeddable":true,"href":"https:\/\/olemosaic.com\/pt-pt\/wp-json\/wp\/v2\/media\/11916"}],"wp:attachment":[{"href":"https:\/\/olemosaic.com\/pt-pt\/wp-json\/wp\/v2\/media?parent=30009"}],"wp:term":[{"taxonomy":"product_brand","embeddable":true,"href":"https:\/\/olemosaic.com\/pt-pt\/wp-json\/wp\/v2\/product_brand?post=30009"},{"taxonomy":"product_cat","embeddable":true,"href":"https:\/\/olemosaic.com\/pt-pt\/wp-json\/wp\/v2\/product_cat?post=30009"},{"taxonomy":"product_tag","embeddable":true,"href":"https:\/\/olemosaic.com\/pt-pt\/wp-json\/wp\/v2\/product_tag?post=30009"}],"curies":[{"name":"wp","href":"https:\/\/api.w.org\/{rel}","templated":true}]}}