{"id":30008,"date":"2025-02-20T22:30:38","date_gmt":"2025-02-20T22:30:38","guid":{"rendered":"http:\/\/olemosaic.com\/producto\/bol-de-coco-fucsia-salamandra-menorca\/"},"modified":"2025-07-25T19:35:10","modified_gmt":"2025-07-25T17:35:10","slug":"taca-de-coco-fucsia-salamandra-menorca","status":"publish","type":"product","link":"https:\/\/olemosaic.com\/pt-pt\/produto\/taca-de-coco-fucsia-salamandra-menorca\/","title":{"rendered":"Ta\u00e7a de coco f\u00facsia. Salamandra. Menorca."},"content":{"rendered":"<p>Esta ta\u00e7a de coco f\u00facsia, feita \u00e0 m\u00e3o, \u00e9 uma preciosa amostra da beleza natural de Menorca. O seu design cativante apresenta um conjunto vibrante de manchas f\u00facsias que contrastam com o acabamento brilhante do interior, criando um efeito visual surpreendente. No fundo da ta\u00e7a, uma delicada ilustra\u00e7\u00e3o de uma salamandra simboliza a fauna local da ilha, real\u00e7ando a liga\u00e7\u00e3o com a natureza que define a experi\u00eancia de Menorca. O nome &#8220;Menorca&#8221; aparece num tom discreto, conferindo um toque de autenticidade e eleg\u00e2ncia a esta pe\u00e7a \u00fanica.<\/p>\n<p>Ideal tanto para decorar qualquer canto da casa como para usar em ocasi\u00f5es especiais, esta ta\u00e7a torna-se uma magn\u00edfica recorda\u00e7\u00e3o da sua visita a esta encantadora ilha mediterr\u00e2nica. O seu design reflete n\u00e3o s\u00f3 a arte da cer\u00e2mica de Menorca, mas tamb\u00e9m a rica biodiversidade e a cultura que a rodeia. Na Ol\u00e9 Mosaic, especializamo-nos na distribui\u00e7\u00e3o de souvenirs por grosso, oferecendo artigos que captam a ess\u00eancia dos lugares que representam. Esta ta\u00e7a de coco f\u00facsia \u00e9 uma excelente op\u00e7\u00e3o para lojas de presentes tur\u00edsticos que procuram produtos aut\u00eanticos e significativos de Menorca, destacando-se como um souvenir perfeito para quem aprecia a beleza e a originalidade nas suas recorda\u00e7\u00f5es.<\/p>\n","protected":false},"excerpt":{"rendered":"<p>Ta\u00e7a de coco f\u00facsia feita \u00e0 m\u00e3o, inspirada na beleza natural de Menorca. Esta atraente ta\u00e7a apresenta um design colorido com manchas f\u00facsias que contrastam com o acabamento brilhante do interior. Decorada com uma ilustra\u00e7\u00e3o de uma salamandra, que simboliza a fauna local, e o nome &#8220;Menorca&#8221; num tom discreto, \u00e9 uma pe\u00e7a ideal para a casa ou como recorda\u00e7\u00e3o desta encantadora ilha mediterr\u00e2nica.<\/p>\n","protected":false},"featured_media":11904,"template":"","meta":{"_acf_changed":false},"product_brand":[],"product_cat":[513],"product_tag":[516],"class_list":{"0":"post-30008","1":"product","2":"type-product","3":"status-publish","4":"has-post-thumbnail","6":"product_cat-bols","7":"product_tag-animais","8":"pa_ciudad-menorca","9":"pa_motivo-salamandras","10":"pa_pais-espana","12":"first","13":"instock","14":"shipping-taxable","15":"product-type-simple"},"acf":[],"_links":{"self":[{"href":"https:\/\/olemosaic.com\/pt-pt\/wp-json\/wp\/v2\/product\/30008","targetHints":{"allow":["GET"]}}],"collection":[{"href":"https:\/\/olemosaic.com\/pt-pt\/wp-json\/wp\/v2\/product"}],"about":[{"href":"https:\/\/olemosaic.com\/pt-pt\/wp-json\/wp\/v2\/types\/product"}],"wp:featuredmedia":[{"embeddable":true,"href":"https:\/\/olemosaic.com\/pt-pt\/wp-json\/wp\/v2\/media\/11904"}],"wp:attachment":[{"href":"https:\/\/olemosaic.com\/pt-pt\/wp-json\/wp\/v2\/media?parent=30008"}],"wp:term":[{"taxonomy":"product_brand","embeddable":true,"href":"https:\/\/olemosaic.com\/pt-pt\/wp-json\/wp\/v2\/product_brand?post=30008"},{"taxonomy":"product_cat","embeddable":true,"href":"https:\/\/olemosaic.com\/pt-pt\/wp-json\/wp\/v2\/product_cat?post=30008"},{"taxonomy":"product_tag","embeddable":true,"href":"https:\/\/olemosaic.com\/pt-pt\/wp-json\/wp\/v2\/product_tag?post=30008"}],"curies":[{"name":"wp","href":"https:\/\/api.w.org\/{rel}","templated":true}]}}