{"id":30006,"date":"2025-02-20T23:30:37","date_gmt":"2025-02-20T22:30:37","guid":{"rendered":"http:\/\/olemosaic.com\/producto\/bol-de-coco-fucsia-delfin-mallorca-3\/"},"modified":"2025-07-25T20:17:57","modified_gmt":"2025-07-25T18:17:57","slug":"taca-de-coco-fucsia-golfinho-maiorca-3","status":"publish","type":"product","link":"https:\/\/olemosaic.com\/pt-pt\/produto\/taca-de-coco-fucsia-golfinho-maiorca-3\/","title":{"rendered":"Ta\u00e7a de coco f\u00facsia. Golfinho. Estilo mediterr\u00e2nico. Maiorca."},"content":{"rendered":"<p>Esta ta\u00e7a f\u00facsia de coco, decorada com um design encantador de golfinho e a palavra &#8220;MALLORCA&#8221;, \u00e9 um aut\u00eantico representante do esp\u00edrito mediterr\u00e2nico. A sua cor f\u00facsia vibrante e o acabamento polido tornam-na um complemento atraente tanto para decorar como para usar diariamente. O interior da ta\u00e7a \u00e9 adornado com belos cora\u00e7\u00f5es, que conferem um toque alegre e distintivo, transformando este produto numa pe\u00e7a \u00fanica para qualquer casa.<\/p>\n<p>Com o seu design evocativo, esta ta\u00e7a n\u00e3o serve apenas como um utens\u00edlio funcional, mas transforma-se numa recorda\u00e7\u00e3o memor\u00e1vel da fascinante ilha de Maiorca. O golfinho, s\u00edmbolo do mar Mediterr\u00e2neo, encapsula a liga\u00e7\u00e3o da ta\u00e7a com a cultura local, recordando aos turistas as maravilhosas experi\u00eancias vividas nas suas \u00e1guas cristalinas.<\/p>\n<p>Na Ol\u00e9 Mosaic, especializamo-nos na distribui\u00e7\u00e3o de souvenirs de alta qualidade e autenticidade. Esta ta\u00e7a de coco \u00e9 uma excelente op\u00e7\u00e3o para lojas de presentes tur\u00edsticos que procuram oferecer produtos representativos e coloridos de Maiorca. Como grossistas de souvenirs, garantimos que cada pe\u00e7a ressoe com a beleza e o encanto da ilha, sendo uma escolha perfeita para quem procura recorda\u00e7\u00f5es aut\u00eanticas das suas viagens.<\/p>\n","protected":false},"excerpt":{"rendered":"<p>Ta\u00e7a de coco num vibrante f\u00facsia, decorada com um golfinho e a palavra &#8220;MALLORCA&#8221;, que evoca o encanto da ilha. Esta ta\u00e7a, colorida e original, apresenta um acabamento polido com detalhes em forma de cora\u00e7\u00e3o, que acrescentam um toque alegre e distintivo. Ideal para decorar ou como complemento funcional, captura a ess\u00eancia mediterr\u00e2nica com o seu design alegre e os seus tons brilhantes, tornando-a uma bela recorda\u00e7\u00e3o de Maiorca.<\/p>\n","protected":false},"featured_media":10258,"template":"","meta":{"_acf_changed":false},"product_brand":[],"product_cat":[513],"product_tag":[516],"class_list":{"0":"post-30006","1":"product","2":"type-product","3":"status-publish","4":"has-post-thumbnail","6":"product_cat-bols","7":"product_tag-animais","8":"pa_ciudad-mallorca","9":"pa_motivo-golfinhos","10":"pa_pais-espana","12":"first","13":"instock","14":"shipping-taxable","15":"product-type-simple"},"acf":[],"_links":{"self":[{"href":"https:\/\/olemosaic.com\/pt-pt\/wp-json\/wp\/v2\/product\/30006","targetHints":{"allow":["GET"]}}],"collection":[{"href":"https:\/\/olemosaic.com\/pt-pt\/wp-json\/wp\/v2\/product"}],"about":[{"href":"https:\/\/olemosaic.com\/pt-pt\/wp-json\/wp\/v2\/types\/product"}],"wp:featuredmedia":[{"embeddable":true,"href":"https:\/\/olemosaic.com\/pt-pt\/wp-json\/wp\/v2\/media\/10258"}],"wp:attachment":[{"href":"https:\/\/olemosaic.com\/pt-pt\/wp-json\/wp\/v2\/media?parent=30006"}],"wp:term":[{"taxonomy":"product_brand","embeddable":true,"href":"https:\/\/olemosaic.com\/pt-pt\/wp-json\/wp\/v2\/product_brand?post=30006"},{"taxonomy":"product_cat","embeddable":true,"href":"https:\/\/olemosaic.com\/pt-pt\/wp-json\/wp\/v2\/product_cat?post=30006"},{"taxonomy":"product_tag","embeddable":true,"href":"https:\/\/olemosaic.com\/pt-pt\/wp-json\/wp\/v2\/product_tag?post=30006"}],"curies":[{"name":"wp","href":"https:\/\/api.w.org\/{rel}","templated":true}]}}