{"id":30005,"date":"2025-02-20T23:30:37","date_gmt":"2025-02-20T22:30:37","guid":{"rendered":"http:\/\/olemosaic.com\/producto\/bol-de-coco-fucsia-delfin-barcelona-3\/"},"modified":"2025-07-25T19:01:38","modified_gmt":"2025-07-25T17:01:38","slug":"taca-de-coco-fucsia-golfinho-barcelona-3","status":"publish","type":"product","link":"https:\/\/olemosaic.com\/pt-pt\/produto\/taca-de-coco-fucsia-golfinho-barcelona-3\/","title":{"rendered":"Ta\u00e7a de coco f\u00facsia. Golfinho. Estilo mediterr\u00e2nico. Barcelona."},"content":{"rendered":"<p>Esta ta\u00e7a de coco f\u00facsia, decorada com um encantador golfinho, \u00e9 um souvenir atraente que captura la ess\u00eancia vibrante de Barcelona. O seu design \u00fanico apresenta um interior de mosaico composto por tons iridescentes que brincam com a luz, criando um efeito visual cativante. A disposi\u00e7\u00e3o dos motivos em f\u00facsia confere-lhe um toque contempor\u00e2neo, tornando-a um objeto decorativo ideal para qualquer casa. No centro, um golfinho dourado ergue-se majestosamente sobre o fundo, simbolizando a liga\u00e7\u00e3o com o mar Mediterr\u00e2neo. Acompanhando este belo cet\u00e1ceo, a inscri\u00e7\u00e3o &#8220;Barcelona&#8221; acrescenta valor ao design, tornando-a uma recorda\u00e7\u00e3o aut\u00eantica da cidade. Esta ta\u00e7a \u00e9 perfeita para servir aperitivos ou doces, e tamb\u00e9m como pe\u00e7a decorativa que evoca momentos ensolarados na costa catal\u00e3. Na Ol\u00e9 Mosaic, orgulhamo-nos de oferecer souvenirs que refletem a cultura e o esp\u00edrito local, e esta ta\u00e7a de coco f\u00facsia \u00e9 um exemplo claro disso. Ideal para lojas de presentes tur\u00edsticos, \u00e9 uma excelente op\u00e7\u00e3o para quem procura souvenirs de Barcelona elegantes, \u00fanicos e representativos da sua rica tradi\u00e7\u00e3o cultural, destacando a qualidade e autenticidade que oferecemos como grossista de souvenirs.<\/p>\n","protected":false},"excerpt":{"rendered":"<p>Ta\u00e7a de coco f\u00facsia decorada com um simp\u00e1tico golfinho, inspirado na vibrante Barcelona. Esta atraente ta\u00e7a apresenta um interior de mosaico com tons iridescentes e motivos em f\u00facsia, que acrescentam um toque moderno e distintivo. No centro, um golfinho dourado destaca-se sobre o fundo, juntamente com a inscri\u00e7\u00e3o &#8220;Barcelona&#8221;, tornando-a uma bela recorda\u00e7\u00e3o que reflete a ess\u00eancia do Mediterr\u00e2neo e a cultura local. Ideal para servir aperitivos ou como objeto decorativo.<\/p>\n","protected":false},"featured_media":11872,"template":"","meta":{"_acf_changed":false},"product_brand":[],"product_cat":[513],"product_tag":[516],"class_list":{"0":"post-30005","1":"product","2":"type-product","3":"status-publish","4":"has-post-thumbnail","6":"product_cat-bols","7":"product_tag-animais","8":"pa_ciudad-barcelona","9":"pa_motivo-golfinhos","10":"pa_pais-espana","12":"first","13":"instock","14":"shipping-taxable","15":"product-type-simple"},"acf":[],"_links":{"self":[{"href":"https:\/\/olemosaic.com\/pt-pt\/wp-json\/wp\/v2\/product\/30005","targetHints":{"allow":["GET"]}}],"collection":[{"href":"https:\/\/olemosaic.com\/pt-pt\/wp-json\/wp\/v2\/product"}],"about":[{"href":"https:\/\/olemosaic.com\/pt-pt\/wp-json\/wp\/v2\/types\/product"}],"wp:featuredmedia":[{"embeddable":true,"href":"https:\/\/olemosaic.com\/pt-pt\/wp-json\/wp\/v2\/media\/11872"}],"wp:attachment":[{"href":"https:\/\/olemosaic.com\/pt-pt\/wp-json\/wp\/v2\/media?parent=30005"}],"wp:term":[{"taxonomy":"product_brand","embeddable":true,"href":"https:\/\/olemosaic.com\/pt-pt\/wp-json\/wp\/v2\/product_brand?post=30005"},{"taxonomy":"product_cat","embeddable":true,"href":"https:\/\/olemosaic.com\/pt-pt\/wp-json\/wp\/v2\/product_cat?post=30005"},{"taxonomy":"product_tag","embeddable":true,"href":"https:\/\/olemosaic.com\/pt-pt\/wp-json\/wp\/v2\/product_tag?post=30005"}],"curies":[{"name":"wp","href":"https:\/\/api.w.org\/{rel}","templated":true}]}}