{"id":30004,"date":"2025-02-20T23:30:37","date_gmt":"2025-02-20T22:30:37","guid":{"rendered":"http:\/\/olemosaic.com\/producto\/bol-de-coco-fucsia-caballito-de-mar-3\/"},"modified":"2025-07-25T19:49:13","modified_gmt":"2025-07-25T17:49:13","slug":"taca-de-coco-fucsia-cavalo-marinho-3","status":"publish","type":"product","link":"https:\/\/olemosaic.com\/pt-pt\/produto\/taca-de-coco-fucsia-cavalo-marinho-3\/","title":{"rendered":"Ta\u00e7a de coco f\u00facsia. Cavalo-marinho. Estilo mediterr\u00e2nico."},"content":{"rendered":"<p>Esta ta\u00e7a de coco f\u00facsia, decorada com um simp\u00e1tico cavalo-marinho, \u00e9 uma pe\u00e7a vibrante que acrescenta um toque exclusivo e colorido a qualquer espa\u00e7o. A sua cor f\u00facsia intensa atrai o olhar, enquanto o design apresenta um contorno adornado com cora\u00e7\u00f5es, criando um apelo visual que evoca alegria e frescura. No centro, um delicado cavalo-marinho pintado \u00e0 m\u00e3o destaca-se com um suave contraste sobre o fundo em tons quentes, fundindo assim arte e natureza de uma maneira \u00fanica. Fabricada com materiais naturais, cada ta\u00e7a \u00e9 uma obra-prima \u00fanica, j\u00e1 que os artes\u00e3os a pintam \u00e0 m\u00e3o, garantindo que n\u00e3o existam duas pe\u00e7as iguais.<\/p>\n<p>Esta ta\u00e7a \u00e9 perfeita n\u00e3o s\u00f3 como elemento decorativo em interiores, mas tamb\u00e9m como um acess\u00f3rio \u00fatil para servir aperitivos em reuni\u00f5es e celebra\u00e7\u00f5es. O seu design l\u00fadico e colorido representa uma fus\u00e3o de tradi\u00e7\u00e3o e modernidade que ressoa com a rica heran\u00e7a art\u00edstica de pa\u00edses onde a arte popular e o design contempor\u00e2neo se entrela\u00e7am. Como um souvenir excecional, esta ta\u00e7a de coco f\u00facsia \u00e9 uma recorda\u00e7\u00e3o representativa que recolhe a ess\u00eancia da cultura local. Na Ol\u00e9 Mosaic, oferecemos produtos aut\u00eanticos que celebram o patrim\u00f3nio cultural e esta ta\u00e7a \u00e9 uma excelente op\u00e7\u00e3o para lojas de presentes tur\u00edsticos que procuram artigos \u00fanicos e de qualidade. Como grossistas de souvenirs, garantimos a autenticidade e o valor artesanal em cada pe\u00e7a.<\/p>\n","protected":false},"excerpt":{"rendered":"<p>Ta\u00e7a de coco f\u00facsia, decorada com um simp\u00e1tico cavalo-marinho, ideal para dar um toque vibrante a qualquer espa\u00e7o. Este design destaca-se pela sua cor f\u00facsia intensa, com um contorno adornado com cora\u00e7\u00f5es e um subtil fundo em tons quentes. Elaborada com materiais naturais, a ta\u00e7a tem um design artesanal, pintada \u00e0 m\u00e3o por artes\u00e3os, o que assegura que cada pe\u00e7a seja \u00fanica. Perfeita como elemento decorativo ou para servir aperitivos, representa uma fus\u00e3o de tradi\u00e7\u00e3o e modernidade.<\/p>\n","protected":false},"featured_media":10174,"template":"","meta":{"_acf_changed":false},"product_brand":[],"product_cat":[513],"product_tag":[516],"class_list":{"0":"post-30004","1":"product","2":"type-product","3":"status-publish","4":"has-post-thumbnail","6":"product_cat-bols","7":"product_tag-animais","8":"pa_motivo-cavalos-marinhos","10":"first","11":"instock","12":"shipping-taxable","13":"product-type-simple"},"acf":[],"_links":{"self":[{"href":"https:\/\/olemosaic.com\/pt-pt\/wp-json\/wp\/v2\/product\/30004","targetHints":{"allow":["GET"]}}],"collection":[{"href":"https:\/\/olemosaic.com\/pt-pt\/wp-json\/wp\/v2\/product"}],"about":[{"href":"https:\/\/olemosaic.com\/pt-pt\/wp-json\/wp\/v2\/types\/product"}],"wp:featuredmedia":[{"embeddable":true,"href":"https:\/\/olemosaic.com\/pt-pt\/wp-json\/wp\/v2\/media\/10174"}],"wp:attachment":[{"href":"https:\/\/olemosaic.com\/pt-pt\/wp-json\/wp\/v2\/media?parent=30004"}],"wp:term":[{"taxonomy":"product_brand","embeddable":true,"href":"https:\/\/olemosaic.com\/pt-pt\/wp-json\/wp\/v2\/product_brand?post=30004"},{"taxonomy":"product_cat","embeddable":true,"href":"https:\/\/olemosaic.com\/pt-pt\/wp-json\/wp\/v2\/product_cat?post=30004"},{"taxonomy":"product_tag","embeddable":true,"href":"https:\/\/olemosaic.com\/pt-pt\/wp-json\/wp\/v2\/product_tag?post=30004"}],"curies":[{"name":"wp","href":"https:\/\/api.w.org\/{rel}","templated":true}]}}