{"id":30003,"date":"2025-02-20T23:30:37","date_gmt":"2025-02-20T22:30:37","guid":{"rendered":"http:\/\/olemosaic.com\/producto\/bol-de-coco-fucsia-caballito-de-mar-mallorca-3\/"},"modified":"2025-07-25T19:18:05","modified_gmt":"2025-07-25T17:18:05","slug":"taca-de-coco-fucsia-cavalo-marinho-maiorca-3","status":"publish","type":"product","link":"https:\/\/olemosaic.com\/pt-pt\/produto\/taca-de-coco-fucsia-cavalo-marinho-maiorca-3\/","title":{"rendered":"Ta\u00e7a de coco f\u00facsia. Cavalo-marinho. Estilo mediterr\u00e2nico. Maiorca."},"content":{"rendered":"<p>Esta ta\u00e7a f\u00facsia de coco, decorada com um encantador cavalo-marinho, \u00e9 um aut\u00eantico emblema da beleza do Mediterr\u00e2neo em Maiorca. A sua cor f\u00facsia vibrante atrai o olhar, tornando-se um elemento decorativo de destaque que dar\u00e1 vida a qualquer espa\u00e7o. Este artigo n\u00e3o \u00e9 apenas um bonito objeto de adorno, mas conta tamb\u00e9m com um acabamento artesanal de grande qualidade, evidenciado no seu design em relevo, onde se l\u00ea &#8220;MALLORCA&#8221;. O cavalo-marinho, s\u00edmbolo da diversidade marinha e da vida no Mediterr\u00e2neo, apresenta-se de forma delicada e estilizada, sendo uma representa\u00e7\u00e3o perfeita da fauna local e da liga\u00e7\u00e3o da ilha com o mar.<\/p>\n<p>Ideal tanto para uso decorativo como funcional, esta ta\u00e7a pode servir para diversos prop\u00f3sitos, desde guardar pequenas joias at\u00e9 tornar-se um centro de mesa vibrante. Cada pe\u00e7a \u00e9 \u00fanica, garantindo que os clientes da Ol\u00e9 Mosaic ofere\u00e7am aos seus compradores uma recorda\u00e7\u00e3o aut\u00eantica e significativa da sua experi\u00eancia em Maiorca. Esta ta\u00e7a f\u00facsia de coco \u00e9 uma oportunidade excecional para que as lojas de presentes tur\u00edsticos disponham de souvenirs que reflitam a cultura e o folclore maiorquinos, aportando um toque colorido e aut\u00eantico \u00e0 sua oferta. Como grossista de souvenirs, a Ol\u00e9 Mosaic orgulha-se de fornecer produtos que capturam a ess\u00eancia de Espanha, elevando o seu com\u00e9rcio com artigos que contam hist\u00f3rias e evocam memorias.<\/p>\n","protected":false},"excerpt":{"rendered":"<p>Ta\u00e7a de coco f\u00facsia decorada com um belo cavalo-marinho, que representa a ess\u00eancia do Mediterr\u00e2neo em Maiorca. Esta atraente ta\u00e7a destaca-se pela sua cor f\u00facsia vibrante e pelo seu acabamento artesanal, com um design em relevo que inclui a palavra &#8220;MALLORCA&#8221;. Ideal para dar um toque de cor a qualquer canto, \u00e9 um souvenir perfeito que captura o esp\u00edrito do folclore maiorquino. Perfeita tanto para uso decorativo como funcional.<\/p>\n","protected":false},"featured_media":11778,"template":"","meta":{"_acf_changed":false},"product_brand":[],"product_cat":[513],"product_tag":[516],"class_list":{"0":"post-30003","1":"product","2":"type-product","3":"status-publish","4":"has-post-thumbnail","6":"product_cat-bols","7":"product_tag-animais","8":"pa_ciudad-mallorca","9":"pa_motivo-cavalos-marinhos","10":"pa_pais-espana","12":"first","13":"instock","14":"shipping-taxable","15":"product-type-simple"},"acf":[],"_links":{"self":[{"href":"https:\/\/olemosaic.com\/pt-pt\/wp-json\/wp\/v2\/product\/30003","targetHints":{"allow":["GET"]}}],"collection":[{"href":"https:\/\/olemosaic.com\/pt-pt\/wp-json\/wp\/v2\/product"}],"about":[{"href":"https:\/\/olemosaic.com\/pt-pt\/wp-json\/wp\/v2\/types\/product"}],"wp:featuredmedia":[{"embeddable":true,"href":"https:\/\/olemosaic.com\/pt-pt\/wp-json\/wp\/v2\/media\/11778"}],"wp:attachment":[{"href":"https:\/\/olemosaic.com\/pt-pt\/wp-json\/wp\/v2\/media?parent=30003"}],"wp:term":[{"taxonomy":"product_brand","embeddable":true,"href":"https:\/\/olemosaic.com\/pt-pt\/wp-json\/wp\/v2\/product_brand?post=30003"},{"taxonomy":"product_cat","embeddable":true,"href":"https:\/\/olemosaic.com\/pt-pt\/wp-json\/wp\/v2\/product_cat?post=30003"},{"taxonomy":"product_tag","embeddable":true,"href":"https:\/\/olemosaic.com\/pt-pt\/wp-json\/wp\/v2\/product_tag?post=30003"}],"curies":[{"name":"wp","href":"https:\/\/api.w.org\/{rel}","templated":true}]}}