{"id":30002,"date":"2025-02-20T23:30:37","date_gmt":"2025-02-20T22:30:37","guid":{"rendered":"http:\/\/olemosaic.com\/producto\/bol-de-coco-fucsia-caballito-de-mar-barcelona-3\/"},"modified":"2025-07-25T19:34:48","modified_gmt":"2025-07-25T17:34:48","slug":"taca-de-coco-fucsia-cavalo-marinho-barcelona-3","status":"publish","type":"product","link":"https:\/\/olemosaic.com\/pt-pt\/produto\/taca-de-coco-fucsia-cavalo-marinho-barcelona-3\/","title":{"rendered":"Ta\u00e7a de coco f\u00facsia. Cavalo-marinho. Estilo mediterr\u00e2nico. Barcelona."},"content":{"rendered":"<p>Esta ta\u00e7a de coco f\u00facsia, adornada com um elegante cavalo-marinho, \u00e9 uma pe\u00e7a \u00fanica que captura a ess\u00eancia vibrante de Barcelona. O seu acabamento brilhante num tom f\u00facsia intenso real\u00e7a o seu design contempor\u00e2neo e atraente, enquanto a moldura de mosaico em tons claros acrescenta um toque de eleg\u00e2ncia. A ilustra\u00e7\u00e3o central do cavalo-marinho, delicadamente com efeito pintado \u00e0 m\u00e3o, evoca a liga\u00e7\u00e3o da cidade com o mar Mediterr\u00e2neo, recordando as praias banhadas pelo sol que a caracterizam. Esta ta\u00e7a n\u00e3o \u00e9 apenas um objeto decorativo; o seu design multifuncional torna-a ideal para o uso di\u00e1rio, servindo como um chamativo centro de mesa, uma fruteira ou at\u00e9 um organizador de pequenos objetos. O cavalo-marinho, s\u00edmbolo de amor e lealdade em muitas culturas, acrescenta um valor sentimental a esta recorda\u00e7\u00e3o, tornando-a uma lembran\u00e7a especial da beleza de Barcelona. Na Ol\u00e9 Mosaic, asseguramos a oferta de recorda\u00e7\u00f5es aut\u00eanticas que refletem a cultura local, e esta ta\u00e7a de coco \u00e9 uma op\u00e7\u00e3o perfeita para lojas de presentes tur\u00edsticos que procuram produtos coloridos e de qualidade. Com a sua relev\u00e2ncia cultural e est\u00e9tica, esta ta\u00e7a de coco f\u00facsia tornar-se-\u00e1 o presente ideal para os turistas que procuram levar um peda\u00e7o de Barcelona para casa.<\/p>\n","protected":false},"excerpt":{"rendered":"<p>Ta\u00e7a de coco f\u00facsia decorada com um elegante cavalo-marinho, que evoca o estilo vibrante de Barcelona. Esta ta\u00e7a singular, com um acabamento brilhante em f\u00facsia, apresenta um design muito especial com uma moldura de mosaico em tons claros. Pintada com estilo artesanal, captura a ess\u00eancia do Mediterr\u00e2neo com o delicado cavalo-marinho no centro. Ideal como objeto decorativo ou para uso di\u00e1rio, acrescenta um toque art\u00edstico e colorido a qualquer espa\u00e7o.<\/p>\n","protected":false},"featured_media":11758,"template":"","meta":{"_acf_changed":false},"product_brand":[],"product_cat":[513],"product_tag":[516],"class_list":{"0":"post-30002","1":"product","2":"type-product","3":"status-publish","4":"has-post-thumbnail","6":"product_cat-bols","7":"product_tag-animais","8":"pa_ciudad-barcelona","9":"pa_motivo-cavalos-marinhos","10":"pa_pais-espana","12":"first","13":"instock","14":"shipping-taxable","15":"product-type-simple"},"acf":[],"_links":{"self":[{"href":"https:\/\/olemosaic.com\/pt-pt\/wp-json\/wp\/v2\/product\/30002","targetHints":{"allow":["GET"]}}],"collection":[{"href":"https:\/\/olemosaic.com\/pt-pt\/wp-json\/wp\/v2\/product"}],"about":[{"href":"https:\/\/olemosaic.com\/pt-pt\/wp-json\/wp\/v2\/types\/product"}],"wp:featuredmedia":[{"embeddable":true,"href":"https:\/\/olemosaic.com\/pt-pt\/wp-json\/wp\/v2\/media\/11758"}],"wp:attachment":[{"href":"https:\/\/olemosaic.com\/pt-pt\/wp-json\/wp\/v2\/media?parent=30002"}],"wp:term":[{"taxonomy":"product_brand","embeddable":true,"href":"https:\/\/olemosaic.com\/pt-pt\/wp-json\/wp\/v2\/product_brand?post=30002"},{"taxonomy":"product_cat","embeddable":true,"href":"https:\/\/olemosaic.com\/pt-pt\/wp-json\/wp\/v2\/product_cat?post=30002"},{"taxonomy":"product_tag","embeddable":true,"href":"https:\/\/olemosaic.com\/pt-pt\/wp-json\/wp\/v2\/product_tag?post=30002"}],"curies":[{"name":"wp","href":"https:\/\/api.w.org\/{rel}","templated":true}]}}