{"id":29996,"date":"2025-02-20T23:30:37","date_gmt":"2025-02-20T22:30:37","guid":{"rendered":"http:\/\/olemosaic.com\/producto\/bol-de-coco-fucsia-bailaora-3\/"},"modified":"2025-07-25T22:40:22","modified_gmt":"2025-07-25T20:40:22","slug":"taca-de-coco-fucsia-bailarina-3","status":"publish","type":"product","link":"https:\/\/olemosaic.com\/pt-pt\/produto\/taca-de-coco-fucsia-bailarina-3\/","title":{"rendered":"Ta\u00e7a de coco f\u00facsia. Bailarina. Espanha."},"content":{"rendered":"<p>Esta ta\u00e7a de coco f\u00facsia, decorada com a figura de uma bailarina, \u00e9 um aut\u00eantico reflexo do vibrante folclore andaluz. O seu interior, de uma cor f\u00facsia intensa, captura na perfei\u00e7\u00e3o a ess\u00eancia da dan\u00e7a flamenca, enquanto a borda apresenta um delicado mosaico em tons suaves que adiciona um toque de eleg\u00e2ncia e sofistica\u00e7\u00e3o. A figura branca da bailarina, pintada com grande detalhe, evoca o movimento e a paix\u00e3o do flamenco, transformando este objeto numa recorda\u00e7\u00e3o que n\u00e3o \u00e9 apenas funcional, mas tamb\u00e9m art\u00edstica e representativa da cultura espanhola.<\/p>\n<p>Esta ta\u00e7a n\u00e3o \u00e9 apenas um utens\u00edlio de cozinha, mas uma pe\u00e7a decorativa que enriquece qualquer espa\u00e7o, recordando sempre as tradi\u00e7\u00f5es da Andaluzia. \u00c9 o presente perfeito para os turistas que desejam levar um pedacinho da rica heran\u00e7a cultural da regi\u00e3o. Na Ol\u00e9 Mosaic, oferecemos esta ta\u00e7a como parte da nossa sele\u00e7\u00e3o de recorda\u00e7\u00f5es aut\u00eanticas, ideais para lojas de presentes tur\u00edsticos que procuram produtos \u00fanicos e de qualidade. Esta ta\u00e7a de coco f\u00facsia \u00e9 uma excelente op\u00e7\u00e3o para quem aprecia o artesanato e quer partilhar a beleza do flamenco e da cultura andaluza.<\/p>\n","protected":false},"excerpt":{"rendered":"<p>Ta\u00e7a de coco f\u00facsia decorada com a figura de uma bailarina, s\u00edmbolo do intenso folclore andaluz. Esta atraente ta\u00e7a apresenta uma cor f\u00facsia vibrante no seu interior, complementada por uma borda de mosaicos em tons suaves. A figura branca da bailarina captura a ess\u00eancia do flamenco, numa dan\u00e7a cheia de vida e movimento. Uma recorda\u00e7\u00e3o perfeita que reflete a cultura e a paix\u00e3o da Andaluzia.<\/p>\n","protected":false},"featured_media":12031,"template":"","meta":{"_acf_changed":false},"product_brand":[],"product_cat":[513],"product_tag":[],"class_list":{"0":"post-29996","1":"product","2":"type-product","3":"status-publish","4":"has-post-thumbnail","6":"product_cat-bols","7":"pa_motivo-dancarinos","9":"first","10":"instock","11":"shipping-taxable","12":"product-type-simple"},"acf":[],"_links":{"self":[{"href":"https:\/\/olemosaic.com\/pt-pt\/wp-json\/wp\/v2\/product\/29996","targetHints":{"allow":["GET"]}}],"collection":[{"href":"https:\/\/olemosaic.com\/pt-pt\/wp-json\/wp\/v2\/product"}],"about":[{"href":"https:\/\/olemosaic.com\/pt-pt\/wp-json\/wp\/v2\/types\/product"}],"wp:featuredmedia":[{"embeddable":true,"href":"https:\/\/olemosaic.com\/pt-pt\/wp-json\/wp\/v2\/media\/12031"}],"wp:attachment":[{"href":"https:\/\/olemosaic.com\/pt-pt\/wp-json\/wp\/v2\/media?parent=29996"}],"wp:term":[{"taxonomy":"product_brand","embeddable":true,"href":"https:\/\/olemosaic.com\/pt-pt\/wp-json\/wp\/v2\/product_brand?post=29996"},{"taxonomy":"product_cat","embeddable":true,"href":"https:\/\/olemosaic.com\/pt-pt\/wp-json\/wp\/v2\/product_cat?post=29996"},{"taxonomy":"product_tag","embeddable":true,"href":"https:\/\/olemosaic.com\/pt-pt\/wp-json\/wp\/v2\/product_tag?post=29996"}],"curies":[{"name":"wp","href":"https:\/\/api.w.org\/{rel}","templated":true}]}}