{"id":29995,"date":"2025-02-20T23:30:37","date_gmt":"2025-02-20T22:30:37","guid":{"rendered":"http:\/\/olemosaic.com\/producto\/bol-de-coco-fucsia-concha-camino-de-santiago-2\/"},"modified":"2025-07-25T19:08:03","modified_gmt":"2025-07-25T17:08:03","slug":"taca-de-coco-fucsia-concha-caminho-de-santiago-2","status":"publish","type":"product","link":"https:\/\/olemosaic.com\/pt-pt\/produto\/taca-de-coco-fucsia-concha-caminho-de-santiago-2\/","title":{"rendered":"Ta\u00e7a de coco f\u00facsia. Concha. Caminho de Santiago. Galiza."},"content":{"rendered":"<p>Esta ta\u00e7a de coco f\u00facsia, decorada com conchas, \u00e9 uma aut\u00eantica obra-prima inspirada no ic\u00f3nico Caminho de Santiago. O seu vibrante design em tons f\u00facsia destaca-se pelos seus delicados toques de cor, criando um efeito visual apelativo que atrair\u00e1 todos os olhares. A base desta ta\u00e7a apresenta um engenhoso acabamento em concha, que n\u00e3o s\u00f3 confere um toque natural e org\u00e2nico, como tamb\u00e9m liga profundamente \u00e0 tradi\u00e7\u00e3o da rota jacobeia, s\u00edmbolo de peregrina\u00e7\u00e3o e espiritualidade em Espanha.<\/p>\n<p>No centro, destaca-se um distintivo s\u00edmbolo do Caminho de Santiago numa elegante cor dourada, que enfatiza a sua import\u00e2ncia cultural e permite que esta ta\u00e7a n\u00e3o s\u00f3 sirva como artigo decorativo, mas tamb\u00e9m como uma recorda\u00e7\u00e3o significativa da experi\u00eancia de percorrer esta emblem\u00e1tica rota. \u00c9 perfeita tanto para decorar o lar como para oferecer como uma recorda\u00e7\u00e3o exclusiva que evoca a hist\u00f3ria e a beleza do Caminho de Santiago.<\/p>\n<p>Na Ol\u00e9 Mosaic, especializamo-nos na distribui\u00e7\u00e3o de recorda\u00e7\u00f5es por grosso, oferecendo produtos aut\u00eanticos que refletem a ess\u00eancia de cada regi\u00e3o. Esta ta\u00e7a de coco f\u00facsia \u00e9 uma op\u00e7\u00e3o ideal para lojas de presentes tur\u00edsticos que procuram artigos \u00fanicos e culturais que capturam a rica heran\u00e7a espanhola. Destaca-se entre as recorda\u00e7\u00f5es do Caminho de Santiago, oferecendo qualidade e autenticidade em cada pe\u00e7a.<\/p>\n","protected":false},"excerpt":{"rendered":"<p>Ta\u00e7a de coco f\u00facsia decorada com conchas, inspirada no Caminho de Santiago. Esta atraente ta\u00e7a apresenta um design vibrante em tons f\u00facsia, criando um efeito apelativo que evoca a sua origem. A base da ta\u00e7a exibe um acabamento com conchas e destaca-se um distintivo s\u00edmbolo do Caminho de Santiago em cor dourada. Perfeita como elemento decorativo ou como recorda\u00e7\u00e3o desta emblem\u00e1tica rota.<\/p>\n","protected":false},"featured_media":11944,"template":"","meta":{"_acf_changed":false},"product_brand":[],"product_cat":[513],"product_tag":[],"class_list":{"0":"post-29995","1":"product","2":"type-product","3":"status-publish","4":"has-post-thumbnail","6":"product_cat-bols","7":"pa_ciudad-santiago","8":"pa_motivo-conchas","9":"pa_pais-espana","11":"first","12":"instock","13":"shipping-taxable","14":"product-type-simple"},"acf":[],"_links":{"self":[{"href":"https:\/\/olemosaic.com\/pt-pt\/wp-json\/wp\/v2\/product\/29995","targetHints":{"allow":["GET"]}}],"collection":[{"href":"https:\/\/olemosaic.com\/pt-pt\/wp-json\/wp\/v2\/product"}],"about":[{"href":"https:\/\/olemosaic.com\/pt-pt\/wp-json\/wp\/v2\/types\/product"}],"wp:featuredmedia":[{"embeddable":true,"href":"https:\/\/olemosaic.com\/pt-pt\/wp-json\/wp\/v2\/media\/11944"}],"wp:attachment":[{"href":"https:\/\/olemosaic.com\/pt-pt\/wp-json\/wp\/v2\/media?parent=29995"}],"wp:term":[{"taxonomy":"product_brand","embeddable":true,"href":"https:\/\/olemosaic.com\/pt-pt\/wp-json\/wp\/v2\/product_brand?post=29995"},{"taxonomy":"product_cat","embeddable":true,"href":"https:\/\/olemosaic.com\/pt-pt\/wp-json\/wp\/v2\/product_cat?post=29995"},{"taxonomy":"product_tag","embeddable":true,"href":"https:\/\/olemosaic.com\/pt-pt\/wp-json\/wp\/v2\/product_tag?post=29995"}],"curies":[{"name":"wp","href":"https:\/\/api.w.org\/{rel}","templated":true}]}}