{"id":29993,"date":"2025-02-20T22:30:36","date_gmt":"2025-02-20T22:30:36","guid":{"rendered":"http:\/\/olemosaic.com\/producto\/bol-de-coco-fucsia-concha-camino-de-santiago\/"},"modified":"2025-07-25T20:25:15","modified_gmt":"2025-07-25T18:25:15","slug":"taca-de-coco-fucsia-concha-caminho-de-santiago","status":"publish","type":"product","link":"https:\/\/olemosaic.com\/pt-pt\/produto\/taca-de-coco-fucsia-concha-caminho-de-santiago\/","title":{"rendered":"Ta\u00e7a de coco f\u00facsia. Concha. Caminho de Santiago."},"content":{"rendered":"<p>Esta ta\u00e7a de coco f\u00facsia, inspirada no Caminho de Santiago, \u00e9 uma fus\u00e3o excecional de design moderno e rica heran\u00e7a cultural. Com um acabamento brilhante num f\u00facsia vibrante, esta ta\u00e7a destaca-se pela sua forma de concha decorativa que evoca a beleza natural da costa mediterr\u00e2nica. O padr\u00e3o de mosaico em relevo que adorna as suas bordas confere-lhe um toque \u00fanico, tornando-a uma pe\u00e7a que capta a aten\u00e7\u00e3o. No seu interior, sobressai o emblem\u00e1tico s\u00edmbolo do Caminho de Santiago, um elemento que liga os amantes da hist\u00f3ria a esta famosa rota de peregrina\u00e7\u00e3o que atrai milhares de visitantes anualmente, refletindo o esp\u00edrito de aventura e descoberta.<\/p>\n<p>Esta ta\u00e7a n\u00e3o \u00e9 apenas um acess\u00f3rio decorativo, mas tamb\u00e9m uma recorda\u00e7\u00e3o aut\u00eantica que encapsula a ess\u00eancia de Espanha, ideal para aqueles turistas que procuram levar um pedacinho da cultura espanhola para casa. Na Ol\u00e9 Mosaic, especializamo-nos na distribui\u00e7\u00e3o de recorda\u00e7\u00f5es por grosso, e esta ta\u00e7a de coco \u00e9 uma excelente op\u00e7\u00e3o para lojas de presentes tur\u00edsticos que desejam oferecer produtos de qualidade e relev\u00e2ncia cultural. Com esta pe\u00e7a, os comerciantes podem oferecer aos seus clientes uma recorda\u00e7\u00e3o aut\u00eantica e significativa, assumindo o papel de grossistas de recorda\u00e7\u00f5es do Caminho de Santiago e contribuindo para a difus\u00e3o da cultura espanhola.<\/p>\n","protected":false},"excerpt":{"rendered":"<p>Ta\u00e7a de coco f\u00facsia inspirada no Caminho de Santiago, com um design vibrante e moderno. Esta ta\u00e7a apresenta uma decora\u00e7\u00e3o de concha com um acabamento f\u00facsia brilhante e um padr\u00e3o de mosaico em relevo que destaca a sua singularidade. No centro, exibe o emblema do Caminho de Santiago, real\u00e7ando a rica heran\u00e7a cultural desta famosa rota. Um acess\u00f3rio perfeito para levar um toque de Espanha ao seu lar.<\/p>\n","protected":false},"featured_media":11746,"template":"","meta":{"_acf_changed":false},"product_brand":[],"product_cat":[513],"product_tag":[],"class_list":{"0":"post-29993","1":"product","2":"type-product","3":"status-publish","4":"has-post-thumbnail","6":"product_cat-bols","7":"pa_ciudad-santiago","8":"pa_motivo-conchas","9":"pa_pais-espana","11":"first","12":"instock","13":"shipping-taxable","14":"product-type-simple"},"acf":[],"_links":{"self":[{"href":"https:\/\/olemosaic.com\/pt-pt\/wp-json\/wp\/v2\/product\/29993","targetHints":{"allow":["GET"]}}],"collection":[{"href":"https:\/\/olemosaic.com\/pt-pt\/wp-json\/wp\/v2\/product"}],"about":[{"href":"https:\/\/olemosaic.com\/pt-pt\/wp-json\/wp\/v2\/types\/product"}],"wp:featuredmedia":[{"embeddable":true,"href":"https:\/\/olemosaic.com\/pt-pt\/wp-json\/wp\/v2\/media\/11746"}],"wp:attachment":[{"href":"https:\/\/olemosaic.com\/pt-pt\/wp-json\/wp\/v2\/media?parent=29993"}],"wp:term":[{"taxonomy":"product_brand","embeddable":true,"href":"https:\/\/olemosaic.com\/pt-pt\/wp-json\/wp\/v2\/product_brand?post=29993"},{"taxonomy":"product_cat","embeddable":true,"href":"https:\/\/olemosaic.com\/pt-pt\/wp-json\/wp\/v2\/product_cat?post=29993"},{"taxonomy":"product_tag","embeddable":true,"href":"https:\/\/olemosaic.com\/pt-pt\/wp-json\/wp\/v2\/product_tag?post=29993"}],"curies":[{"name":"wp","href":"https:\/\/api.w.org\/{rel}","templated":true}]}}