{"id":29968,"date":"2025-02-20T23:30:35","date_gmt":"2025-02-20T22:30:35","guid":{"rendered":"http:\/\/olemosaic.com\/producto\/bol-de-coco-fucsia-caballito-de-mar-2\/"},"modified":"2025-07-25T18:43:32","modified_gmt":"2025-07-25T16:43:32","slug":"taca-de-coco-fucsia-cavalo-marinho-2","status":"publish","type":"product","link":"https:\/\/olemosaic.com\/pt-pt\/produto\/taca-de-coco-fucsia-cavalo-marinho-2\/","title":{"rendered":"Ta\u00e7a de coco f\u00facsia. Estilo mediterr\u00e2nico. Cavalo-marinho."},"content":{"rendered":"<p>Esta ta\u00e7a de coco f\u00facsia \u00e9 uma pe\u00e7a \u00fanica e vibrante, desenhada especialmente para quem procura um toque de cor e autenticidade na sua casa. Elaborada artesanalmente, esta ta\u00e7a apresenta um acabamento brilhante que real\u00e7a a sua atraente cor f\u00facsia. A sua decora\u00e7\u00e3o inclui um intrincado design de cavalo-marinho em cor branca, situado no centro, que cria um belo contraste visual e evoca o ambiente marinho. O delicado padr\u00e3o em redor do bordo, que simula uma malha, acrescenta um encanto adicional e enfatiza a qualidade do artesanato.<\/p>\n<p>Perfeita para usar como recipiente decorativo ou para guardar objetos pequenos, esta ta\u00e7a \u00e9 uma excelente op\u00e7\u00e3o para quem deseja adicionar um elemento original ao seu espa\u00e7o. O seu design colorido n\u00e3o s\u00f3 atrair\u00e1 todos os olhares, como tamb\u00e9m serve como uma recorda\u00e7\u00e3o representativa da cultura mar\u00edtima das regi\u00f5es costeiras, celebrando a biodiversidade do oceano.<\/p>\n<p>Na Ol\u00e9 Mosaic, especializamo-nos na distribui\u00e7\u00e3o de souvenirs por grosso, oferecendo produtos que refletem a autenticidade cultural. Esta ta\u00e7a de coco \u00e9 uma magn\u00edfica alternativa para lojas de presentes tur\u00edsticos que procurem oferecer artigos \u00fanicos e com significado. Destaca-se na sua oferta de souvenirs, tornando-se uma excelente ideia de presente para turistas que desejem levar para casa um pedacinho da ess\u00eancia do mar.<\/p>\n","protected":false},"excerpt":{"rendered":"<p>Ta\u00e7a de coco f\u00facsia vibrante, decorada com um atraente design de cavalo-marinho. Esta ta\u00e7a original, elaborada artesanalmente, apresenta um acabamento brilhante e padr\u00f5es detalhados que evocam o ambiente marinho. O motivo central do cavalo-marinho, em cor branca, confere um contraste \u00fanico. Perfeita para uso decorativo ou como recipiente para pequenos objetos, o seu design colorido atrair\u00e1 todos os olhares em qualquer canto da sua casa.<\/p>\n","protected":false},"featured_media":10060,"template":"","meta":{"_acf_changed":false},"product_brand":[],"product_cat":[513],"product_tag":[516],"class_list":{"0":"post-29968","1":"product","2":"type-product","3":"status-publish","4":"has-post-thumbnail","6":"product_cat-bols","7":"product_tag-animais","8":"pa_motivo-cavalos-marinhos","10":"first","11":"instock","12":"shipping-taxable","13":"product-type-simple"},"acf":[],"_links":{"self":[{"href":"https:\/\/olemosaic.com\/pt-pt\/wp-json\/wp\/v2\/product\/29968","targetHints":{"allow":["GET"]}}],"collection":[{"href":"https:\/\/olemosaic.com\/pt-pt\/wp-json\/wp\/v2\/product"}],"about":[{"href":"https:\/\/olemosaic.com\/pt-pt\/wp-json\/wp\/v2\/types\/product"}],"wp:featuredmedia":[{"embeddable":true,"href":"https:\/\/olemosaic.com\/pt-pt\/wp-json\/wp\/v2\/media\/10060"}],"wp:attachment":[{"href":"https:\/\/olemosaic.com\/pt-pt\/wp-json\/wp\/v2\/media?parent=29968"}],"wp:term":[{"taxonomy":"product_brand","embeddable":true,"href":"https:\/\/olemosaic.com\/pt-pt\/wp-json\/wp\/v2\/product_brand?post=29968"},{"taxonomy":"product_cat","embeddable":true,"href":"https:\/\/olemosaic.com\/pt-pt\/wp-json\/wp\/v2\/product_cat?post=29968"},{"taxonomy":"product_tag","embeddable":true,"href":"https:\/\/olemosaic.com\/pt-pt\/wp-json\/wp\/v2\/product_tag?post=29968"}],"curies":[{"name":"wp","href":"https:\/\/api.w.org\/{rel}","templated":true}]}}