{"id":29967,"date":"2025-02-20T23:30:35","date_gmt":"2025-02-20T22:30:35","guid":{"rendered":"http:\/\/olemosaic.com\/producto\/bol-de-coco-fucsia-mariposa-3\/"},"modified":"2025-07-25T20:38:15","modified_gmt":"2025-07-25T18:38:15","slug":"taca-de-coco-fucsia-borboleta-3","status":"publish","type":"product","link":"https:\/\/olemosaic.com\/pt-pt\/produto\/taca-de-coco-fucsia-borboleta-3\/","title":{"rendered":"Ta\u00e7a de coco f\u00facsia. Borboleta. Padr\u00e3o de cora\u00e7\u00f5es."},"content":{"rendered":"<p>Esta ta\u00e7a f\u00facsia de coco \u00e9 uma pe\u00e7a \u00fanica e vibrante que se destaca pelo seu elaborado design decorativo, ideal para quem procura recorda\u00e7\u00f5es aut\u00eanticas e representativas. Com uma cor f\u00facsia deslumbrante que capta a aten\u00e7\u00e3o, esta ta\u00e7a \u00e9 adornada com um delicado design de borboleta no centro, que simboliza a transforma\u00e7\u00e3o e a beleza ef\u00e9mera da natureza. Os bordos da ta\u00e7a est\u00e3o decorados com pequenos cora\u00e7\u00f5es, que acrescentam um toque de ternura e calor a esta pe\u00e7a artesanal.<\/p>\n<p>O acabamento brilhante real\u00e7a a eleg\u00e2ncia da sua forma arredondada e maximiza o apelo visual da ta\u00e7a, tornando-a um excelente complemento para qualquer ocasi\u00e3o, seja como elemento decorativo na sua casa ou como utens\u00edlio para servir pequenas del\u00edcias. Cada ta\u00e7a \u00e9 elaborada de forma artesanal, o que garante a sua singularidade e qualidade, tornando-a uma recorda\u00e7\u00e3o perfeita da sua viagem.<\/p>\n<p>Origin\u00e1ria de regi\u00f5es onde a cultura artesanal floresce, esta ta\u00e7a f\u00facsia de coco captura a ess\u00eancia da tradi\u00e7\u00e3o local, o que a torna uma recorda\u00e7\u00e3o ideal para turistas em busca de pe\u00e7as aut\u00eanticas e memor\u00e1veis. Na Ol\u00e9 Mosaic, como grossista de recorda\u00e7\u00f5es, oferecemos produtos que refletem a arte e a cultura de cada regi\u00e3o, garantindo que cada artigo seja uma representa\u00e7\u00e3o aut\u00eantica da sua heran\u00e7a cultural. Esta ta\u00e7a \u00e9 uma magn\u00edfica op\u00e7\u00e3o para lojas de presentes tur\u00edsticos que desejam oferecer artigos com um valor sentimental e est\u00e9tico, perfeitos para serem recordados e apreciados.<\/p>\n","protected":false},"excerpt":{"rendered":"<p>Ta\u00e7a de coco f\u00facsia adornada com um delicado design de borboleta no centro. Esta atraente ta\u00e7a, elaborada \u00e0 m\u00e3o, exibe uma cor f\u00facsia vibrante acompanhada de motivos de cora\u00e7\u00f5es nos bordos. O seu acabamento brilhante real\u00e7a a eleg\u00e2ncia da sua forma arredondada, tornando-a uma pe\u00e7a \u00fanica que funde tradi\u00e7\u00e3o e modernidade. Perfeita como elemento decorativo ou para servir pequenas del\u00edcias, o seu estilo distintivo torna-a ideal para qualquer ocasi\u00e3o.<\/p>\n","protected":false},"featured_media":13440,"template":"","meta":{"_acf_changed":false},"product_brand":[],"product_cat":[513],"product_tag":[516],"class_list":{"0":"post-29967","1":"product","2":"type-product","3":"status-publish","4":"has-post-thumbnail","6":"product_cat-bols","7":"product_tag-animais","8":"pa_motivo-borboletas","10":"first","11":"instock","12":"shipping-taxable","13":"product-type-simple"},"acf":[],"_links":{"self":[{"href":"https:\/\/olemosaic.com\/pt-pt\/wp-json\/wp\/v2\/product\/29967","targetHints":{"allow":["GET"]}}],"collection":[{"href":"https:\/\/olemosaic.com\/pt-pt\/wp-json\/wp\/v2\/product"}],"about":[{"href":"https:\/\/olemosaic.com\/pt-pt\/wp-json\/wp\/v2\/types\/product"}],"wp:featuredmedia":[{"embeddable":true,"href":"https:\/\/olemosaic.com\/pt-pt\/wp-json\/wp\/v2\/media\/13440"}],"wp:attachment":[{"href":"https:\/\/olemosaic.com\/pt-pt\/wp-json\/wp\/v2\/media?parent=29967"}],"wp:term":[{"taxonomy":"product_brand","embeddable":true,"href":"https:\/\/olemosaic.com\/pt-pt\/wp-json\/wp\/v2\/product_brand?post=29967"},{"taxonomy":"product_cat","embeddable":true,"href":"https:\/\/olemosaic.com\/pt-pt\/wp-json\/wp\/v2\/product_cat?post=29967"},{"taxonomy":"product_tag","embeddable":true,"href":"https:\/\/olemosaic.com\/pt-pt\/wp-json\/wp\/v2\/product_tag?post=29967"}],"curies":[{"name":"wp","href":"https:\/\/api.w.org\/{rel}","templated":true}]}}