{"id":29949,"date":"2025-02-20T23:30:35","date_gmt":"2025-02-20T22:30:35","guid":{"rendered":"http:\/\/olemosaic.com\/producto\/bol-de-coco-fucsia-mariposa-2\/"},"modified":"2025-07-25T19:00:22","modified_gmt":"2025-07-25T17:00:22","slug":"taca-de-coco-fucsia-borboleta-2","status":"publish","type":"product","link":"https:\/\/olemosaic.com\/pt-pt\/produto\/taca-de-coco-fucsia-borboleta-2\/","title":{"rendered":"Ta\u00e7a de coco f\u00facsia. Borboleta. Espanha."},"content":{"rendered":"<p>Esta ta\u00e7a de coco f\u00facsia \u00e9 uma pe\u00e7a decorativa e funcional que se destaca pelo seu design vibrante e distintivo, ideal para real\u00e7ar qualquer espa\u00e7o. Elaborada a partir de cascas de coco e mosaico, apresenta uma base circular em tons f\u00facsia e branco que cria um efeito visual cativante. A fus\u00e3o destas cores vibrantes confere-lhe um car\u00e1ter alegre e contempor\u00e2neo, enquanto os delicados detalhes de uma borboleta, aplicados subtilmente na parte frontal, acrescentam um toque art\u00edstico que evoca o folclore tradicional.<\/p>\n<p>A borboleta simboliza a transforma\u00e7\u00e3o e a beleza, elementos que est\u00e3o profundamente enraizados na cultura art\u00edstica de diversas regi\u00f5es, especialmente naquelas que celebram a natureza e o seu esplendor. Esta ta\u00e7a n\u00e3o s\u00f3 \u00e9 ideal para servir aperitivos ou saladas, como tamb\u00e9m pode funcionar como elemento decorativo, conferindo um ar elegante e original a qualquer divis\u00e3o.<\/p>\n<p>Na Ol\u00e9 Mosaic, especializamo-nos na distribui\u00e7\u00e3o de souvenirs por grosso, oferecendo produtos que refletem a autenticidade e a riqueza cultural. Esta ta\u00e7a de coco f\u00facsia \u00e9 uma excelente op\u00e7\u00e3o para lojas de presentes tur\u00edsticos que procuram souvenirs aut\u00eanticos, funcionais e com um design que ressoa com o esp\u00edrito do local. \u00c9 a recorda\u00e7\u00e3o perfeita para quem deseja levar um peda\u00e7o da tradi\u00e7\u00e3o e da arte local para as suas casas.<\/p>\n","protected":false},"excerpt":{"rendered":"<p>Ta\u00e7a de coco f\u00facsia decorada com um delicado motivo de borboleta. Esta atraente ta\u00e7a apresenta um design circular, elaborado a partir de pe\u00e7as de coco e mosaico que se destacam em tons f\u00facsia e branco, criando um efeito visual vibrante. Os detalhes da borboleta, aplicados com subtileza, acrescentam um toque art\u00edstico que evoca o encanto do folclore tradicional. Ideal como pe\u00e7a decorativa ou para uso quotidiano, esta ta\u00e7a \u00e9 uma homenagem ao artesanato t\u00edpico da regi\u00e3o.<\/p>\n","protected":false},"featured_media":13505,"template":"","meta":{"_acf_changed":false},"product_brand":[],"product_cat":[513],"product_tag":[516],"class_list":{"0":"post-29949","1":"product","2":"type-product","3":"status-publish","4":"has-post-thumbnail","6":"product_cat-bols","7":"product_tag-animais","8":"pa_motivo-borboletas","10":"first","11":"instock","12":"shipping-taxable","13":"product-type-simple"},"acf":[],"_links":{"self":[{"href":"https:\/\/olemosaic.com\/pt-pt\/wp-json\/wp\/v2\/product\/29949","targetHints":{"allow":["GET"]}}],"collection":[{"href":"https:\/\/olemosaic.com\/pt-pt\/wp-json\/wp\/v2\/product"}],"about":[{"href":"https:\/\/olemosaic.com\/pt-pt\/wp-json\/wp\/v2\/types\/product"}],"wp:featuredmedia":[{"embeddable":true,"href":"https:\/\/olemosaic.com\/pt-pt\/wp-json\/wp\/v2\/media\/13505"}],"wp:attachment":[{"href":"https:\/\/olemosaic.com\/pt-pt\/wp-json\/wp\/v2\/media?parent=29949"}],"wp:term":[{"taxonomy":"product_brand","embeddable":true,"href":"https:\/\/olemosaic.com\/pt-pt\/wp-json\/wp\/v2\/product_brand?post=29949"},{"taxonomy":"product_cat","embeddable":true,"href":"https:\/\/olemosaic.com\/pt-pt\/wp-json\/wp\/v2\/product_cat?post=29949"},{"taxonomy":"product_tag","embeddable":true,"href":"https:\/\/olemosaic.com\/pt-pt\/wp-json\/wp\/v2\/product_tag?post=29949"}],"curies":[{"name":"wp","href":"https:\/\/api.w.org\/{rel}","templated":true}]}}