{"id":29948,"date":"2025-02-20T23:30:34","date_gmt":"2025-02-20T22:30:34","guid":{"rendered":"http:\/\/olemosaic.com\/producto\/bol-de-coco-fucsia-sagrada-familia-barcelona-3\/"},"modified":"2025-07-25T19:15:03","modified_gmt":"2025-07-25T17:15:03","slug":"taca-de-coco-fucsia-sagrada-familia-barcelona-3","status":"publish","type":"product","link":"https:\/\/olemosaic.com\/pt-pt\/produto\/taca-de-coco-fucsia-sagrada-familia-barcelona-3\/","title":{"rendered":"Ta\u00e7a de coco f\u00facsia. Sagrada Fam\u00edlia. Gaud\u00ed. Barcelona."},"content":{"rendered":"<p>Esta ta\u00e7a de coco f\u00facsia \u00e9 uma pe\u00e7a decorativa vibrante que captura a ess\u00eancia de Barcelona atrav\u00e9s do seu design emblem\u00e1tico. Elaborada artesanalmente em coco, o seu acabamento brilhante e cor f\u00facsia destacam-se com descontra\u00e7\u00e3o, enquanto os cora\u00e7\u00f5es delicadamente pintados em redor da borda acrescentam um toque rom\u00e2ntico e festivo. No centro, destaca-se a ic\u00f3nica Sagrada Fam\u00edlia, uma das obras-primas de Antoni Gaud\u00ed, que se ergue como s\u00edmbolo da arquitetura modernista da cidade. Este design n\u00e3o s\u00f3 \u00e9 atraente \u00e0 vista, como tamb\u00e9m oferece um significado cultural profundo, recordando aos visitantes a rica heran\u00e7a hist\u00f3rica e art\u00edstica de Barcelona.<\/p>\n<p>Com a sua est\u00e9tica contempor\u00e2nea e a sua liga\u00e7\u00e3o cultural, esta ta\u00e7a torna-se um souvenir ideal para quem procura levar um fragmento da cidade. Al\u00e9m disso, a sua funcionalidade permite que seja utilizada tanto como elemento decorativo como utens\u00edlio para o lar, o que a transforma numa recorda\u00e7\u00e3o vers\u00e1til e pr\u00e1tica. Na Ol\u00e9 Mosaic, distribu\u00edmos aut\u00eanticos souvenirs de Barcelona por grosso, e esta ta\u00e7a de coco \u00e9 uma excelente op\u00e7\u00e3o para lojas de presentes tur\u00edsticos que desejem oferecer produtos de qualidade e relev\u00e2ncia cultural. N\u00e3o hesite em adicionar esta atraente ta\u00e7a de coco f\u00facsia ao seu cat\u00e1logo e oferecer aos seus clientes um peda\u00e7o do encanto barcelon\u00eas.<\/p>\n","protected":false},"excerpt":{"rendered":"<p>Ta\u00e7a de coco f\u00facsia com um design vibrante que representa a emblem\u00e1tica Sagrada Fam\u00edlia de Barcelona. Este artigo decorativo, fabricado em coco, apresenta um acabamento brilhante e detalhes em f\u00facsia, com cora\u00e7\u00f5es que adornam a borda. A cena ic\u00f3nica encontra-se no fundo, conferindo um toque cultural e moderno a esta recorda\u00e7\u00e3o aut\u00eantica. Perfeita para adicionar um elemento art\u00edstico a qualquer espa\u00e7o.<\/p>\n","protected":false},"featured_media":13465,"template":"","meta":{"_acf_changed":false},"product_brand":[],"product_cat":[513],"product_tag":[],"class_list":{"0":"post-29948","1":"product","2":"type-product","3":"status-publish","4":"has-post-thumbnail","6":"product_cat-bols","7":"pa_ciudad-barcelona","8":"pa_motivo-sagrada-familia","9":"pa_pais-espana","11":"first","12":"instock","13":"shipping-taxable","14":"product-type-simple"},"acf":[],"_links":{"self":[{"href":"https:\/\/olemosaic.com\/pt-pt\/wp-json\/wp\/v2\/product\/29948","targetHints":{"allow":["GET"]}}],"collection":[{"href":"https:\/\/olemosaic.com\/pt-pt\/wp-json\/wp\/v2\/product"}],"about":[{"href":"https:\/\/olemosaic.com\/pt-pt\/wp-json\/wp\/v2\/types\/product"}],"wp:featuredmedia":[{"embeddable":true,"href":"https:\/\/olemosaic.com\/pt-pt\/wp-json\/wp\/v2\/media\/13465"}],"wp:attachment":[{"href":"https:\/\/olemosaic.com\/pt-pt\/wp-json\/wp\/v2\/media?parent=29948"}],"wp:term":[{"taxonomy":"product_brand","embeddable":true,"href":"https:\/\/olemosaic.com\/pt-pt\/wp-json\/wp\/v2\/product_brand?post=29948"},{"taxonomy":"product_cat","embeddable":true,"href":"https:\/\/olemosaic.com\/pt-pt\/wp-json\/wp\/v2\/product_cat?post=29948"},{"taxonomy":"product_tag","embeddable":true,"href":"https:\/\/olemosaic.com\/pt-pt\/wp-json\/wp\/v2\/product_tag?post=29948"}],"curies":[{"name":"wp","href":"https:\/\/api.w.org\/{rel}","templated":true}]}}