{"id":29947,"date":"2025-02-20T23:30:34","date_gmt":"2025-02-20T22:30:34","guid":{"rendered":"http:\/\/olemosaic.com\/producto\/bol-de-coco-fucsia-salamandra-3\/"},"modified":"2025-07-25T19:13:08","modified_gmt":"2025-07-25T17:13:08","slug":"taca-de-coco-fucsia-salamandra-3","status":"publish","type":"product","link":"https:\/\/olemosaic.com\/pt-pt\/produto\/taca-de-coco-fucsia-salamandra-3\/","title":{"rendered":"Ta\u00e7a de coco f\u00facsia. Salamandra. Mosaico."},"content":{"rendered":"<p>Esta ta\u00e7a de coco f\u00facsia \u00e9 uma pe\u00e7a decorativa \u00fanica, destacada pelo seu design vibrante de salamandra, que confere um toque art\u00edstico e alegre a qualquer espa\u00e7o. A superf\u00edcie da ta\u00e7a apresenta um colorido mosaico de tons f\u00facsia, criando um contraste atraente com a base de cer\u00e2mica lisa no seu interior. No centro, sobressai uma figura com efeito pintado \u00e0 m\u00e3o de uma salamandra em tons castanhos, evocando a rica fauna que habita em diversas regi\u00f5es de Espanha, especialmente no sul, onde estas criaturas s\u00e3o s\u00edmbolo de vitalidade e adapta\u00e7\u00e3o ao meio envolvente.<\/p>\n<p>A elabora\u00e7\u00e3o desta ta\u00e7a \u00e9 um exemplo perfeito do artesanato tradicional da regi\u00e3o, onde os elementos naturais se combinam com t\u00e9cnicas art\u00edsticas para oferecer uma pe\u00e7a n\u00e3o s\u00f3 decorativa, mas tamb\u00e9m funcional. \u00c9 ideal tanto para o uso di\u00e1rio como para embelezar uma vitrine, real\u00e7ando a est\u00e9tica de qualquer divis\u00e3o. A sua mistura de texturas e cores torna-a um souvenir excecional, que representa a cultura local.<\/p>\n<p>Na Ol\u00e9 Mosaic, especializamo-nos na distribui\u00e7\u00e3o de souvenirs por grosso, oferecendo produtos aut\u00eanticos que refletem a riqueza cultural da sua origem. Esta ta\u00e7a de coco \u00e9 uma op\u00e7\u00e3o perfeita para as lojas de presentes tur\u00edsticos que procuram oferecer aos seus clientes pe\u00e7as aut\u00eanticas e com um forte v\u00ednculo cultural. Ao escolher esta ta\u00e7a f\u00facsia como parte da sua cole\u00e7\u00e3o, aportar\u00e1 um toque de criatividade e tradi\u00e7\u00e3o que encantar\u00e1 os turistas em busca de recorda\u00e7\u00f5es \u00fanicas.<\/p>\n","protected":false},"excerpt":{"rendered":"<p>Ta\u00e7a de coco f\u00facsia decorada com um design vibrante de salamandra, ideal para embelezar qualquer espa\u00e7o. Este artigo apresenta um colorido mosaico de tons f\u00facsia e uma base de cer\u00e2mica lisa, real\u00e7ando a figura pintada da salamandra em tons castanhos. A mistura de texturas e cores torna esta ta\u00e7a uma pe\u00e7a distintiva, perfeita como elemento decorativo ou para o uso di\u00e1rio, evocando o car\u00e1ter art\u00edstico e natural da regi\u00e3o.<\/p>\n","protected":false},"featured_media":11836,"template":"","meta":{"_acf_changed":false},"product_brand":[],"product_cat":[513],"product_tag":[516],"class_list":{"0":"post-29947","1":"product","2":"type-product","3":"status-publish","4":"has-post-thumbnail","6":"product_cat-bols","7":"product_tag-animais","8":"pa_motivo-salamandras","10":"first","11":"instock","12":"shipping-taxable","13":"product-type-simple"},"acf":[],"_links":{"self":[{"href":"https:\/\/olemosaic.com\/pt-pt\/wp-json\/wp\/v2\/product\/29947","targetHints":{"allow":["GET"]}}],"collection":[{"href":"https:\/\/olemosaic.com\/pt-pt\/wp-json\/wp\/v2\/product"}],"about":[{"href":"https:\/\/olemosaic.com\/pt-pt\/wp-json\/wp\/v2\/types\/product"}],"wp:featuredmedia":[{"embeddable":true,"href":"https:\/\/olemosaic.com\/pt-pt\/wp-json\/wp\/v2\/media\/11836"}],"wp:attachment":[{"href":"https:\/\/olemosaic.com\/pt-pt\/wp-json\/wp\/v2\/media?parent=29947"}],"wp:term":[{"taxonomy":"product_brand","embeddable":true,"href":"https:\/\/olemosaic.com\/pt-pt\/wp-json\/wp\/v2\/product_brand?post=29947"},{"taxonomy":"product_cat","embeddable":true,"href":"https:\/\/olemosaic.com\/pt-pt\/wp-json\/wp\/v2\/product_cat?post=29947"},{"taxonomy":"product_tag","embeddable":true,"href":"https:\/\/olemosaic.com\/pt-pt\/wp-json\/wp\/v2\/product_tag?post=29947"}],"curies":[{"name":"wp","href":"https:\/\/api.w.org\/{rel}","templated":true}]}}