{"id":29944,"date":"2025-02-20T22:30:34","date_gmt":"2025-02-20T22:30:34","guid":{"rendered":"http:\/\/olemosaic.com\/producto\/bol-de-coco-fucsia-isla-menorca\/"},"modified":"2025-07-25T20:29:46","modified_gmt":"2025-07-25T18:29:46","slug":"taca-de-coco-fucsia-ilha-menorca","status":"publish","type":"product","link":"https:\/\/olemosaic.com\/pt-pt\/produto\/taca-de-coco-fucsia-ilha-menorca\/","title":{"rendered":"Ta\u00e7a de coco f\u00facsia. Ilha. Menorca."},"content":{"rendered":"<p>Esta ta\u00e7a de coco f\u00facsia \u00e9 uma pe\u00e7a decorativa que captura a ess\u00eancia da ilha de Menorca, oferecendo um design vibrante e art\u00edstico. A base da ta\u00e7a est\u00e1 adornada com um brilhante mosaico em tons f\u00facsia, que lhe confere um car\u00e1ter alegre e contempor\u00e2neo. No centro, destaca-se a silhueta de Menorca, ilustrada num tom dourado quente, que real\u00e7a a beleza e autenticidade desta regi\u00e3o costeira do Mediterr\u00e2neo.<\/p>\n<p>Ideal para quem procura uma recorda\u00e7\u00e3o significativa da sua visita a Menorca, esta ta\u00e7a n\u00e3o s\u00f3 \u00e9 um elemento decorativo atraente, mas tamb\u00e9m funcional, perfeita para servir aperitivos ou como centro de mesa. A sua forma perfeitamente arredondada e o seu acabamento em cores vibrantes tornam-na uma magn\u00edfica adi\u00e7\u00e3o a qualquer casa, evocando mem\u00f3rias da ilha.<\/p>\n<p>Na Ol\u00e9 Mosaic, somos especialistas na distribui\u00e7\u00e3o de recorda\u00e7\u00f5es por grosso e esta ta\u00e7a de coco f\u00facsia posiciona-se como um excelente presente tur\u00edstico que celebra a cultura menorquina. Este tipo de recorda\u00e7\u00e3o n\u00e3o s\u00f3 representa a beleza local, como tamb\u00e9m promove o artesanato e o design mediterr\u00e2nico, tornando-a uma op\u00e7\u00e3o ideal para lojas de presentes que procuram atrair turistas com produtos aut\u00eanticos e relevantes.<\/p>\n","protected":false},"excerpt":{"rendered":"<p>Ta\u00e7a de coco f\u00facsia decorada com pinturas em cores vibrantes, inspirada na beleza de Menorca. Esta original ta\u00e7a reflete a ess\u00eancia da ilha atrav\u00e9s do seu design art\u00edstico: uma base com um brilhante mosaico de tons f\u00facsia e a silhueta de Menorca ilustrada num tom dourado quente. A sua forma perfeitamente arredondada torna-a um elemento decorativo e funcional ideal para qualquer casa.<\/p>\n","protected":false},"featured_media":11900,"template":"","meta":{"_acf_changed":false},"product_brand":[],"product_cat":[513],"product_tag":[],"class_list":{"0":"post-29944","1":"product","2":"type-product","3":"status-publish","4":"has-post-thumbnail","6":"product_cat-bols","7":"pa_ciudad-menorca","8":"pa_motivo-ilhas","9":"pa_pais-espana","11":"first","12":"instock","13":"shipping-taxable","14":"product-type-simple"},"acf":[],"_links":{"self":[{"href":"https:\/\/olemosaic.com\/pt-pt\/wp-json\/wp\/v2\/product\/29944","targetHints":{"allow":["GET"]}}],"collection":[{"href":"https:\/\/olemosaic.com\/pt-pt\/wp-json\/wp\/v2\/product"}],"about":[{"href":"https:\/\/olemosaic.com\/pt-pt\/wp-json\/wp\/v2\/types\/product"}],"wp:featuredmedia":[{"embeddable":true,"href":"https:\/\/olemosaic.com\/pt-pt\/wp-json\/wp\/v2\/media\/11900"}],"wp:attachment":[{"href":"https:\/\/olemosaic.com\/pt-pt\/wp-json\/wp\/v2\/media?parent=29944"}],"wp:term":[{"taxonomy":"product_brand","embeddable":true,"href":"https:\/\/olemosaic.com\/pt-pt\/wp-json\/wp\/v2\/product_brand?post=29944"},{"taxonomy":"product_cat","embeddable":true,"href":"https:\/\/olemosaic.com\/pt-pt\/wp-json\/wp\/v2\/product_cat?post=29944"},{"taxonomy":"product_tag","embeddable":true,"href":"https:\/\/olemosaic.com\/pt-pt\/wp-json\/wp\/v2\/product_tag?post=29944"}],"curies":[{"name":"wp","href":"https:\/\/api.w.org\/{rel}","templated":true}]}}