{"id":29942,"date":"2025-02-20T22:30:34","date_gmt":"2025-02-20T22:30:34","guid":{"rendered":"http:\/\/olemosaic.com\/producto\/bol-de-coco-fucsia-caballito-de-mar-menorca\/"},"modified":"2025-07-25T20:36:28","modified_gmt":"2025-07-25T18:36:28","slug":"taca-de-coco-fucsia-cavalo-marinho-menorca","status":"publish","type":"product","link":"https:\/\/olemosaic.com\/pt-pt\/produto\/taca-de-coco-fucsia-cavalo-marinho-menorca\/","title":{"rendered":"Ta\u00e7a de coco f\u00facsia. Cavalo-marinho. Menorca."},"content":{"rendered":"<p>Esta ta\u00e7a de coco f\u00facsia \u00e9 uma pe\u00e7a art\u00edstica cativante, inspirada na beleza natural de Menorca. O seu design apresenta um acabamento em tons f\u00facsia vibrantes que conferem um toque moderno, enquanto os detalhes irregulares da sua superf\u00edcie simulam uma rica textura que a torna \u00fanica. No centro, um encantador cavalo-marinho torna-se o protagonista, representado com tra\u00e7os art\u00edsticos finos que evocam a fauna marinha da ilha. Este motivo \u00e9 emoldurado por um mosaico de fragmentos em tons claros que contrastam maravilhosamente com a vibrante cor f\u00facsia, criando um efeito visual din\u00e2mico e atraente.<\/p>\n<p>Ideal como centro de mesa ou para servir aperitivos, esta ta\u00e7a n\u00e3o s\u00f3 \u00e9 funcional, como tamb\u00e9m transforma qualquer espa\u00e7o numa homenagem \u00e0 cultura menorquina. O seu design artesanal real\u00e7a a autenticidade da recorda\u00e7\u00e3o e reflete a rica liga\u00e7\u00e3o cultural de Menorca com o mar e a sua biodiversidade.<\/p>\n<p>Na Ol\u00e9 Mosaic, esfor\u00e7amo-nos por oferecer recorda\u00e7\u00f5es de qualidade que capturem a ess\u00eancia de cada regi\u00e3o. Esta ta\u00e7a \u00e9 uma excelente op\u00e7\u00e3o para os turistas que procuram recorda\u00e7\u00f5es representativas que lembrem a sua visita a Menorca. Como distribuidor de produtos artesanais por grosso, garantimos que esta ta\u00e7a de coco f\u00facsia \u00e9 uma adi\u00e7\u00e3o imprescind\u00edvel para qualquer loja de presentes tur\u00edsticos que valorize a autenticidade e o design.<\/p>\n","protected":false},"excerpt":{"rendered":"<p>Ta\u00e7a de coco f\u00facsia com um encantador design de cavalo-marinho, inspirado na beleza de Menorca. Esta elegante ta\u00e7a apresenta um acabamento f\u00facsia com detalhes irregulares que simulam uma rica textura. No centro, a ilustra\u00e7\u00e3o de um cavalo-marinho adiciona um toque distintivo e art\u00edstico, rodeado por um mosaico de fragmentos em tons claros. Perfeita como centro de mesa ou para servir aperitivos.<\/p>\n","protected":false},"featured_media":11908,"template":"","meta":{"_acf_changed":false},"product_brand":[],"product_cat":[513],"product_tag":[516],"class_list":{"0":"post-29942","1":"product","2":"type-product","3":"status-publish","4":"has-post-thumbnail","6":"product_cat-bols","7":"product_tag-animais","8":"pa_ciudad-menorca","9":"pa_motivo-cavalos-marinhos","10":"pa_pais-espana","12":"first","13":"instock","14":"shipping-taxable","15":"product-type-simple"},"acf":[],"_links":{"self":[{"href":"https:\/\/olemosaic.com\/pt-pt\/wp-json\/wp\/v2\/product\/29942","targetHints":{"allow":["GET"]}}],"collection":[{"href":"https:\/\/olemosaic.com\/pt-pt\/wp-json\/wp\/v2\/product"}],"about":[{"href":"https:\/\/olemosaic.com\/pt-pt\/wp-json\/wp\/v2\/types\/product"}],"wp:featuredmedia":[{"embeddable":true,"href":"https:\/\/olemosaic.com\/pt-pt\/wp-json\/wp\/v2\/media\/11908"}],"wp:attachment":[{"href":"https:\/\/olemosaic.com\/pt-pt\/wp-json\/wp\/v2\/media?parent=29942"}],"wp:term":[{"taxonomy":"product_brand","embeddable":true,"href":"https:\/\/olemosaic.com\/pt-pt\/wp-json\/wp\/v2\/product_brand?post=29942"},{"taxonomy":"product_cat","embeddable":true,"href":"https:\/\/olemosaic.com\/pt-pt\/wp-json\/wp\/v2\/product_cat?post=29942"},{"taxonomy":"product_tag","embeddable":true,"href":"https:\/\/olemosaic.com\/pt-pt\/wp-json\/wp\/v2\/product_tag?post=29942"}],"curies":[{"name":"wp","href":"https:\/\/api.w.org\/{rel}","templated":true}]}}