{"id":29906,"date":"2025-02-20T23:30:33","date_gmt":"2025-02-20T22:30:33","guid":{"rendered":"http:\/\/olemosaic.com\/producto\/bol-de-coco-fucsia-salamandra-barcelona-3\/"},"modified":"2025-07-25T22:14:35","modified_gmt":"2025-07-25T20:14:35","slug":"taca-de-coco-fucsia-salamandra-barcelona-3","status":"publish","type":"product","link":"https:\/\/olemosaic.com\/pt-pt\/produto\/taca-de-coco-fucsia-salamandra-barcelona-3\/","title":{"rendered":"Ta\u00e7a de coco f\u00facsia. Salamandra. Gaud\u00ed. Barcelona."},"content":{"rendered":"<p>Esta ta\u00e7a de coco f\u00facsia \u00e9 uma pe\u00e7a decorativa requintada que evoca a vibrante criatividade de Barcelona. Com um acabamento em tons f\u00facsia intensos, o seu design capta a aten\u00e7\u00e3o e adiciona um toque de originalidade a qualquer espa\u00e7o. A forma curva da ta\u00e7a combina eleg\u00e2ncia e funcionalidade, criando um ponto focal atraente na casa. No seu interior, destaca-se uma impressionante ilustra\u00e7\u00e3o de uma salamandra em tons castanhos, que simboliza a vitalidade e a cultura que caracterizam esta cidade emblem\u00e1tica. Por baixo da salamandra, aparece a palavra &#8220;Barcelona&#8221;, ligando este produto \u00e0 sua origem cultural.<\/p>\n<p>Os detalhes em mosaico que adornam a superf\u00edcie da ta\u00e7a adicionam um n\u00edvel de sofistica\u00e7\u00e3o e dinamismo \u00e0 pe\u00e7a, tornando este artigo uma recorda\u00e7\u00e3o perfeita de Barcelona. Esta ta\u00e7a n\u00e3o s\u00f3 \u00e9 ideal para quem procura um elemento decorativo \u00fanico, como tamb\u00e9m uma recorda\u00e7\u00e3o aut\u00eantica que encapsula a ess\u00eancia da tradi\u00e7\u00e3o art\u00edstica catal\u00e3. Na Ol\u00e9 Mosaic somos especialistas na distribui\u00e7\u00e3o de souvenirs de alta qualidade e oferecemos esta ta\u00e7a de coco f\u00facsia como uma excelente op\u00e7\u00e3o para lojas de presentes tur\u00edsticos. Com o seu design atraente e a sua liga\u00e7\u00e3o cultural, esta ta\u00e7a com a salamandra ir\u00e1 certamente cativar os visitantes que procuram levar um peda\u00e7o de Barcelona para casa.<\/p>\n","protected":false},"excerpt":{"rendered":"<p>Ta\u00e7a de coco f\u00facsia decorada com um design vibrante de salamandra, inspirado na criatividade barcelonesa. Esta elegante ta\u00e7a apresenta um acabamento em tons f\u00facsia com detalhes em mosaico que real\u00e7am a sua forma curva. No centro, destaca-se uma ilustra\u00e7\u00e3o de salamandra em tons castanhos, acompanhada pelo texto &#8220;Barcelona&#8221;. Este artigo atraente \u00e9 ideal para adicionar um toque de cor e originalidade a qualquer espa\u00e7o.<\/p>\n","protected":false},"featured_media":11864,"template":"","meta":{"_acf_changed":false},"product_brand":[],"product_cat":[513],"product_tag":[516],"class_list":{"0":"post-29906","1":"product","2":"type-product","3":"status-publish","4":"has-post-thumbnail","6":"product_cat-bols","7":"product_tag-animais","8":"pa_ciudad-barcelona","9":"pa_motivo-salamandras","10":"pa_pais-espana","12":"first","13":"instock","14":"shipping-taxable","15":"product-type-simple"},"acf":[],"_links":{"self":[{"href":"https:\/\/olemosaic.com\/pt-pt\/wp-json\/wp\/v2\/product\/29906","targetHints":{"allow":["GET"]}}],"collection":[{"href":"https:\/\/olemosaic.com\/pt-pt\/wp-json\/wp\/v2\/product"}],"about":[{"href":"https:\/\/olemosaic.com\/pt-pt\/wp-json\/wp\/v2\/types\/product"}],"wp:featuredmedia":[{"embeddable":true,"href":"https:\/\/olemosaic.com\/pt-pt\/wp-json\/wp\/v2\/media\/11864"}],"wp:attachment":[{"href":"https:\/\/olemosaic.com\/pt-pt\/wp-json\/wp\/v2\/media?parent=29906"}],"wp:term":[{"taxonomy":"product_brand","embeddable":true,"href":"https:\/\/olemosaic.com\/pt-pt\/wp-json\/wp\/v2\/product_brand?post=29906"},{"taxonomy":"product_cat","embeddable":true,"href":"https:\/\/olemosaic.com\/pt-pt\/wp-json\/wp\/v2\/product_cat?post=29906"},{"taxonomy":"product_tag","embeddable":true,"href":"https:\/\/olemosaic.com\/pt-pt\/wp-json\/wp\/v2\/product_tag?post=29906"}],"curies":[{"name":"wp","href":"https:\/\/api.w.org\/{rel}","templated":true}]}}