{"id":29905,"date":"2025-02-20T23:30:33","date_gmt":"2025-02-20T22:30:33","guid":{"rendered":"http:\/\/olemosaic.com\/producto\/bol-de-coco-fucsia-sardina-4\/"},"modified":"2025-07-25T19:22:45","modified_gmt":"2025-07-25T17:22:45","slug":"taca-de-coco-fucsia-sardinha-4","status":"publish","type":"product","link":"https:\/\/olemosaic.com\/pt-pt\/produto\/taca-de-coco-fucsia-sardinha-4\/","title":{"rendered":"Ta\u00e7a de coco f\u00facsia. Sardinha. Lisboa. Portugal."},"content":{"rendered":"<p>Esta ta\u00e7a de coco f\u00facsia \u00e9 uma requintada pe\u00e7a decorativa que encapsula a ess\u00eancia vibrante da cultura portuguesa. Com o seu atraente mosaico que apresenta formas irregulares em tons de f\u00facsia e branco, esta ta\u00e7a destaca-se pelo seu design muito especial e art\u00edstico que recorda a rica tradi\u00e7\u00e3o da cer\u00e2mica em Portugal. O interior da ta\u00e7a, com um acabamento brilhante que reflete a luz, contrasta harmoniosamente com a textura natural do coco no exterior, o que adiciona car\u00e1ter e autenticidade \u00e0 pe\u00e7a.<\/p>\n<p>Ideal para embelezar qualquer canto da casa, esta ta\u00e7a n\u00e3o \u00e9 apenas um objeto decorativo, mas tamb\u00e9m um excelente souvenir que simboliza o calor e a criatividade da regi\u00e3o. O seu design inspirador evoca as ruas coloridas e os azulejos t\u00edpicos das cidades portuguesas, tornando esta ta\u00e7a uma recorda\u00e7\u00e3o perfeita da rica heran\u00e7a cultural do pa\u00eds.<\/p>\n<p>Na Ol\u00e9 Mosaic, orgulhamo-nos de oferecer produtos aut\u00eanticos e de qualidade. Esta ta\u00e7a de coco f\u00facsia \u00e9 uma excelente escolha para lojas de presentes tur\u00edsticos que procuram artigos \u00fanicos e representativos de Portugal. Como grossistas de souvenirs, garantimos uma variedade de pe\u00e7as que celebram a identidade cultural e art\u00edstica de cada regi\u00e3o, o que a torna um produto de destaque para qualquer amante de recorda\u00e7\u00f5es aut\u00eanticas.<\/p>\n","protected":false},"excerpt":{"rendered":"<p>Ta\u00e7a de coco f\u00facsia decorada com um atraente mosaico que apresenta formas irregulares em tons de f\u00facsia e branco. Este artigo singular, inspirado na rica cultura portuguesa, combina a naturalidade do coco com um design art\u00edstico que evoca a tradi\u00e7\u00e3o cer\u00e2mica da regi\u00e3o. O seu acabamento brilhante e os detalhes de mosaico tornam-na uma pe\u00e7a ideal para embelezar qualquer canto da sua casa.<\/p>\n","protected":false},"featured_media":11987,"template":"","meta":{"_acf_changed":false},"product_brand":[],"product_cat":[513],"product_tag":[516],"class_list":{"0":"post-29905","1":"product","2":"type-product","3":"status-publish","4":"has-post-thumbnail","6":"product_cat-bols","7":"product_tag-animais","8":"pa_motivo-sardinhas","9":"pa_pais-portugal","11":"first","12":"instock","13":"shipping-taxable","14":"product-type-simple"},"acf":[],"_links":{"self":[{"href":"https:\/\/olemosaic.com\/pt-pt\/wp-json\/wp\/v2\/product\/29905","targetHints":{"allow":["GET"]}}],"collection":[{"href":"https:\/\/olemosaic.com\/pt-pt\/wp-json\/wp\/v2\/product"}],"about":[{"href":"https:\/\/olemosaic.com\/pt-pt\/wp-json\/wp\/v2\/types\/product"}],"wp:featuredmedia":[{"embeddable":true,"href":"https:\/\/olemosaic.com\/pt-pt\/wp-json\/wp\/v2\/media\/11987"}],"wp:attachment":[{"href":"https:\/\/olemosaic.com\/pt-pt\/wp-json\/wp\/v2\/media?parent=29905"}],"wp:term":[{"taxonomy":"product_brand","embeddable":true,"href":"https:\/\/olemosaic.com\/pt-pt\/wp-json\/wp\/v2\/product_brand?post=29905"},{"taxonomy":"product_cat","embeddable":true,"href":"https:\/\/olemosaic.com\/pt-pt\/wp-json\/wp\/v2\/product_cat?post=29905"},{"taxonomy":"product_tag","embeddable":true,"href":"https:\/\/olemosaic.com\/pt-pt\/wp-json\/wp\/v2\/product_tag?post=29905"}],"curies":[{"name":"wp","href":"https:\/\/api.w.org\/{rel}","templated":true}]}}