{"id":29904,"date":"2025-02-20T23:30:32","date_gmt":"2025-02-20T22:30:32","guid":{"rendered":"http:\/\/olemosaic.com\/producto\/bol-de-coco-fucsia-mano-2\/"},"modified":"2025-07-25T19:38:46","modified_gmt":"2025-07-25T17:38:46","slug":"taca-de-coco-fucsia-mao-2","status":"publish","type":"product","link":"https:\/\/olemosaic.com\/pt-pt\/produto\/taca-de-coco-fucsia-mao-2\/","title":{"rendered":"Ta\u00e7a de coco f\u00facsia. M\u00e3o. Hamsa."},"content":{"rendered":"<p>Esta ta\u00e7a de coco f\u00facsia \u00e9 uma requintada pe\u00e7a artesanal que encapsula a vibrante cultura mediterr\u00e2nica, ideal para decorar e organizar pequenos objetos con um toque de originalidade. Com um tom f\u00facsia brilhante que real\u00e7a o seu acabamento polido, esta ta\u00e7a apresenta um cativante design central da m\u00e3o de F\u00e1tima, um s\u00edmbolo universal de prote\u00e7\u00e3o e boa fortuna. A m\u00e3o, adornada com um olho, destaca-se sobre um fundo radiante que irradia energia positiva. A borda da ta\u00e7a, decorada com cora\u00e7\u00f5es delicados, adiciona um toque de amor e calor, tornando-a uma pe\u00e7a n\u00e3o s\u00f3 funcional, mas tamb\u00e9m esteticamente atraente.<\/p>\n<p>Feita \u00e0 m\u00e3o por artes\u00e3os locais, cada ta\u00e7a \u00e9 uma obra \u00fanica que reflete a rica tradi\u00e7\u00e3o da arte decorativa da regi\u00e3o. Esta ta\u00e7a de coco \u00e9 perfeita para quem procura souvenirs aut\u00eanticos e significativos da sua viagem, oferecendo um peda\u00e7o da cultura local que pode levar para casa. Na Ol\u00e9 Mosaic, o nosso foco na qualidade e na autenticidade manifesta-se nesta magn\u00edfica ta\u00e7a, uma excelente op\u00e7\u00e3o para lojas de presentes tur\u00edsticos que desejam oferecer produtos com hist\u00f3ria. Como distribuidores de souvenirs, garantimos que esta ta\u00e7a n\u00e3o s\u00f3 embelezar\u00e1 qualquer espa\u00e7o, como tamb\u00e9m ressoar\u00e1 com a hist\u00f3ria e a cultura da sua origem.<\/p>\n","protected":false},"excerpt":{"rendered":"<p>Ta\u00e7a de coco f\u00facsia feita \u00e0 m\u00e3o, ideal para decorar e organizar pequenos objetos. Esta preciosa ta\u00e7a apresenta um tom f\u00facsia vibrante com um design central da m\u00e3o de F\u00e1tima, s\u00edmbolo de prote\u00e7\u00e3o, e uma borda decorada com cora\u00e7\u00f5es. O seu acabamento brilhante e o uso de t\u00e9cnicas artesanais conferem-lhe um toque \u00fanico e colorido, perfeito para proporcionar um ar vibrante e cultural a qualquer espa\u00e7o.<\/p>\n","protected":false},"featured_media":13457,"template":"","meta":{"_acf_changed":false},"product_brand":[],"product_cat":[513],"product_tag":[],"class_list":{"0":"post-29904","1":"product","2":"type-product","3":"status-publish","4":"has-post-thumbnail","6":"product_cat-bols","7":"pa_motivo-maos","9":"first","10":"instock","11":"shipping-taxable","12":"product-type-simple"},"acf":[],"_links":{"self":[{"href":"https:\/\/olemosaic.com\/pt-pt\/wp-json\/wp\/v2\/product\/29904","targetHints":{"allow":["GET"]}}],"collection":[{"href":"https:\/\/olemosaic.com\/pt-pt\/wp-json\/wp\/v2\/product"}],"about":[{"href":"https:\/\/olemosaic.com\/pt-pt\/wp-json\/wp\/v2\/types\/product"}],"wp:featuredmedia":[{"embeddable":true,"href":"https:\/\/olemosaic.com\/pt-pt\/wp-json\/wp\/v2\/media\/13457"}],"wp:attachment":[{"href":"https:\/\/olemosaic.com\/pt-pt\/wp-json\/wp\/v2\/media?parent=29904"}],"wp:term":[{"taxonomy":"product_brand","embeddable":true,"href":"https:\/\/olemosaic.com\/pt-pt\/wp-json\/wp\/v2\/product_brand?post=29904"},{"taxonomy":"product_cat","embeddable":true,"href":"https:\/\/olemosaic.com\/pt-pt\/wp-json\/wp\/v2\/product_cat?post=29904"},{"taxonomy":"product_tag","embeddable":true,"href":"https:\/\/olemosaic.com\/pt-pt\/wp-json\/wp\/v2\/product_tag?post=29904"}],"curies":[{"name":"wp","href":"https:\/\/api.w.org\/{rel}","templated":true}]}}