{"id":29903,"date":"2025-02-20T23:30:32","date_gmt":"2025-02-20T22:30:32","guid":{"rendered":"http:\/\/olemosaic.com\/producto\/bol-de-coco-fucsia-sardina-3\/"},"modified":"2025-07-25T19:00:42","modified_gmt":"2025-07-25T17:00:42","slug":"taca-de-coco-fucsia-sardinha-3","status":"publish","type":"product","link":"https:\/\/olemosaic.com\/pt-pt\/produto\/taca-de-coco-fucsia-sardinha-3\/","title":{"rendered":"Ta\u00e7a de coco f\u00facsia. Sardinha. Azulejos portugueses."},"content":{"rendered":"<p>Esta ta\u00e7a de coco f\u00facsia \u00e9 uma requintada pe\u00e7a artesanal que captura a ess\u00eancia da rica tradi\u00e7\u00e3o piscat\u00f3ria das costas espanholas. Com uma cor f\u00facsia vibrante, destaca-se pela sua elegante ilustra\u00e7\u00e3o de uma sardinha, s\u00edmbolo ic\u00f3nico da gastronomia mediterr\u00e2nica. O design apresenta uma borda escura que acentua a curva da ta\u00e7a, conferindo um toque sofisticado e moderno.<\/p>\n<p>A t\u00e9cnica de acabamento inclui um atraente efeito craquelado que, al\u00e9m de adicionar textura visual, confere a cada pe\u00e7a um car\u00e1ter \u00fanico. Esta ta\u00e7a n\u00e3o s\u00f3 \u00e9 uma op\u00e7\u00e3o decorativa impressionante, como tamb\u00e9m \u00e9 perfeita para servir aperitivos em reuni\u00f5es e celebra\u00e7\u00f5es, fundindo funcionalidade e estilo de forma excecional.<\/p>\n<p>A sardinha, abundante nas \u00e1guas da pen\u00ednsula, representa a liga\u00e7\u00e3o da cultura local com o mar e a tradi\u00e7\u00e3o culin\u00e1ria da regi\u00e3o. Portanto, esta ta\u00e7a de coco \u00e9 muito mais do que um simples objeto; \u00e9 uma recorda\u00e7\u00e3o que evoca a beleza e autenticidade das costas espanholas.<\/p>\n<p>Na Ol\u00e9 Mosaic, especializamo-nos na distribui\u00e7\u00e3o de souvenirs por grosso, oferecendo uma variedade de produtos artesanais representativos da tradi\u00e7\u00e3o espanhola. Esta ta\u00e7a de coco f\u00facsia \u00e9 uma op\u00e7\u00e3o ideal para lojas de presentes tur\u00edsticos que procuram oferecer aos seus clientes um souvenir aut\u00eantico e representativo dos costumes locais. Como grossistas de artigos artesanais, garantimos qualidade e autenticidade em cada pe\u00e7a, fazendo desta ta\u00e7a um excelente presente para quem deseja levar um fragmento da cultura mediterr\u00e2nica.<\/p>\n","protected":false},"excerpt":{"rendered":"<p>Ta\u00e7a de coco f\u00facsia decorada com uma elegante ilustra\u00e7\u00e3o de uma sardinha, que representa a rica tradi\u00e7\u00e3o piscat\u00f3ria das costas espanholas. Esta pe\u00e7a artesanal destaca-se pela sua cor f\u00facsia vibrante e pelo seu design refinado, com uma borda escura que real\u00e7a a sua forma curva. A sua t\u00e9cnica de acabamento inclui um efeito craquelado que adiciona textura e singularidade. Perfeita como elemento decorativo ou para servir aperitivos, funde funcionalidade e estilo num \u00fanico produto.<\/p>\n","protected":false},"featured_media":11735,"template":"","meta":{"_acf_changed":false},"product_brand":[],"product_cat":[513],"product_tag":[516],"class_list":{"0":"post-29903","1":"product","2":"type-product","3":"status-publish","4":"has-post-thumbnail","6":"product_cat-bols","7":"product_tag-animais","8":"pa_motivo-sardinhas","10":"first","11":"instock","12":"shipping-taxable","13":"product-type-simple"},"acf":[],"_links":{"self":[{"href":"https:\/\/olemosaic.com\/pt-pt\/wp-json\/wp\/v2\/product\/29903","targetHints":{"allow":["GET"]}}],"collection":[{"href":"https:\/\/olemosaic.com\/pt-pt\/wp-json\/wp\/v2\/product"}],"about":[{"href":"https:\/\/olemosaic.com\/pt-pt\/wp-json\/wp\/v2\/types\/product"}],"wp:featuredmedia":[{"embeddable":true,"href":"https:\/\/olemosaic.com\/pt-pt\/wp-json\/wp\/v2\/media\/11735"}],"wp:attachment":[{"href":"https:\/\/olemosaic.com\/pt-pt\/wp-json\/wp\/v2\/media?parent=29903"}],"wp:term":[{"taxonomy":"product_brand","embeddable":true,"href":"https:\/\/olemosaic.com\/pt-pt\/wp-json\/wp\/v2\/product_brand?post=29903"},{"taxonomy":"product_cat","embeddable":true,"href":"https:\/\/olemosaic.com\/pt-pt\/wp-json\/wp\/v2\/product_cat?post=29903"},{"taxonomy":"product_tag","embeddable":true,"href":"https:\/\/olemosaic.com\/pt-pt\/wp-json\/wp\/v2\/product_tag?post=29903"}],"curies":[{"name":"wp","href":"https:\/\/api.w.org\/{rel}","templated":true}]}}