{"id":29902,"date":"2025-02-20T22:30:32","date_gmt":"2025-02-20T22:30:32","guid":{"rendered":"http:\/\/olemosaic.com\/producto\/bol-de-coco-fucsia-delfin-tenerife\/"},"modified":"2025-07-25T20:17:12","modified_gmt":"2025-07-25T18:17:12","slug":"taca-de-coco-fucsia-golfinho-tenerife","status":"publish","type":"product","link":"https:\/\/olemosaic.com\/pt-pt\/produto\/taca-de-coco-fucsia-golfinho-tenerife\/","title":{"rendered":"Ta\u00e7a de coco f\u00facsia. Golfinho. Tenerife."},"content":{"rendered":"<p>Esta ta\u00e7a de coco f\u00facsia \u00e9 uma pe\u00e7a decorativa excecional que encapsula a beleza do oceano e o artesanato can\u00e1rio. Origin\u00e1ria de Tenerife, apresenta um design vibrante e colorido, com um elegante golfinho no centro, s\u00edmbolo da fauna marinha da regi\u00e3o, que evoca o esp\u00edrito do mar. A superf\u00edcie da ta\u00e7a \u00e9 adornada com uma borda de placas f\u00facsias, criando um contraste encantador que real\u00e7a a naturalidade do material de coco. Cada ta\u00e7a \u00e9 feita \u00e0 m\u00e3o, o que garante que cada pe\u00e7a seja \u00fanica no seu design e cor.<\/p>\n<p>A t\u00e9cnica empregada para a sua cria\u00e7\u00e3o incorpora elementos brilhantes que refletem a luz de maneira cativante, tornando-a um excelente acess\u00f3rio decorativo para qualquer espa\u00e7o. Esta ta\u00e7a n\u00e3o s\u00f3 \u00e9 perfeita para uso decorativo, como tamb\u00e9m representa uma recorda\u00e7\u00e3o aut\u00eantica das costas can\u00e1rias, o que a torna um souvenir ideal para aqueles que procuram levar um peda\u00e7o da paisagem de Tenerife. Na Ol\u00e9 Mosaic, como distribuidor de souvenirs, oferecemos produtos que n\u00e3o s\u00f3 capturam a ess\u00eancia cultural da sua origem, mas tamb\u00e9m proporcionam uma liga\u00e7\u00e3o emocional com os belos recantos de Espanha. Esta ta\u00e7a de coco f\u00facsia \u00e9 uma maravilhosa op\u00e7\u00e3o para lojas de presentes tur\u00edsticos que procuram oferecer souvenirs de qualidade com um toque cultural e aut\u00eantico.<\/p>\n","protected":false},"excerpt":{"rendered":"<p>Ta\u00e7a de coco f\u00facsia, decorada com um golfinho no centro e uma borda adornada com placas da mesma cor. Origin\u00e1ria de Tenerife, esta singular ta\u00e7a combina a naturalidade do coco com motivos marinhos, oferecendo um acabamento que evoca a beleza do oceano. A sua t\u00e9cnica de elabora\u00e7\u00e3o inclui elementos coloridos e brilhantes, ideal para uso decorativo ou como uma recorda\u00e7\u00e3o original que captura a ess\u00eancia can\u00e1ria.<\/p>\n","protected":false},"featured_media":11932,"template":"","meta":{"_acf_changed":false},"product_brand":[],"product_cat":[513],"product_tag":[516],"class_list":{"0":"post-29902","1":"product","2":"type-product","3":"status-publish","4":"has-post-thumbnail","6":"product_cat-bols","7":"product_tag-animais","8":"pa_ciudad-tenerife","9":"pa_motivo-golfinhos","10":"pa_pais-espana","12":"first","13":"instock","14":"shipping-taxable","15":"product-type-simple"},"acf":[],"_links":{"self":[{"href":"https:\/\/olemosaic.com\/pt-pt\/wp-json\/wp\/v2\/product\/29902","targetHints":{"allow":["GET"]}}],"collection":[{"href":"https:\/\/olemosaic.com\/pt-pt\/wp-json\/wp\/v2\/product"}],"about":[{"href":"https:\/\/olemosaic.com\/pt-pt\/wp-json\/wp\/v2\/types\/product"}],"wp:featuredmedia":[{"embeddable":true,"href":"https:\/\/olemosaic.com\/pt-pt\/wp-json\/wp\/v2\/media\/11932"}],"wp:attachment":[{"href":"https:\/\/olemosaic.com\/pt-pt\/wp-json\/wp\/v2\/media?parent=29902"}],"wp:term":[{"taxonomy":"product_brand","embeddable":true,"href":"https:\/\/olemosaic.com\/pt-pt\/wp-json\/wp\/v2\/product_brand?post=29902"},{"taxonomy":"product_cat","embeddable":true,"href":"https:\/\/olemosaic.com\/pt-pt\/wp-json\/wp\/v2\/product_cat?post=29902"},{"taxonomy":"product_tag","embeddable":true,"href":"https:\/\/olemosaic.com\/pt-pt\/wp-json\/wp\/v2\/product_tag?post=29902"}],"curies":[{"name":"wp","href":"https:\/\/api.w.org\/{rel}","templated":true}]}}