{"id":29901,"date":"2025-02-20T23:30:32","date_gmt":"2025-02-20T22:30:32","guid":{"rendered":"http:\/\/olemosaic.com\/producto\/bol-de-coco-fucsia-abanico-2\/"},"modified":"2025-07-25T20:56:59","modified_gmt":"2025-07-25T18:56:59","slug":"taca-de-coco-fucsia-leque-2","status":"publish","type":"product","link":"https:\/\/olemosaic.com\/pt-pt\/produto\/taca-de-coco-fucsia-leque-2\/","title":{"rendered":"Ta\u00e7a de coco f\u00facsia. Leque. Fundo branco."},"content":{"rendered":"<p>Esta ta\u00e7a de coco f\u00facsia \u00e9 uma aut\u00eantica obra de arte que se destaca pela sua cor vibrante e pelo seu design contempor\u00e2neo, perfeito para quem procura uma recorda\u00e7\u00e3o distintiva e cultural. De design artesanal, cada pe\u00e7a apresenta um motivo decorativo distintivo de leque, que simboliza a riqueza do patrim\u00f3nio artesanal. A ta\u00e7a \u00e9 emoldurada por um mosaico de tonalidades rosa, que se combinam elegantemente com detalhes brancos, criando um efeito visual cativante que atrai o olhar.<\/p>\n<p>O seu acabamento \u00fanico, conseguido atrav\u00e9s de t\u00e9cnicas artesanais, garante que cada ta\u00e7a seja singular, tornando-a um excelente complemento decorativo ou um elegante elemento para a mesa. Esta pe\u00e7a n\u00e3o \u00e9 apenas funcional, mas tamb\u00e9m evoca o calor e a hospitalidade das tradi\u00e7\u00f5es mediterr\u00e2nicas, tornando-a uma recorda\u00e7\u00e3o representativa da cultura espanhola.<\/p>\n<p>Na Ol\u00e9 Mosaic, especializamo-nos na distribui\u00e7\u00e3o de recorda\u00e7\u00f5es por grosso, e esta ta\u00e7a de coco f\u00facsia \u00e9 uma op\u00e7\u00e3o ideal para lojas de presentes tur\u00edsticos que procuram produtos aut\u00eanticos e de qualidade. Oferecer ou adquirir esta ta\u00e7a \u00e9, sem d\u00favida, uma forma de levar um peda\u00e7o da ess\u00eancia espanhola, adequado tanto para uso di\u00e1rio como para ocasi\u00f5es especiais.<\/p>\n","protected":false},"excerpt":{"rendered":"<p>Ta\u00e7a de coco f\u00facsia, feita \u00e0 m\u00e3o, que se destaca pela sua cor vibrante e design contempor\u00e2neo. Apresenta um motivo decorativo de leque emoldurado por um mosaico de tons rosa e detalhes brancos. A t\u00e9cnica utilizada assegura um acabamento \u00fanico e artesanal, ideal para dar um toque de eleg\u00e2ncia e frescura a qualquer ambiente. Perfeita como complemento decorativo ou para usar diariamente \u00e0 mesa.<\/p>\n","protected":false},"featured_media":11742,"template":"","meta":{"_acf_changed":false},"product_brand":[],"product_cat":[513],"product_tag":[],"class_list":{"0":"post-29901","1":"product","2":"type-product","3":"status-publish","4":"has-post-thumbnail","6":"product_cat-bols","7":"pa_motivo-leques","9":"first","10":"instock","11":"shipping-taxable","12":"product-type-simple"},"acf":[],"_links":{"self":[{"href":"https:\/\/olemosaic.com\/pt-pt\/wp-json\/wp\/v2\/product\/29901","targetHints":{"allow":["GET"]}}],"collection":[{"href":"https:\/\/olemosaic.com\/pt-pt\/wp-json\/wp\/v2\/product"}],"about":[{"href":"https:\/\/olemosaic.com\/pt-pt\/wp-json\/wp\/v2\/types\/product"}],"wp:featuredmedia":[{"embeddable":true,"href":"https:\/\/olemosaic.com\/pt-pt\/wp-json\/wp\/v2\/media\/11742"}],"wp:attachment":[{"href":"https:\/\/olemosaic.com\/pt-pt\/wp-json\/wp\/v2\/media?parent=29901"}],"wp:term":[{"taxonomy":"product_brand","embeddable":true,"href":"https:\/\/olemosaic.com\/pt-pt\/wp-json\/wp\/v2\/product_brand?post=29901"},{"taxonomy":"product_cat","embeddable":true,"href":"https:\/\/olemosaic.com\/pt-pt\/wp-json\/wp\/v2\/product_cat?post=29901"},{"taxonomy":"product_tag","embeddable":true,"href":"https:\/\/olemosaic.com\/pt-pt\/wp-json\/wp\/v2\/product_tag?post=29901"}],"curies":[{"name":"wp","href":"https:\/\/api.w.org\/{rel}","templated":true}]}}