{"id":29900,"date":"2025-02-20T23:30:32","date_gmt":"2025-02-20T22:30:32","guid":{"rendered":"http:\/\/olemosaic.com\/producto\/bol-de-coco-fucsia-salamandra-tenerife-3\/"},"modified":"2025-07-25T19:36:36","modified_gmt":"2025-07-25T17:36:36","slug":"taca-de-coco-fucsia-salamandra-tenerife-3","status":"publish","type":"product","link":"https:\/\/olemosaic.com\/pt-pt\/produto\/taca-de-coco-fucsia-salamandra-tenerife-3\/","title":{"rendered":"Ta\u00e7a de coco f\u00facsia. Salamandra. Tenerife. Can\u00e1rias."},"content":{"rendered":"<p>Esta ta\u00e7a de coco f\u00facsia \u00e9 uma aut\u00eantica joia decorativa, inspirada na rica fauna de Tenerife. De design artesanal, este produto destaca-se pela sua cor f\u00facsia vibrante, que chama a aten\u00e7\u00e3o de imediato e confere um ar alegre e moderno a qualquer espa\u00e7o. O interior da ta\u00e7a apresenta um design no qual uma salamandra, emblem\u00e1tica da biodiversidade can\u00e1ria, se desenrola com gra\u00e7a, simbolizando a liga\u00e7\u00e3o \u00fanica da ilha com o seu ambiente natural. A palavra &#8220;Tenerife&#8221;, elegantemente gravada no centro, acrescenta um toque de autenticidade e torna a ta\u00e7a uma recorda\u00e7\u00e3o representativa da ilha.<\/p>\n<p>Os detalhes decorativos em forma de cora\u00e7\u00f5es que rodeiam a borda da ta\u00e7a conferem-lhe um encanto adicional, fazendo deste artigo n\u00e3o apenas um utens\u00edlio para servir aperitivos, mas tamb\u00e9m um elemento decorativo que acrescenta um toque can\u00e1rio \u00fanico a qualquer casa. O seu acabamento brilhante refletir\u00e1 a luz de maneira encantadora, tornando-a uma pe\u00e7a central em qualquer mesa.<\/p>\n<p>Ideal para aqueles turistas que procuram souvenirs de Tenerife, esta ta\u00e7a n\u00e3o s\u00f3 representa a beleza est\u00e9tica da ilha, mas tamb\u00e9m uma recorda\u00e7\u00e3o significativa da sua cultura. Na Ol\u00e9 Mosaic, como grossista de souvenirs aut\u00eanticos, oferecemos produtos como esta ta\u00e7a de coco f\u00facsia que celebram a tradi\u00e7\u00e3o e o valor cultural de cada regi\u00e3o espanhola.<\/p>\n","protected":false},"excerpt":{"rendered":"<p>Ta\u00e7a de coco f\u00facsia decorada com um design vibrante que representa uma salamandra, s\u00edmbolo da fauna de Tenerife. Esta atraente ta\u00e7a, feita \u00e0 m\u00e3o, apresenta um acabamento brilhante em tons f\u00facsia e detalhes em forma de cora\u00e7\u00f5es que real\u00e7am o seu design chamativo. A palavra &#8220;Tenerife&#8221; est\u00e1 gravada no centro, acrescentando um toque aut\u00eantico. Ideal para servir aperitivos ou como elemento decorativo, confere um toque can\u00e1rio \u00fanico a qualquer casa.<\/p>\n","protected":false},"featured_media":10230,"template":"","meta":{"_acf_changed":false},"product_brand":[],"product_cat":[513],"product_tag":[516],"class_list":{"0":"post-29900","1":"product","2":"type-product","3":"status-publish","4":"has-post-thumbnail","6":"product_cat-bols","7":"product_tag-animais","8":"pa_ciudad-tenerife","9":"pa_motivo-salamandras","10":"pa_pais-espana","12":"first","13":"instock","14":"shipping-taxable","15":"product-type-simple"},"acf":[],"_links":{"self":[{"href":"https:\/\/olemosaic.com\/pt-pt\/wp-json\/wp\/v2\/product\/29900","targetHints":{"allow":["GET"]}}],"collection":[{"href":"https:\/\/olemosaic.com\/pt-pt\/wp-json\/wp\/v2\/product"}],"about":[{"href":"https:\/\/olemosaic.com\/pt-pt\/wp-json\/wp\/v2\/types\/product"}],"wp:featuredmedia":[{"embeddable":true,"href":"https:\/\/olemosaic.com\/pt-pt\/wp-json\/wp\/v2\/media\/10230"}],"wp:attachment":[{"href":"https:\/\/olemosaic.com\/pt-pt\/wp-json\/wp\/v2\/media?parent=29900"}],"wp:term":[{"taxonomy":"product_brand","embeddable":true,"href":"https:\/\/olemosaic.com\/pt-pt\/wp-json\/wp\/v2\/product_brand?post=29900"},{"taxonomy":"product_cat","embeddable":true,"href":"https:\/\/olemosaic.com\/pt-pt\/wp-json\/wp\/v2\/product_cat?post=29900"},{"taxonomy":"product_tag","embeddable":true,"href":"https:\/\/olemosaic.com\/pt-pt\/wp-json\/wp\/v2\/product_tag?post=29900"}],"curies":[{"name":"wp","href":"https:\/\/api.w.org\/{rel}","templated":true}]}}