{"id":29899,"date":"2025-02-20T22:30:32","date_gmt":"2025-02-20T22:30:32","guid":{"rendered":"http:\/\/olemosaic.com\/producto\/bol-de-coco-fucsia-caballito-de-mar-tenerife\/"},"modified":"2025-07-25T19:02:29","modified_gmt":"2025-07-25T17:02:29","slug":"taca-de-coco-fucsia-cavalo-marinho-tenerife","status":"publish","type":"product","link":"https:\/\/olemosaic.com\/pt-pt\/produto\/taca-de-coco-fucsia-cavalo-marinho-tenerife\/","title":{"rendered":"Ta\u00e7a de coco f\u00facsia. Cavalo-marinho. Tenerife."},"content":{"rendered":"<p>Esta ta\u00e7a de coco f\u00facsia \u00e9 uma aut\u00eantica joia decorativa que capta a ess\u00eancia do oceano de Tenerife. Desenhada com um elegante cavalo-marinho, este artigo n\u00e3o \u00e9 apenas visualmente atraente, mas tamb\u00e9m simboliza a rica biodiversidade marinha das Ilhas Can\u00e1rias. O seu design vibrante apresenta um mosaico de tons f\u00facsia, criando um efeito cativante que capta a luz e confere um toque ex\u00f3tico a qualquer espa\u00e7o. O brilho dos detalhes, cuidadosamente elaborados, real\u00e7a a sua beleza e singularidade, tornando-a uma pe\u00e7a ideal tanto para servir aperitivos como para ser exibida como decora\u00e7\u00e3o na casa.<\/p>\n<p>Esta ta\u00e7a f\u00facsia representa a cultura can\u00e1ria de forma aut\u00eantica, evocando a liga\u00e7\u00e3o do arquip\u00e9lago com o mar. Perfeita para turistas e apaixonados pela decora\u00e7\u00e3o, \u00e9 uma recorda\u00e7\u00e3o que encapsula a vibrante hist\u00f3ria e tradi\u00e7\u00e3o de Tenerife, tornando-se um souvenir ideal. Na Ol\u00e9 Mosaic, somos distribuidores de souvenirs por grosso, e esta ta\u00e7a de coco \u00e9 uma excelente op\u00e7\u00e3o para lojas de presentes que procuram oferecer produtos \u00fanicos que levem consigo um peda\u00e7o da cultura can\u00e1ria. A sua combina\u00e7\u00e3o de arte e funcionalidade f\u00e1-la destacar-se, sendo uma op\u00e7\u00e3o perfeita para quem procura um souvenir distintivo e aut\u00eantico de Tenerife.<\/p>\n","protected":false},"excerpt":{"rendered":"<p>Ta\u00e7a de coco f\u00facsia decorada com um elegante cavalo-marinho, que representa a beleza do oceano em Tenerife. O seu design vibrante apresenta um mosaico de tons f\u00facsia e detalhes brilhantes que captam a luz, ideal para conferir um toque ex\u00f3tico a qualquer espa\u00e7o. Este artigo distintivo \u00e9 perfeito como elemento decorativo ou para servir aperitivos, combinando funcionalidade com um encanto est\u00e9tico que evoca a riqueza cultural das Ilhas Can\u00e1rias.<\/p>\n","protected":false},"featured_media":11928,"template":"","meta":{"_acf_changed":false},"product_brand":[],"product_cat":[513],"product_tag":[516],"class_list":{"0":"post-29899","1":"product","2":"type-product","3":"status-publish","4":"has-post-thumbnail","6":"product_cat-bols","7":"product_tag-animais","8":"pa_ciudad-tenerife","9":"pa_motivo-cavalos-marinhos","10":"pa_pais-espana","12":"first","13":"instock","14":"shipping-taxable","15":"product-type-simple"},"acf":[],"_links":{"self":[{"href":"https:\/\/olemosaic.com\/pt-pt\/wp-json\/wp\/v2\/product\/29899","targetHints":{"allow":["GET"]}}],"collection":[{"href":"https:\/\/olemosaic.com\/pt-pt\/wp-json\/wp\/v2\/product"}],"about":[{"href":"https:\/\/olemosaic.com\/pt-pt\/wp-json\/wp\/v2\/types\/product"}],"wp:featuredmedia":[{"embeddable":true,"href":"https:\/\/olemosaic.com\/pt-pt\/wp-json\/wp\/v2\/media\/11928"}],"wp:attachment":[{"href":"https:\/\/olemosaic.com\/pt-pt\/wp-json\/wp\/v2\/media?parent=29899"}],"wp:term":[{"taxonomy":"product_brand","embeddable":true,"href":"https:\/\/olemosaic.com\/pt-pt\/wp-json\/wp\/v2\/product_brand?post=29899"},{"taxonomy":"product_cat","embeddable":true,"href":"https:\/\/olemosaic.com\/pt-pt\/wp-json\/wp\/v2\/product_cat?post=29899"},{"taxonomy":"product_tag","embeddable":true,"href":"https:\/\/olemosaic.com\/pt-pt\/wp-json\/wp\/v2\/product_tag?post=29899"}],"curies":[{"name":"wp","href":"https:\/\/api.w.org\/{rel}","templated":true}]}}