{"id":29897,"date":"2025-02-20T23:30:31","date_gmt":"2025-02-20T22:30:31","guid":{"rendered":"http:\/\/olemosaic.com\/producto\/bol-de-coco-fucsia-delfin-3\/"},"modified":"2025-07-25T19:01:19","modified_gmt":"2025-07-25T17:01:19","slug":"taca-de-coco-fucsia-golfinho-3","status":"publish","type":"product","link":"https:\/\/olemosaic.com\/pt-pt\/produto\/taca-de-coco-fucsia-golfinho-3\/","title":{"rendered":"Ta\u00e7a de coco f\u00facsia. Golfinho. Padr\u00e3o de cora\u00e7\u00f5es."},"content":{"rendered":"<p>Esta ta\u00e7a f\u00facsia de coco \u00e9 uma recorda\u00e7\u00e3o vibrante e encantadora que capta a ess\u00eancia do folclore mediterr\u00e2nico. Elaborada de forma artesanal, destaca-se pela sua cor f\u00facsia intensa, que irradia alegria e modernidade, tornando-a uma pe\u00e7a ideal tanto para a decora\u00e7\u00e3o de interiores como para guardar pequenos objetos. No seu interior, um design estilizado de dois golfinhos rodeados de cora\u00e7\u00f5es em tons mais suaves acrescenta um toque l\u00fadico, evocando a vida marinha e a liga\u00e7\u00e3o cultural da regi\u00e3o com o mar. Os golfinhos, s\u00edmbolos de alegria e liberdade, representam a rica tradi\u00e7\u00e3o mar\u00edtima de muitas cidades costeiras, fazendo desta ta\u00e7a um reflexo aut\u00eantico da heran\u00e7a mediterr\u00e2nica.<\/p>\n<p>A ornamenta\u00e7\u00e3o cuidada e as cores vibrantes fazem desta ta\u00e7a uma pe\u00e7a \u00fanica que n\u00e3o s\u00f3 \u00e9 funcional, como tamb\u00e9m oferece um valor est\u00e9tico significativo, tornando-a uma recorda\u00e7\u00e3o excecional para turistas em busca de lembran\u00e7as aut\u00eanticas. Na Ol\u00e9 Mosaic, somos especialistas na distribui\u00e7\u00e3o de recorda\u00e7\u00f5es por grosso, e esta ta\u00e7a f\u00facsia de coco \u00e9 uma op\u00e7\u00e3o perfeita para lojas de presentes tur\u00edsticos que desejem oferecer produtos que combinam arte e cultura. Atraia os seus clientes com esta ta\u00e7a que encapsula a ess\u00eancia do Mediterr\u00e2neo e se destaca em qualquer cole\u00e7\u00e3o de recorda\u00e7\u00f5es.<\/p>\n","protected":false},"excerpt":{"rendered":"<p>Ta\u00e7a de coco f\u00facsia decorada com um design encantador de dois golfinhos num ambiente estilizado. Esta pe\u00e7a artesanal destaca-se pela sua cor f\u00facsia vibrante, complementada com cora\u00e7\u00f5es em tons mais suaves, que lhe conferem um toque alegre e moderno. Ideal para decora\u00e7\u00e3o ou como recipiente para objetos pequenos, esta ta\u00e7a reflete a cultura mar\u00edtima e o folclore mediterr\u00e2nico, fundindo arte e funcionalidade num s\u00f3 objeto.<\/p>\n","protected":false},"featured_media":10182,"template":"","meta":{"_acf_changed":false},"product_brand":[],"product_cat":[513],"product_tag":[516],"class_list":{"0":"post-29897","1":"product","2":"type-product","3":"status-publish","4":"has-post-thumbnail","6":"product_cat-bols","7":"product_tag-animais","8":"pa_motivo-golfinhos","10":"first","11":"instock","12":"shipping-taxable","13":"product-type-simple"},"acf":[],"_links":{"self":[{"href":"https:\/\/olemosaic.com\/pt-pt\/wp-json\/wp\/v2\/product\/29897","targetHints":{"allow":["GET"]}}],"collection":[{"href":"https:\/\/olemosaic.com\/pt-pt\/wp-json\/wp\/v2\/product"}],"about":[{"href":"https:\/\/olemosaic.com\/pt-pt\/wp-json\/wp\/v2\/types\/product"}],"wp:featuredmedia":[{"embeddable":true,"href":"https:\/\/olemosaic.com\/pt-pt\/wp-json\/wp\/v2\/media\/10182"}],"wp:attachment":[{"href":"https:\/\/olemosaic.com\/pt-pt\/wp-json\/wp\/v2\/media?parent=29897"}],"wp:term":[{"taxonomy":"product_brand","embeddable":true,"href":"https:\/\/olemosaic.com\/pt-pt\/wp-json\/wp\/v2\/product_brand?post=29897"},{"taxonomy":"product_cat","embeddable":true,"href":"https:\/\/olemosaic.com\/pt-pt\/wp-json\/wp\/v2\/product_cat?post=29897"},{"taxonomy":"product_tag","embeddable":true,"href":"https:\/\/olemosaic.com\/pt-pt\/wp-json\/wp\/v2\/product_tag?post=29897"}],"curies":[{"name":"wp","href":"https:\/\/api.w.org\/{rel}","templated":true}]}}