{"id":29850,"date":"2025-02-20T23:30:31","date_gmt":"2025-02-20T22:30:31","guid":{"rendered":"http:\/\/olemosaic.com\/producto\/bol-de-coco-fucsia-salamandra-barcelona-2\/"},"modified":"2025-07-25T20:44:31","modified_gmt":"2025-07-25T18:44:31","slug":"taca-de-coco-fucsia-salamandra-barcelona-2","status":"publish","type":"product","link":"https:\/\/olemosaic.com\/pt-pt\/produto\/taca-de-coco-fucsia-salamandra-barcelona-2\/","title":{"rendered":"Ta\u00e7a de coco f\u00facsia. Salamandra. Estilo mediterr\u00e2nico. Barcelona."},"content":{"rendered":"<p>Esta ta\u00e7a de coco f\u00facsia \u00e9 um exemplo impressionante do artesanato barcelon\u00eas, concebido para conferir um toque vibrante a qualquer casa. Fabricada em coco, destaca-se pelo seu espetacular acabamento pintado \u00e0 m\u00e3o numa cor f\u00facsia deslumbrante, que evoca a energia e o dinamismo da Cidade Condal. No centro, resplandece uma elegante salamandra, real\u00e7ada num tom dourado subtil, s\u00edmbolo de transforma\u00e7\u00e3o e renascimento, que reflete o estilo de vida criativo e colorido de Barcelona. A base da ta\u00e7a apresenta um design de mosaico que refor\u00e7a a sua liga\u00e7\u00e3o com a rica cultura local e o legado art\u00edstico da regi\u00e3o, prestando homenagem \u00e0s obras do famoso arquiteto Antoni Gaud\u00ed. Esta ta\u00e7a n\u00e3o \u00e9 apenas um objeto decorativo, mas tamb\u00e9m uma recorda\u00e7\u00e3o aut\u00eantica de Barcelona, ideal para os turistas que procuram levar um fragmento da cultura catal\u00e3 para casa. Na Ol\u00e9 Mosaic, especializamo-nos na distribui\u00e7\u00e3o de recorda\u00e7\u00f5es por grosso, oferecendo produtos \u00fanicos que celebram a autenticidade e a arte das nossas regi\u00f5es. Esta ta\u00e7a de coco \u00e9 uma excelente op\u00e7\u00e3o para lojas de presentes tur\u00edsticos que desejem oferecer artigos de qualidade e relev\u00e2ncia cultural.<\/p>\n","protected":false},"excerpt":{"rendered":"<p>Ta\u00e7a de coco f\u00facsia decorada com uma elegante salamandra, que representa o estilo de vida vibrante de Barcelona. Esta atraente ta\u00e7a, feita de coco, apresenta um design artesanal acabado, pintado \u00e0 m\u00e3o, numa cor f\u00facsia deslumbrante com detalhes dourados. No centro, a salamandra destaca-se numa cor subtil, enquanto a base mostra um design de mosaico que refor\u00e7a a sua liga\u00e7\u00e3o com a cultura local. Ideal para dar um toque de cor a qualquer casa.<\/p>\n","protected":false},"featured_media":11754,"template":"","meta":{"_acf_changed":false},"product_brand":[],"product_cat":[513],"product_tag":[516],"class_list":{"0":"post-29850","1":"product","2":"type-product","3":"status-publish","4":"has-post-thumbnail","6":"product_cat-bols","7":"product_tag-animais","8":"pa_ciudad-barcelona","9":"pa_motivo-salamandras","10":"pa_pais-espana","12":"first","13":"instock","14":"shipping-taxable","15":"product-type-simple"},"acf":[],"_links":{"self":[{"href":"https:\/\/olemosaic.com\/pt-pt\/wp-json\/wp\/v2\/product\/29850","targetHints":{"allow":["GET"]}}],"collection":[{"href":"https:\/\/olemosaic.com\/pt-pt\/wp-json\/wp\/v2\/product"}],"about":[{"href":"https:\/\/olemosaic.com\/pt-pt\/wp-json\/wp\/v2\/types\/product"}],"wp:featuredmedia":[{"embeddable":true,"href":"https:\/\/olemosaic.com\/pt-pt\/wp-json\/wp\/v2\/media\/11754"}],"wp:attachment":[{"href":"https:\/\/olemosaic.com\/pt-pt\/wp-json\/wp\/v2\/media?parent=29850"}],"wp:term":[{"taxonomy":"product_brand","embeddable":true,"href":"https:\/\/olemosaic.com\/pt-pt\/wp-json\/wp\/v2\/product_brand?post=29850"},{"taxonomy":"product_cat","embeddable":true,"href":"https:\/\/olemosaic.com\/pt-pt\/wp-json\/wp\/v2\/product_cat?post=29850"},{"taxonomy":"product_tag","embeddable":true,"href":"https:\/\/olemosaic.com\/pt-pt\/wp-json\/wp\/v2\/product_tag?post=29850"}],"curies":[{"name":"wp","href":"https:\/\/api.w.org\/{rel}","templated":true}]}}