{"id":29849,"date":"2025-02-20T23:30:31","date_gmt":"2025-02-20T22:30:31","guid":{"rendered":"http:\/\/olemosaic.com\/producto\/bol-de-coco-fucsia-delfin-mallorca-2\/"},"modified":"2025-07-25T19:00:04","modified_gmt":"2025-07-25T17:00:04","slug":"taca-de-coco-fucsia-golfinho-maiorca-2","status":"publish","type":"product","link":"https:\/\/olemosaic.com\/pt-pt\/produto\/taca-de-coco-fucsia-golfinho-maiorca-2\/","title":{"rendered":"Ta\u00e7a de coco f\u00facsia. Golfinho. Maiorca. Baleares."},"content":{"rendered":"<p>Esta ta\u00e7a de coco f\u00facsia \u00e9 uma recorda\u00e7\u00e3o requintada de Maiorca, ideal para quem procura uma recorda\u00e7\u00e3o aut\u00eantica que capture a ess\u00eancia do mar e a beleza da ilha. Elaborada com materiais naturais, a ta\u00e7a apresenta um design elegante em forma de concha, que lhe confere um toque artesanal e \u00fanico. A sua tonalidade f\u00facsia vibrante complementa-se na perfei\u00e7\u00e3o com detalhes delicados em branco que evocam as ondas do Mediterr\u00e2neo, criando uma pe\u00e7a visualmente cativante.<\/p>\n<p>No centro, um golfinho estilizado em cor de laranja destaca-se junto \u00e0 inscri\u00e7\u00e3o &#8220;Mallorca&#8221;, simbolizando a alegria e a liga\u00e7\u00e3o com o ambiente marinho da ilha. Este design n\u00e3o s\u00f3 \u00e9 atraente, como tamb\u00e9m reflete o esp\u00edrito de Maiorca, um destino celebrado pela sua beleza natural e pela sua rica vida marinha. Com o seu estilo vers\u00e1til, esta ta\u00e7a serve tanto para uso decorativo como funcional, permitindo que as recorda\u00e7\u00f5es da ilha se integrem perfeitamente em qualquer casa.<\/p>\n<p>Na Ol\u00e9 Mosaic, orgulhamo-nos de oferecer recorda\u00e7\u00f5es distintivas de Maiorca, ideais para lojas de presentes tur\u00edsticos que procuram produtos com autenticidade e liga\u00e7\u00e3o cultural. Esta ta\u00e7a de coco f\u00facsia \u00e9 uma magn\u00edfica op\u00e7\u00e3o para quem deseja levar um peda\u00e7o da ilha, tornando-se um excelente referente do patrim\u00f3nio maiorchino e um presente apreciado por turistas de todo o mundo.<\/p>\n","protected":false},"excerpt":{"rendered":"<p>Ta\u00e7a de coco f\u00facsia decorada com um elegante design de golfinho, que evoca a ess\u00eancia marinha de Maiorca. Este produto, elaborado com materiais naturais, apresenta um acabamento em forma de concha, real\u00e7ando a sua tonalidade f\u00facsia com detalhes brancos que recordam as ondas do mar. No centro, um golfinho estilizado em cor de laranja ilumina-se com a inscri\u00e7\u00e3o &#8220;Mallorca&#8221;, resultando numa pe\u00e7a perfeita tanto para decorar como para usar diariamente.<\/p>\n","protected":false},"featured_media":11892,"template":"","meta":{"_acf_changed":false},"product_brand":[],"product_cat":[513],"product_tag":[516],"class_list":{"0":"post-29849","1":"product","2":"type-product","3":"status-publish","4":"has-post-thumbnail","6":"product_cat-bols","7":"product_tag-animais","8":"pa_ciudad-mallorca","9":"pa_motivo-golfinhos","10":"pa_pais-espana","12":"first","13":"instock","14":"shipping-taxable","15":"product-type-simple"},"acf":[],"_links":{"self":[{"href":"https:\/\/olemosaic.com\/pt-pt\/wp-json\/wp\/v2\/product\/29849","targetHints":{"allow":["GET"]}}],"collection":[{"href":"https:\/\/olemosaic.com\/pt-pt\/wp-json\/wp\/v2\/product"}],"about":[{"href":"https:\/\/olemosaic.com\/pt-pt\/wp-json\/wp\/v2\/types\/product"}],"wp:featuredmedia":[{"embeddable":true,"href":"https:\/\/olemosaic.com\/pt-pt\/wp-json\/wp\/v2\/media\/11892"}],"wp:attachment":[{"href":"https:\/\/olemosaic.com\/pt-pt\/wp-json\/wp\/v2\/media?parent=29849"}],"wp:term":[{"taxonomy":"product_brand","embeddable":true,"href":"https:\/\/olemosaic.com\/pt-pt\/wp-json\/wp\/v2\/product_brand?post=29849"},{"taxonomy":"product_cat","embeddable":true,"href":"https:\/\/olemosaic.com\/pt-pt\/wp-json\/wp\/v2\/product_cat?post=29849"},{"taxonomy":"product_tag","embeddable":true,"href":"https:\/\/olemosaic.com\/pt-pt\/wp-json\/wp\/v2\/product_tag?post=29849"}],"curies":[{"name":"wp","href":"https:\/\/api.w.org\/{rel}","templated":true}]}}