{"id":29791,"date":"2025-02-20T23:30:30","date_gmt":"2025-02-20T22:30:30","guid":{"rendered":"http:\/\/olemosaic.com\/producto\/bol-de-coco-fucsia-isla-mallorca-2\/"},"modified":"2025-07-25T20:30:41","modified_gmt":"2025-07-25T18:30:41","slug":"taca-de-coco-fucsia-ilha-maiorca-2","status":"publish","type":"product","link":"https:\/\/olemosaic.com\/pt-pt\/produto\/taca-de-coco-fucsia-ilha-maiorca-2\/","title":{"rendered":"Ta\u00e7a de coco f\u00facsia. Ilha. Maiorca. Balear."},"content":{"rendered":"<p>Esta ta\u00e7a de coco f\u00facsia \u00e9 um aut\u00eantico tesouro artesanal que captura a ess\u00eancia vibrante da ilha de Maiorca. Com um acabamento brilhante num atraente tom f\u00facsia, esta ta\u00e7a n\u00e3o s\u00f3 \u00e9 funcional, como tamb\u00e9m atua como uma pe\u00e7a decorativa que alegrar\u00e1 qualquer canto da casa. O design destaca-se pela sua borda adornada com cora\u00e7\u00f5es delicados, que simbolizam o amor e o calor da cultura maiorquina. No centro, um mapa de Maiorca pintado \u00e0 m\u00e3o oferece um toque \u00fanico que real\u00e7a o car\u00e1cter insular do produto.<\/p>\n<p>Fabricada com coco, cada ta\u00e7a apresenta varia\u00e7\u00f5es e detalhes distintivos alcan\u00e7ados atrav\u00e9s de uma t\u00e9cnica artesanal de pintura, o que garante que cada pe\u00e7a seja singular. Este souvenir n\u00e3o \u00e9 apenas um artigo decorativo, mas uma representa\u00e7\u00e3o tang\u00edvel das vibrantes tradi\u00e7\u00f5es de Maiorca, o que o torna um presente perfeito para quem deseja levar um pedacinho da ilha para casa. Na Ol\u00e9 Mosaic, especializamo-nos na distribui\u00e7\u00e3o de souvenirs t\u00edpicos, e esta ta\u00e7a de coco f\u00facsia \u00e9 uma op\u00e7\u00e3o ideal para lojas de presentes tur\u00edsticos que procuram produtos aut\u00eanticos e chamativos, reafirmando a sua relev\u00e2ncia cultural e o seu apelo como souvenir de Maiorca.<\/p>\n","protected":false},"excerpt":{"rendered":"<p>Ta\u00e7a de coco f\u00facsia, decorada com um design vibrante que representa a ilha de Maiorca. Esta atraente ta\u00e7a, com acabamento brilhante em f\u00facsia, apresenta cora\u00e7\u00f5es ao redor da borda e um mapa de Maiorca pintado no centro. Fabricada em coco, este souvenir artesanal destaca-se pela sua t\u00e9cnica de design artesanal, pintado \u00e0 m\u00e3o, o que confere um toque \u00fanico a cada pe\u00e7a. Ideal para dar um toque de cor a qualquer lar.<\/p>\n","protected":false},"featured_media":10198,"template":"","meta":{"_acf_changed":false},"product_brand":[],"product_cat":[513],"product_tag":[],"class_list":{"0":"post-29791","1":"product","2":"type-product","3":"status-publish","4":"has-post-thumbnail","6":"product_cat-bols","7":"pa_ciudad-mallorca","8":"pa_motivo-ilhas","9":"pa_pais-espana","11":"first","12":"instock","13":"shipping-taxable","14":"product-type-simple"},"acf":[],"_links":{"self":[{"href":"https:\/\/olemosaic.com\/pt-pt\/wp-json\/wp\/v2\/product\/29791","targetHints":{"allow":["GET"]}}],"collection":[{"href":"https:\/\/olemosaic.com\/pt-pt\/wp-json\/wp\/v2\/product"}],"about":[{"href":"https:\/\/olemosaic.com\/pt-pt\/wp-json\/wp\/v2\/types\/product"}],"wp:featuredmedia":[{"embeddable":true,"href":"https:\/\/olemosaic.com\/pt-pt\/wp-json\/wp\/v2\/media\/10198"}],"wp:attachment":[{"href":"https:\/\/olemosaic.com\/pt-pt\/wp-json\/wp\/v2\/media?parent=29791"}],"wp:term":[{"taxonomy":"product_brand","embeddable":true,"href":"https:\/\/olemosaic.com\/pt-pt\/wp-json\/wp\/v2\/product_brand?post=29791"},{"taxonomy":"product_cat","embeddable":true,"href":"https:\/\/olemosaic.com\/pt-pt\/wp-json\/wp\/v2\/product_cat?post=29791"},{"taxonomy":"product_tag","embeddable":true,"href":"https:\/\/olemosaic.com\/pt-pt\/wp-json\/wp\/v2\/product_tag?post=29791"}],"curies":[{"name":"wp","href":"https:\/\/api.w.org\/{rel}","templated":true}]}}