{"id":29789,"date":"2025-02-20T23:30:29","date_gmt":"2025-02-20T22:30:29","guid":{"rendered":"http:\/\/olemosaic.com\/producto\/bol-de-coco-fucsia-tortuga-barcelona\/"},"modified":"2025-07-25T20:16:42","modified_gmt":"2025-07-25T18:16:42","slug":"taca-de-coco-fucsia-tartaruga-barcelona","status":"publish","type":"product","link":"https:\/\/olemosaic.com\/pt-pt\/produto\/taca-de-coco-fucsia-tartaruga-barcelona\/","title":{"rendered":"Ta\u00e7a de coco f\u00facsia. Tartaruga. Barcelona."},"content":{"rendered":"<p>Esta ta\u00e7a de coco f\u00facsia \u00e9 um aut\u00eantico reflexo da vitalidade e do esp\u00edrito festivo de Barcelona. Com um design pintado \u00e0 m\u00e3o, apresenta no seu centro uma graciosa tartaruga, rodeada por um encantador padr\u00e3o de cora\u00e7\u00f5es que adiciona um toque de alegria \u00e0 pe\u00e7a. A sua cor f\u00facsia real\u00e7a o seu apelo e torna-a uma op\u00e7\u00e3o ideal tanto como elemento decorativo como funcional, perfeito para guardar pequenos objetos ou simplesmente como uma obra de arte em qualquer divis\u00e3o.<\/p>\n<p>O artesanato por tr\u00e1s desta recorda\u00e7\u00e3o mostra o compromisso de capturar a ess\u00eancia da cultura catal\u00e3, fundindo t\u00e9cnicas tradicionais com um estilo contempor\u00e2neo. Cada ta\u00e7a \u00e9 \u00fanica, o que garante que quem a adquira leve consigo uma recorda\u00e7\u00e3o genu\u00edna da sua visita a esta vibrante cidade. Al\u00e9m disso, a tartaruga, s\u00edmbolo de longevidade e sabedoria, oferece uma liga\u00e7\u00e3o cultural que ressoa com quem procura uma representa\u00e7\u00e3o aut\u00eantica de Barcelona.<\/p>\n<p>A Ol\u00e9 Mosaic especializa-se na distribui\u00e7\u00e3o de recorda\u00e7\u00f5es por grosso, e esta ta\u00e7a de coco f\u00facsia apresenta-se como uma excelente op\u00e7\u00e3o para lojas de presentes tur\u00edsticos. Ofere\u00e7a aos seus clientes este produto exclusivo, um verdadeiro emblema da criatividade e cultura de Barcelona, que sem d\u00favida encantar\u00e1 quem procura recorda\u00e7\u00f5es significativas e coloridas.<\/p>\n","protected":false},"excerpt":{"rendered":"<p>Ta\u00e7a de coco f\u00facsia com um design colorido e vibrante, ideal como recorda\u00e7\u00e3o de Barcelona. Este artigo apresenta uma tartaruga no centro, rodeada por um padr\u00e3o de cora\u00e7\u00f5es, tudo com design artesanal, pintado \u00e0 m\u00e3o. A intensa tonalidade f\u00facsia evoca o ambiente alegre e festivo da cidade, tornando-a uma pe\u00e7a decorativa e funcional. Perfeita para guardar pequenos objetos ou como elemento decorativo em qualquer divis\u00e3o.<\/p>\n","protected":false},"featured_media":10278,"template":"","meta":{"_acf_changed":false},"product_brand":[],"product_cat":[513],"product_tag":[516],"class_list":{"0":"post-29789","1":"product","2":"type-product","3":"status-publish","4":"has-post-thumbnail","6":"product_cat-bols","7":"product_tag-animais","8":"pa_ciudad-barcelona","9":"pa_motivo-tartarugas","10":"pa_pais-espana","12":"first","13":"instock","14":"shipping-taxable","15":"product-type-simple"},"acf":[],"_links":{"self":[{"href":"https:\/\/olemosaic.com\/pt-pt\/wp-json\/wp\/v2\/product\/29789","targetHints":{"allow":["GET"]}}],"collection":[{"href":"https:\/\/olemosaic.com\/pt-pt\/wp-json\/wp\/v2\/product"}],"about":[{"href":"https:\/\/olemosaic.com\/pt-pt\/wp-json\/wp\/v2\/types\/product"}],"wp:featuredmedia":[{"embeddable":true,"href":"https:\/\/olemosaic.com\/pt-pt\/wp-json\/wp\/v2\/media\/10278"}],"wp:attachment":[{"href":"https:\/\/olemosaic.com\/pt-pt\/wp-json\/wp\/v2\/media?parent=29789"}],"wp:term":[{"taxonomy":"product_brand","embeddable":true,"href":"https:\/\/olemosaic.com\/pt-pt\/wp-json\/wp\/v2\/product_brand?post=29789"},{"taxonomy":"product_cat","embeddable":true,"href":"https:\/\/olemosaic.com\/pt-pt\/wp-json\/wp\/v2\/product_cat?post=29789"},{"taxonomy":"product_tag","embeddable":true,"href":"https:\/\/olemosaic.com\/pt-pt\/wp-json\/wp\/v2\/product_tag?post=29789"}],"curies":[{"name":"wp","href":"https:\/\/api.w.org\/{rel}","templated":true}]}}