{"id":29746,"date":"2025-02-20T22:30:28","date_gmt":"2025-02-20T22:30:28","guid":{"rendered":"http:\/\/olemosaic.com\/producto\/bol-de-coco-fucsia-camino-de-santiago\/"},"modified":"2025-07-25T18:45:37","modified_gmt":"2025-07-25T16:45:37","slug":"taca-de-coco-fucsia-caminho-de-santiago","status":"publish","type":"product","link":"https:\/\/olemosaic.com\/pt-pt\/produto\/taca-de-coco-fucsia-caminho-de-santiago\/","title":{"rendered":"Ta\u00e7a de coco f\u00facsia. Caminho de Santiago."},"content":{"rendered":"<p>Esta ta\u00e7a de coco f\u00facsia decorada \u00e9 uma recorda\u00e7\u00e3o encantadora inspirada no emblem\u00e1tico Caminho de Santiago, ideal para quem procura uma pe\u00e7a significativa da sua peregrina\u00e7\u00e3o. O seu design vibrante em tons f\u00facsia destaca-se com um motivo central que apresenta a tradicional concha de Santiago, s\u00edmbolo da peregrina\u00e7\u00e3o, e a inscri\u00e7\u00e3o &#8220;Camino de Santiago&#8221;, que evoca a espiritualidade e a hist\u00f3ria desta m\u00edstica rota. A superf\u00edcie da ta\u00e7a brilha intensamente, enquanto os detalhes em forma de cora\u00e7\u00f5es acrescentam um toque festivo e acolhedor, tornando-a uma pe\u00e7a decorativa ideal para qualquer casa.<\/p>\n<p>Esta ta\u00e7a n\u00e3o s\u00f3 \u00e9 um acess\u00f3rio pr\u00e1tico, que pode ser utilizado para servir alimentos ou como elemento decorativo, como tamb\u00e9m representa a profunda liga\u00e7\u00e3o cultural entre a tradi\u00e7\u00e3o do Caminho e o seu significado espiritual. Concebida para atrair turistas e peregrinos, esta ta\u00e7a de coco f\u00facsia \u00e9 uma recorda\u00e7\u00e3o aut\u00eantica que captura o esp\u00edrito de aventura e autodescoberta do Caminho de Santiago. Na Ol\u00e9 Mosaic, orgulhamo-nos de oferecer este tipo de souvenirs por grosso que refletem a riqueza cultural de Espanha, tornando-a uma excelente op\u00e7\u00e3o para as lojas de presentes tur\u00edsticos que procuram produtos \u00fanicos e de qualidade. Como grossistas de souvenirs, garantimos autenticidade e design em cada pe\u00e7a, tornando a sua compra um investimento seguro em recorda\u00e7\u00f5es inesquec\u00edveis.<\/p>\n","protected":false},"excerpt":{"rendered":"<p>Ta\u00e7a de coco f\u00facsia decorada, inspirada no famoso Caminho de Santiago. Esta ta\u00e7a chamativa apresenta um design vibrante em tons f\u00facsia, com um motivo central que inclui a tradicional concha de Santiago e a inscri\u00e7\u00e3o &#8220;Camino de Santiago&#8221;. A sua superf\u00edcie brilhante e os detalhes em forma de cora\u00e7\u00f5es conferem-lhe um toque festivo, tornando-a uma recorda\u00e7\u00e3o perfeita desta emblem\u00e1tica rota. Ideal para decora\u00e7\u00e3o ou como acess\u00f3rio pr\u00e1tico.<\/p>\n","protected":false},"featured_media":10210,"template":"","meta":{"_acf_changed":false},"product_brand":[],"product_cat":[513],"product_tag":[],"class_list":{"0":"post-29746","1":"product","2":"type-product","3":"status-publish","4":"has-post-thumbnail","6":"product_cat-bols","7":"pa_motivo-caminho-de-santiago","9":"first","10":"instock","11":"shipping-taxable","12":"product-type-simple"},"acf":[],"_links":{"self":[{"href":"https:\/\/olemosaic.com\/pt-pt\/wp-json\/wp\/v2\/product\/29746","targetHints":{"allow":["GET"]}}],"collection":[{"href":"https:\/\/olemosaic.com\/pt-pt\/wp-json\/wp\/v2\/product"}],"about":[{"href":"https:\/\/olemosaic.com\/pt-pt\/wp-json\/wp\/v2\/types\/product"}],"wp:featuredmedia":[{"embeddable":true,"href":"https:\/\/olemosaic.com\/pt-pt\/wp-json\/wp\/v2\/media\/10210"}],"wp:attachment":[{"href":"https:\/\/olemosaic.com\/pt-pt\/wp-json\/wp\/v2\/media?parent=29746"}],"wp:term":[{"taxonomy":"product_brand","embeddable":true,"href":"https:\/\/olemosaic.com\/pt-pt\/wp-json\/wp\/v2\/product_brand?post=29746"},{"taxonomy":"product_cat","embeddable":true,"href":"https:\/\/olemosaic.com\/pt-pt\/wp-json\/wp\/v2\/product_cat?post=29746"},{"taxonomy":"product_tag","embeddable":true,"href":"https:\/\/olemosaic.com\/pt-pt\/wp-json\/wp\/v2\/product_tag?post=29746"}],"curies":[{"name":"wp","href":"https:\/\/api.w.org\/{rel}","templated":true}]}}