{"id":29742,"date":"2025-02-20T22:30:28","date_gmt":"2025-02-20T22:30:28","guid":{"rendered":"http:\/\/olemosaic.com\/producto\/bol-de-coco-fucsia-tortuga-mallorca\/"},"modified":"2025-07-25T20:36:47","modified_gmt":"2025-07-25T18:36:47","slug":"taca-de-coco-fucsia-tartaruga-maiorca","status":"publish","type":"product","link":"https:\/\/olemosaic.com\/pt-pt\/produto\/taca-de-coco-fucsia-tartaruga-maiorca\/","title":{"rendered":"Ta\u00e7a de coco f\u00facsia. Tartaruga. Maiorca."},"content":{"rendered":"<p>Esta ta\u00e7a f\u00facsia de coco, decorada com uma linda tartaruga, \u00e9 uma pe\u00e7a singular que captura a ess\u00eancia da beleza natural de Maiorca. O seu interior, em tons vibrantes de f\u00facsia real\u00e7ados por detalhes intrincados de mosaico, reflete a rica cultura balear e a arte da cer\u00e2mica mediterr\u00e2nica. No centro da ta\u00e7a, uma delicada ilustra\u00e7\u00e3o de uma tartaruga, s\u00edmbolo da vida marinha, acrescenta um toque especial e \u00fanico que encantar\u00e1 os amantes da natureza e do design.<\/p>\n<p>O acabamento de coco n\u00e3o s\u00f3 confere autenticidade, mas tamb\u00e9m um contraste fascinante com o interior colorido, tornando esta ta\u00e7a um elemento decorativo atraente para qualquer canto da casa. A inscri\u00e7\u00e3o &#8220;MALLORCA&#8221; na ta\u00e7a refor\u00e7a a sua liga\u00e7\u00e3o cultural, recordando aos seus propriet\u00e1rios a magia desta emblem\u00e1tica ilha mediterr\u00e2nica.<\/p>\n<p>Perfeita como souvenir, esta ta\u00e7a f\u00facsia \u00e9 ideal para os turistas que procuram uma recorda\u00e7\u00e3o representativa da sua visita a Maiorca, evocando o encanto e a calma das suas costas. Na Ol\u00e9 Mosaic, como grossista de souvenirs, oferecemos produtos aut\u00eanticos e de qualidade que representam a tradi\u00e7\u00e3o e a arte das regi\u00f5es que os inspiram. Esta ta\u00e7a \u00e9 uma excelente op\u00e7\u00e3o para as lojas de presentes tur\u00edsticos que desejem oferecer aos seus clientes um pedacinho da cultura balear.<\/p>\n","protected":false},"excerpt":{"rendered":"<p>Ta\u00e7a de coco f\u00facsia decorada com uma linda tartaruga, inspirada na beleza natural de Maiorca. Esta ta\u00e7a original apresenta um interior vanguardista em tons f\u00facsia, com detalhes em mosaico que refletem a rica cultura balear. A tartaruga, representada no centro, acrescenta um toque distintivo, enquanto a base de coco proporciona um acabamento aut\u00eantico. Um souvenir perfeito que evoca o encanto do Mediterr\u00e2neo e \u00e9 ideal para qualquer canto da sua casa.<\/p>\n","protected":false},"featured_media":11786,"template":"","meta":{"_acf_changed":false},"product_brand":[],"product_cat":[513],"product_tag":[516],"class_list":{"0":"post-29742","1":"product","2":"type-product","3":"status-publish","4":"has-post-thumbnail","6":"product_cat-bols","7":"product_tag-animais","8":"pa_ciudad-mallorca","9":"pa_motivo-tartarugas","10":"pa_pais-espana","12":"first","13":"instock","14":"shipping-taxable","15":"product-type-simple"},"acf":[],"_links":{"self":[{"href":"https:\/\/olemosaic.com\/pt-pt\/wp-json\/wp\/v2\/product\/29742","targetHints":{"allow":["GET"]}}],"collection":[{"href":"https:\/\/olemosaic.com\/pt-pt\/wp-json\/wp\/v2\/product"}],"about":[{"href":"https:\/\/olemosaic.com\/pt-pt\/wp-json\/wp\/v2\/types\/product"}],"wp:featuredmedia":[{"embeddable":true,"href":"https:\/\/olemosaic.com\/pt-pt\/wp-json\/wp\/v2\/media\/11786"}],"wp:attachment":[{"href":"https:\/\/olemosaic.com\/pt-pt\/wp-json\/wp\/v2\/media?parent=29742"}],"wp:term":[{"taxonomy":"product_brand","embeddable":true,"href":"https:\/\/olemosaic.com\/pt-pt\/wp-json\/wp\/v2\/product_brand?post=29742"},{"taxonomy":"product_cat","embeddable":true,"href":"https:\/\/olemosaic.com\/pt-pt\/wp-json\/wp\/v2\/product_cat?post=29742"},{"taxonomy":"product_tag","embeddable":true,"href":"https:\/\/olemosaic.com\/pt-pt\/wp-json\/wp\/v2\/product_tag?post=29742"}],"curies":[{"name":"wp","href":"https:\/\/api.w.org\/{rel}","templated":true}]}}