{"id":29726,"date":"2025-02-20T22:30:28","date_gmt":"2025-02-20T22:30:28","guid":{"rendered":"http:\/\/olemosaic.com\/producto\/bol-de-coco-fucsia-tortuga-tenerife\/"},"modified":"2025-07-25T19:11:22","modified_gmt":"2025-07-25T17:11:22","slug":"taca-de-coco-fucsia-tartaruga-tenerife","status":"publish","type":"product","link":"https:\/\/olemosaic.com\/pt-pt\/produto\/taca-de-coco-fucsia-tartaruga-tenerife\/","title":{"rendered":"Ta\u00e7a de coco f\u00facsia. Tartaruga. Tenerife."},"content":{"rendered":"<p>Esta ta\u00e7a de coco f\u00facsia, decorada com uma elegante tartaruga, \u00e9 um souvenir \u00fanico que representa o encanto natural de Tenerife. O seu design destaca-se por um acabamento brilhante em tons f\u00facsia, que sobressai sobre o fundo branco, criando um atrativo contraste visual. A forma org\u00e2nica da ta\u00e7a, ic\u00f3nica e estilizada, \u00e9 complementada por um cativante motivo de tartaruga num sofisticado acabamento dourado, que n\u00e3o s\u00f3 embeleza a pe\u00e7a, como tamb\u00e9m simboliza a rica biodiversidade das Ilhas Can\u00e1rias.<\/p>\n<p>Esta ta\u00e7a \u00e9 ideal tanto como pe\u00e7a decorativa, para real\u00e7ar qualquer espa\u00e7o, como para o seu uso pr\u00e1tico \u00e0 mesa, conferindo um toque insular \u00fanico a refei\u00e7\u00f5es e celebra\u00e7\u00f5es. A sua liga\u00e7\u00e3o cultural com Tenerife \u00e9 evidente na representa\u00e7\u00e3o da tartaruga, um s\u00edmbolo da vida marinha que habita nas suas costas, tornando a ta\u00e7a numa aut\u00eantica representa\u00e7\u00e3o do patrim\u00f3nio natural can\u00e1rio.<\/p>\n<p>Na Ol\u00e9 Mosaic, especializamo-nos na distribui\u00e7\u00e3o de souvenirs por grosso, oferecendo artigos que capturam a ess\u00eancia local. Esta ta\u00e7a de coco \u00e9 uma excelente op\u00e7\u00e3o para lojas de presentes tur\u00edsticos que procuram oferecer produtos distintivos e de qualidade, proporcionando aos turistas uma recorda\u00e7\u00e3o aut\u00eantica da sua visita a Tenerife. Como grossista de produtos de artesanato, garantimos autenticidade e exclusividade em cada pe\u00e7a.<\/p>\n","protected":false},"excerpt":{"rendered":"<p>Ta\u00e7a de coco f\u00facsia, decorada com um atrativo design de tartaruga, origin\u00e1rio de Tenerife. Esta ta\u00e7a exclusiva apresenta um acabamento brilhante com motivos f\u00facsia e um elegante fundo branco que real\u00e7a a sua forma org\u00e2nica. No centro, destaca-se uma ilustra\u00e7\u00e3o de uma tartaruga com um acabamento dourado que lhe confere um toque distintivo. Perfeita como pe\u00e7a decorativa ou para usar \u00e0 mesa, captura a ess\u00eancia natural das Ilhas Can\u00e1rias.<\/p>\n","protected":false},"featured_media":11936,"template":"","meta":{"_acf_changed":false},"product_brand":[],"product_cat":[513],"product_tag":[516],"class_list":{"0":"post-29726","1":"product","2":"type-product","3":"status-publish","4":"has-post-thumbnail","6":"product_cat-bols","7":"product_tag-animais","8":"pa_ciudad-tenerife","9":"pa_motivo-tartarugas","10":"pa_pais-espana","12":"first","13":"instock","14":"shipping-taxable","15":"product-type-simple"},"acf":[],"_links":{"self":[{"href":"https:\/\/olemosaic.com\/pt-pt\/wp-json\/wp\/v2\/product\/29726","targetHints":{"allow":["GET"]}}],"collection":[{"href":"https:\/\/olemosaic.com\/pt-pt\/wp-json\/wp\/v2\/product"}],"about":[{"href":"https:\/\/olemosaic.com\/pt-pt\/wp-json\/wp\/v2\/types\/product"}],"wp:featuredmedia":[{"embeddable":true,"href":"https:\/\/olemosaic.com\/pt-pt\/wp-json\/wp\/v2\/media\/11936"}],"wp:attachment":[{"href":"https:\/\/olemosaic.com\/pt-pt\/wp-json\/wp\/v2\/media?parent=29726"}],"wp:term":[{"taxonomy":"product_brand","embeddable":true,"href":"https:\/\/olemosaic.com\/pt-pt\/wp-json\/wp\/v2\/product_brand?post=29726"},{"taxonomy":"product_cat","embeddable":true,"href":"https:\/\/olemosaic.com\/pt-pt\/wp-json\/wp\/v2\/product_cat?post=29726"},{"taxonomy":"product_tag","embeddable":true,"href":"https:\/\/olemosaic.com\/pt-pt\/wp-json\/wp\/v2\/product_tag?post=29726"}],"curies":[{"name":"wp","href":"https:\/\/api.w.org\/{rel}","templated":true}]}}