{"id":29725,"date":"2025-02-20T22:30:27","date_gmt":"2025-02-20T22:30:27","guid":{"rendered":"http:\/\/olemosaic.com\/producto\/bol-de-coco-fucsia-delfin-menorca\/"},"modified":"2025-07-25T18:34:22","modified_gmt":"2025-07-25T16:34:22","slug":"taca-de-coco-fucsia-golfinho-menorca","status":"publish","type":"product","link":"https:\/\/olemosaic.com\/pt-pt\/produto\/taca-de-coco-fucsia-golfinho-menorca\/","title":{"rendered":"Ta\u00e7a de coco f\u00facsia. Golfinho. Menorca."},"content":{"rendered":"<p>Esta ta\u00e7a de coco f\u00facsia, decorada com um encantador golfinho, \u00e9 uma joia artesanal que captura a ess\u00eancia de Menorca e a sua rica biodiversidade marinha. Elaborada a partir de casca de coco, este produto combina funcionalidade com arte, apresentando um vibrante design em tons f\u00facsia que evoca as praias virgens da ilha. A cena central, que mostra um golfinho estilizado, simboliza a beleza natural do ambiente marinho menorquino e destaca-se sobre um fundo brilhante que real\u00e7a a sua figura, criando um contraste \u00fanico e atrativo.<\/p>\n<p>Os detalhes em mosaico conferem um toque de textura e sofistica\u00e7\u00e3o, tornando esta ta\u00e7a n\u00e3o apenas uma pe\u00e7a decorativa excecional, mas tamb\u00e9m um utens\u00edlio vers\u00e1til para servir alimentos ou como centro de mesa. O seu tamanho ideal torna-a perfeita para exibir em qualquer espa\u00e7o, seja numa casa contempor\u00e2nea ou num ambiente mais tradicional.<\/p>\n<p>Este produto n\u00e3o representa apenas um objeto decorativo, mas tamb\u00e9m uma aut\u00eantica recorda\u00e7\u00e3o de Menorca, ideal para turistas que procuram levar uma lembran\u00e7a significativa da sua viagem. Na Ol\u00e9 Mosaic, somos distribuidores de souvenirs por grosso e esta ta\u00e7a \u00e9 uma excelente op\u00e7\u00e3o para lojas de presentes tur\u00edsticos que valorizam a autenticidade e a liga\u00e7\u00e3o cultural nos seus produtos. Com esta ta\u00e7a de coco, os visitantes de Menorca poder\u00e3o recordar a rica heran\u00e7a cultural e hist\u00f3rica da ilha em cada utiliza\u00e7\u00e3o.<\/p>\n","protected":false},"excerpt":{"rendered":"<p>Ta\u00e7a de coco f\u00facsia decorada com um encantador golfinho, que representa a beleza natural de Menorca. Este objeto \u00e9 elaborado com casca de coco e apresenta um vibrante design em tons f\u00facsia com detalhes de mosaico. A cena do golfinho, que simboliza a riqueza marinha da ilha, destaca-se sobre um fundo brilhante, criando um contraste \u00fanico e atrativo. Perfeita como pe\u00e7a decorativa ou para usar \u00e0 mesa, esta ta\u00e7a combina funcionalidade e arte.<\/p>\n","protected":false},"featured_media":11912,"template":"","meta":{"_acf_changed":false},"product_brand":[],"product_cat":[513],"product_tag":[516],"class_list":{"0":"post-29725","1":"product","2":"type-product","3":"status-publish","4":"has-post-thumbnail","6":"product_cat-bols","7":"product_tag-animais","8":"pa_ciudad-menorca","9":"pa_motivo-golfinhos","10":"pa_pais-espana","12":"first","13":"instock","14":"shipping-taxable","15":"product-type-simple"},"acf":[],"_links":{"self":[{"href":"https:\/\/olemosaic.com\/pt-pt\/wp-json\/wp\/v2\/product\/29725","targetHints":{"allow":["GET"]}}],"collection":[{"href":"https:\/\/olemosaic.com\/pt-pt\/wp-json\/wp\/v2\/product"}],"about":[{"href":"https:\/\/olemosaic.com\/pt-pt\/wp-json\/wp\/v2\/types\/product"}],"wp:featuredmedia":[{"embeddable":true,"href":"https:\/\/olemosaic.com\/pt-pt\/wp-json\/wp\/v2\/media\/11912"}],"wp:attachment":[{"href":"https:\/\/olemosaic.com\/pt-pt\/wp-json\/wp\/v2\/media?parent=29725"}],"wp:term":[{"taxonomy":"product_brand","embeddable":true,"href":"https:\/\/olemosaic.com\/pt-pt\/wp-json\/wp\/v2\/product_brand?post=29725"},{"taxonomy":"product_cat","embeddable":true,"href":"https:\/\/olemosaic.com\/pt-pt\/wp-json\/wp\/v2\/product_cat?post=29725"},{"taxonomy":"product_tag","embeddable":true,"href":"https:\/\/olemosaic.com\/pt-pt\/wp-json\/wp\/v2\/product_tag?post=29725"}],"curies":[{"name":"wp","href":"https:\/\/api.w.org\/{rel}","templated":true}]}}