{"id":29724,"date":"2025-02-20T23:30:27","date_gmt":"2025-02-20T22:30:27","guid":{"rendered":"http:\/\/olemosaic.com\/producto\/bol-de-coco-fucsia-caballito-de-mar\/"},"modified":"2025-07-25T20:04:37","modified_gmt":"2025-07-25T18:04:37","slug":"taca-de-coco-fucsia-cavalo-marinho","status":"publish","type":"product","link":"https:\/\/olemosaic.com\/pt-pt\/produto\/taca-de-coco-fucsia-cavalo-marinho\/","title":{"rendered":"Ta\u00e7a de coco f\u00facsia. Cavalo-marinho."},"content":{"rendered":"<p>Esta ta\u00e7a de coco f\u00facsia, decorada com um encantador cavalo-marinho, \u00e9 uma pe\u00e7a distintiva que captura a ess\u00eancia vibrante da costa mediterr\u00e2nica. Elaborada artesanalmente, \u00e9 uma aut\u00eantica joia decorativa, ideal tanto para servir aperitivos como para embelezar qualquer canto da casa. O seu design caracteriza-se por mosaicos em tons f\u00facsia que, juntamente com a delicada ilustra\u00e7\u00e3o do cavalo-marinho no centro, criam um contraste precioso sobre um fundo claro, real\u00e7ando o seu brilho e colorido. Esta ta\u00e7a n\u00e3o s\u00f3 \u00e9 funcional, como tamb\u00e9m convida a evocar paisagens marinhas e a riqueza da flora e fauna costeira.<\/p>\n<p>A liga\u00e7\u00e3o cultural com o mar \u00e9 claramente real\u00e7ada, uma vez que o cavalo-marinho simboliza tanto a beleza natural como a biodiversidade do ambiente mar\u00edtimo. Sendo um souvenir representativo, reflete a autenticidade da arte decorativa espanhola e o seu apre\u00e7o pelo ambiente marinho. Esta ta\u00e7a torna-se uma recorda\u00e7\u00e3o perfeita para aqueles que procuram imortalizar a sua experi\u00eancia na costa.<\/p>\n<p>Na Ol\u00e9 Mosaic, somos distribuidores de souvenirs por grosso e oferecemos produtos \u00fanicos que celebram as tradi\u00e7\u00f5es e a beleza de Espanha. Esta ta\u00e7a de coco f\u00facsia \u00e9 uma op\u00e7\u00e3o excecional para lojas de presentes tur\u00edsticos que desejem oferecer recorda\u00e7\u00f5es aut\u00eanticas e cativantes, ideais para turistas que procuram souvenirs que reflitam a magia do mar.<\/p>\n","protected":false},"excerpt":{"rendered":"<p>Ta\u00e7a de coco f\u00facsia decorada com um encantador cavalo-marinho. Esta elegante ta\u00e7a apresenta um design com mosaicos em tons f\u00facsia e uma delicada ilustra\u00e7\u00e3o do cavalo-marinho no centro, que se destaca sobre um fundo claro. Fabricada com material de coco, o seu acabamento brilhante e colorido acrescenta um toque vibrante e tropical a qualquer espa\u00e7o. Ideal como objeto decorativo ou para servir aperitivos, esta ta\u00e7a \u00e9 uma recorda\u00e7\u00e3o perfeita da beleza do mar.<\/p>\n","protected":false},"featured_media":11840,"template":"","meta":{"_acf_changed":false},"product_brand":[],"product_cat":[513],"product_tag":[516],"class_list":{"0":"post-29724","1":"product","2":"type-product","3":"status-publish","4":"has-post-thumbnail","6":"product_cat-bols","7":"product_tag-animais","8":"pa_motivo-cavalos-marinhos","10":"first","11":"instock","12":"shipping-taxable","13":"product-type-simple"},"acf":[],"_links":{"self":[{"href":"https:\/\/olemosaic.com\/pt-pt\/wp-json\/wp\/v2\/product\/29724","targetHints":{"allow":["GET"]}}],"collection":[{"href":"https:\/\/olemosaic.com\/pt-pt\/wp-json\/wp\/v2\/product"}],"about":[{"href":"https:\/\/olemosaic.com\/pt-pt\/wp-json\/wp\/v2\/types\/product"}],"wp:featuredmedia":[{"embeddable":true,"href":"https:\/\/olemosaic.com\/pt-pt\/wp-json\/wp\/v2\/media\/11840"}],"wp:attachment":[{"href":"https:\/\/olemosaic.com\/pt-pt\/wp-json\/wp\/v2\/media?parent=29724"}],"wp:term":[{"taxonomy":"product_brand","embeddable":true,"href":"https:\/\/olemosaic.com\/pt-pt\/wp-json\/wp\/v2\/product_brand?post=29724"},{"taxonomy":"product_cat","embeddable":true,"href":"https:\/\/olemosaic.com\/pt-pt\/wp-json\/wp\/v2\/product_cat?post=29724"},{"taxonomy":"product_tag","embeddable":true,"href":"https:\/\/olemosaic.com\/pt-pt\/wp-json\/wp\/v2\/product_tag?post=29724"}],"curies":[{"name":"wp","href":"https:\/\/api.w.org\/{rel}","templated":true}]}}