{"id":29723,"date":"2025-02-20T23:30:27","date_gmt":"2025-02-20T22:30:27","guid":{"rendered":"http:\/\/olemosaic.com\/producto\/bol-de-coco-fucsia-caballito-de-mar-mallorca-2\/"},"modified":"2025-07-25T20:34:03","modified_gmt":"2025-07-25T18:34:03","slug":"taca-de-coco-fucsia-cavalo-marinho-maiorca-2","status":"publish","type":"product","link":"https:\/\/olemosaic.com\/pt-pt\/produto\/taca-de-coco-fucsia-cavalo-marinho-maiorca-2\/","title":{"rendered":"Ta\u00e7a de coco f\u00facsia. Cavalo-marinho. Maiorca. Balear."},"content":{"rendered":"<p>Esta ta\u00e7a de coco f\u00facsia, decorada com um encantador cavalo-marinho, \u00e9 uma joia artesanal que evoca a espl\u00eandida beleza de Maiorca. Elaborada com t\u00e9cnicas tradicionais, esta ta\u00e7a destaca-se pelo seu vibrante acabamento f\u00facsia, que real\u00e7a o cavalo-marinho dourado, s\u00edmbolo da vida marinha mediterr\u00e2nica. Com um design \u00fanico, a combina\u00e7\u00e3o de cores e a forma org\u00e2nica desta ta\u00e7a tornam-na uma pe\u00e7a decorativa ideal para conferir um toque fresco e mediterr\u00e2nico a qualquer casa. Os detalhes do cavalo-marinho s\u00e3o meticulosamente trabalhados, equilibrando um estilo moderno com a autenticidade dos motivos tradicionais da regi\u00e3o.<\/p>\n<p>Este artigo n\u00e3o s\u00f3 \u00e9 perfeito para quem procura adicionar um elemento decorativo ao seu espa\u00e7o, como tamb\u00e9m \u00e9 uma recorda\u00e7\u00e3o significativa das costas de Maiorca. Os turistas e colecionadores apreciar\u00e3o o seu valor cultural, pois reflete a arte local e a rica biodiversidade marinha que caracteriza esta bela ilha. Na Ol\u00e9 Mosaic, especialistas na distribui\u00e7\u00e3o de souvenirs por grosso, oferecemos esta ta\u00e7a de coco f\u00facsia como uma excelente op\u00e7\u00e3o para lojas de presentes tur\u00edsticos que procuram produtos aut\u00eanticos e com uma forte componente cultural. Esta ta\u00e7a n\u00e3o \u00e9 apenas um souvenir de Maiorca, mas tamb\u00e9m uma homenagem ao artesanato local e um presente perfeito para quem procura levar um peda\u00e7o do Mediterr\u00e2neo consigo.<\/p>\n","protected":false},"excerpt":{"rendered":"<p>Ta\u00e7a de coco f\u00facsia decorada com um encantador cavalo-marinho, inspirado na beleza de Maiorca. Esta elegante ta\u00e7a apresenta um design \u00fanico com um acabamento f\u00facsia que real\u00e7a os detalhes dourados do cavalo-marinho. A sua t\u00e9cnica artesanal combina um toque moderno com motivos tradicionais, oferecendo uma pe\u00e7a decorativa ideal para adicionar um toque mediterr\u00e2nico a qualquer casa. Perfeita para colecionadores e amantes da arte local.<\/p>\n","protected":false},"featured_media":11888,"template":"","meta":{"_acf_changed":false},"product_brand":[],"product_cat":[513],"product_tag":[516],"class_list":{"0":"post-29723","1":"product","2":"type-product","3":"status-publish","4":"has-post-thumbnail","6":"product_cat-bols","7":"product_tag-animais","8":"pa_ciudad-mallorca","9":"pa_motivo-cavalos-marinhos","10":"pa_pais-espana","12":"first","13":"instock","14":"shipping-taxable","15":"product-type-simple"},"acf":[],"_links":{"self":[{"href":"https:\/\/olemosaic.com\/pt-pt\/wp-json\/wp\/v2\/product\/29723","targetHints":{"allow":["GET"]}}],"collection":[{"href":"https:\/\/olemosaic.com\/pt-pt\/wp-json\/wp\/v2\/product"}],"about":[{"href":"https:\/\/olemosaic.com\/pt-pt\/wp-json\/wp\/v2\/types\/product"}],"wp:featuredmedia":[{"embeddable":true,"href":"https:\/\/olemosaic.com\/pt-pt\/wp-json\/wp\/v2\/media\/11888"}],"wp:attachment":[{"href":"https:\/\/olemosaic.com\/pt-pt\/wp-json\/wp\/v2\/media?parent=29723"}],"wp:term":[{"taxonomy":"product_brand","embeddable":true,"href":"https:\/\/olemosaic.com\/pt-pt\/wp-json\/wp\/v2\/product_brand?post=29723"},{"taxonomy":"product_cat","embeddable":true,"href":"https:\/\/olemosaic.com\/pt-pt\/wp-json\/wp\/v2\/product_cat?post=29723"},{"taxonomy":"product_tag","embeddable":true,"href":"https:\/\/olemosaic.com\/pt-pt\/wp-json\/wp\/v2\/product_tag?post=29723"}],"curies":[{"name":"wp","href":"https:\/\/api.w.org\/{rel}","templated":true}]}}