{"id":29684,"date":"2025-02-20T23:30:26","date_gmt":"2025-02-20T22:30:26","guid":{"rendered":"http:\/\/olemosaic.com\/producto\/bol-de-coco-fucsia-caballito-de-mar-barcelona-2\/"},"modified":"2025-07-25T20:25:24","modified_gmt":"2025-07-25T18:25:24","slug":"taca-de-coco-fucsia-cavalo-marinho-barcelona-2","status":"publish","type":"product","link":"https:\/\/olemosaic.com\/pt-pt\/produto\/taca-de-coco-fucsia-cavalo-marinho-barcelona-2\/","title":{"rendered":"Ta\u00e7a de coco f\u00facsia. Cavalo-marinho. Estilo mediterr\u00e2nico. Barcelona. Espanha."},"content":{"rendered":"<p>Esta ta\u00e7a de coco f\u00facsia decorada com um cavalo-marinho \u00e9 um aut\u00eantico tesouro artesanal que captura a ess\u00eancia costeira de Barcelona. Com um design vibrante, esta pe\u00e7a destaca-se pela sua base de coco meticulosamente trabalhada e efeito pintado \u00e0 m\u00e3o, que exibe tons f\u00facsia em manchas que evocam a diversidade crom\u00e1tica do mar Mediterr\u00e2neo. A est\u00e9tica da ta\u00e7a \u00e9 audaz e elegante ao mesmo tempo, o que a torna um ponto focal perfeito para qualquer espa\u00e7o.<\/p>\n<p>No seu interior, emerge um delicado design do cavalo-marinho, que simboliza a fauna marinha da costa catal\u00e3, enquanto um texto impresso com a palavra &#8220;Barcelona&#8221; acrescenta um toque de autenticidade a esta lembran\u00e7a. Esta ta\u00e7a n\u00e3o s\u00f3 \u00e9 funcional como recipiente decorativo, mas tamb\u00e9m atua como uma recorda\u00e7\u00e3o vibrante da beleza e do ambiente mediterr\u00e2nico da cidade.<\/p>\n<p>Perfeita para quem procura lembran\u00e7as de Barcelona que representem a cultura e o patrim\u00f3nio da regi\u00e3o, esta ta\u00e7a de coco f\u00facsia \u00e9 um presente ideal tanto para turistas como para locais. Na Ol\u00e9 Mosaic, como distribuidores de lembran\u00e7as por grosso, oferecemos produtos aut\u00eanticos que destacam o artesanato e o design espanhol, e esta ta\u00e7a \u00e9 uma escolha excecional para lojas de presentes tur\u00edsticos que desejam oferecer recorda\u00e7\u00f5es aut\u00eanticas e significativas aos seus clientes.<\/p>\n","protected":false},"excerpt":{"rendered":"<p>Ta\u00e7a de coco f\u00facsia decorada com um cavalo-marinho, que representa a ess\u00eancia costeira de Barcelona. Esta atraente ta\u00e7a tem uma base de coco trabalhada e design artesanal, pintado \u00e0 m\u00e3o, com manchas f\u00facsia que evocam o mar Mediterr\u00e2neo. No seu interior, um delicado design do cavalo-marinho \u00e9 complementado pela inscri\u00e7\u00e3o &#8220;Barcelona&#8221;, tornando-a uma recorda\u00e7\u00e3o perfeita e vibrante da beleza da cidade.<\/p>\n","protected":false},"featured_media":11868,"template":"","meta":{"_acf_changed":false},"product_brand":[],"product_cat":[513],"product_tag":[516],"class_list":{"0":"post-29684","1":"product","2":"type-product","3":"status-publish","4":"has-post-thumbnail","6":"product_cat-bols","7":"product_tag-animais","8":"pa_ciudad-barcelona","9":"pa_motivo-cavalos-marinhos","10":"pa_pais-espana","12":"first","13":"instock","14":"shipping-taxable","15":"product-type-simple"},"acf":[],"_links":{"self":[{"href":"https:\/\/olemosaic.com\/pt-pt\/wp-json\/wp\/v2\/product\/29684","targetHints":{"allow":["GET"]}}],"collection":[{"href":"https:\/\/olemosaic.com\/pt-pt\/wp-json\/wp\/v2\/product"}],"about":[{"href":"https:\/\/olemosaic.com\/pt-pt\/wp-json\/wp\/v2\/types\/product"}],"wp:featuredmedia":[{"embeddable":true,"href":"https:\/\/olemosaic.com\/pt-pt\/wp-json\/wp\/v2\/media\/11868"}],"wp:attachment":[{"href":"https:\/\/olemosaic.com\/pt-pt\/wp-json\/wp\/v2\/media?parent=29684"}],"wp:term":[{"taxonomy":"product_brand","embeddable":true,"href":"https:\/\/olemosaic.com\/pt-pt\/wp-json\/wp\/v2\/product_brand?post=29684"},{"taxonomy":"product_cat","embeddable":true,"href":"https:\/\/olemosaic.com\/pt-pt\/wp-json\/wp\/v2\/product_cat?post=29684"},{"taxonomy":"product_tag","embeddable":true,"href":"https:\/\/olemosaic.com\/pt-pt\/wp-json\/wp\/v2\/product_tag?post=29684"}],"curies":[{"name":"wp","href":"https:\/\/api.w.org\/{rel}","templated":true}]}}